{"id":651,"date":"2026-03-13T18:13:15","date_gmt":"2026-03-13T17:13:15","guid":{"rendered":"https:\/\/www.svensk-indiskaagape-missionen.se\/?page_id=651"},"modified":"2026-03-13T18:24:04","modified_gmt":"2026-03-13T17:24:04","slug":"nyhetsbrev-mars-2026","status":"publish","type":"page","link":"https:\/\/www.svensk-indiskaagape-missionen.se\/index.php\/nyheter\/nyhetsbrev-mars-2026\/","title":{"rendered":"Nyhetsbrev Mars 2026"},"content":{"rendered":"<div class=\"elementToProof\">K\u00e4ra V\u00e4nner!<\/div>\n<div class=\"elementToProof\">&nbsp;<\/div>\n<div class=\"elementToProof\">Bifogar Nyhetsbrev f\u00f6r mars 2026 fr\u00e5n Agape, Indien.<\/div>\n<div class=\"elementToProof\">V\u00e4lkomna till \u00c5rsm\u00f6te 22\/3 kl 10:00 i Vrigstad.<\/div>\n<div class=\"elementToProof\">&nbsp;<\/div>\n<div class=\"elementToProof\">Tack f\u00f6r allt ni g\u00f6r och gjort.<\/div>\n<div class=\"elementToProof\">&nbsp;<\/div>\n<div class=\"elementToProof\">H\u00e4lsningar<\/div>\n<div class=\"elementToProof\">Jan Klehn<\/div>\n<div>Till Nyhetsbrevet <a href=\"http:\/\/www.svensk-indiskaagape-missionen.se\/wp-content\/uploads\/2026\/03\/Mars-2026.pdf\" target=\"_blank\" rel=\"noopener\">Mars 2026<\/a><\/div>\n","protected":false},"excerpt":{"rendered":"<p>K\u00e4ra V\u00e4nner! &nbsp; Bifogar Nyhetsbrev f\u00f6r mars 2026 fr\u00e5n Agape, Indien. V\u00e4lkomna till \u00c5rsm\u00f6te 22\/3 kl 10:00 i Vrigstad. &nbsp; Tack f\u00f6r allt ni g\u00f6r och gjort. &nbsp; H\u00e4lsningar Jan Klehn Till Nyhetsbrevet Mars 2026<\/p>\n","protected":false},"author":1,"featured_media":0,"parent":32,"menu_order":0,"comment_status":"closed","ping_status":"closed","template":"","meta":{"ngg_post_thumbnail":0,"footnotes":""},"class_list":["post-651","page","type-page","status-publish","hentry"],"_links":{"self":[{"href":"https:\/\/www.svensk-indiskaagape-missionen.se\/index.php\/wp-json\/wp\/v2\/pages\/651","targetHints":{"allow":["GET"]}}],"collection":[{"href":"https:\/\/www.svensk-indiskaagape-missionen.se\/index.php\/wp-json\/wp\/v2\/pages"}],"about":[{"href":"https:\/\/www.svensk-indiskaagape-missionen.se\/index.php\/wp-json\/wp\/v2\/types\/page"}],"author":[{"embeddable":true,"href":"https:\/\/www.svensk-indiskaagape-missionen.se\/index.php\/wp-json\/wp\/v2\/users\/1"}],"replies":[{"embeddable":true,"href":"https:\/\/www.svensk-indiskaagape-missionen.se\/index.php\/wp-json\/wp\/v2\/comments?post=651"}],"version-history":[{"count":2,"href":"https:\/\/www.svensk-indiskaagape-missionen.se\/index.php\/wp-json\/wp\/v2\/pages\/651\/revisions"}],"predecessor-version":[{"id":655,"href":"https:\/\/www.svensk-indiskaagape-missionen.se\/index.php\/wp-json\/wp\/v2\/pages\/651\/revisions\/655"}],"up":[{"embeddable":true,"href":"https:\/\/www.svensk-indiskaagape-missionen.se\/index.php\/wp-json\/wp\/v2\/pages\/32"}],"wp:attachment":[{"href":"https:\/\/www.svensk-indiskaagape-missionen.se\/index.php\/wp-json\/wp\/v2\/media?parent=651"}],"curies":[{"name":"wp","href":"https:\/\/api.w.org\/{rel}","templated":true}]}}