{"id":67,"date":"2016-03-12T08:23:05","date_gmt":"2016-03-12T07:23:05","guid":{"rendered":"http:\/\/www.svensk-indiskaagape-missionen.se\/?page_id=67"},"modified":"2020-09-06T10:24:05","modified_gmt":"2020-09-06T08:24:05","slug":"nyhetsbrev-mars-2016","status":"publish","type":"page","link":"http:\/\/www.svensk-indiskaagape-missionen.se\/index.php\/arkiv\/arkiv-2016\/nyhetsbrev-mars-2016\/","title":{"rendered":"Nyhetsbrev mars 2016"},"content":{"rendered":"<p><strong>AGAPE NYHETSBREV MARS 2016<\/strong><\/p>\n<p>K\u00e4ra v\u00e4nner till AGAPE Indien!<\/p>\n<p>Herren har talat till mig fr\u00e5n Psaltaren 11:3<\/p>\n<p><em>N\u00e4r grundvalarna raseras, vad kan den r\u00e4ttf\u00e4rdige g\u00f6ra?<\/em><\/p>\n<p>Vilka \u00e4r grundvalarna som raserats och f\u00f6rst\u00f6rts dessa dagar?<\/p>\n<p>F\u00f6rst grunden f\u00f6r v\u00e5r tro som attackeras fr\u00e5n alla h\u00e5ll. Det tycks som att inget undg\u00e5r oss. Vad kan d\u00e5 vi som tror p\u00e5 Kristus, r\u00e4ttf\u00e4rdiga, g\u00f6ra? Fundera p\u00e5 det.<\/p>\n<p>Det andra \u00e4r grundl\u00e4ggande familjev\u00e4rderingar. V\u00e5ra familjer \u00e4r m\u00e5l f\u00f6r den onde som anv\u00e4nder alla tillg\u00e4ngliga medel. V\u00e4rderingarna faller s\u00f6nder. K\u00e4rlek, \u00f6mhet och respekt f\u00f6rsvinner. Hur kan vi bevara familjerna. Inse detta och ge akt p\u00e5 tiden.<\/p>\n<p>F\u00f6r det tredje t\u00e4nker jag p\u00e5 grunden f\u00f6r v\u00e5r gemenskap i kyrkor och f\u00f6rsamlingar. Gudstj\u00e4nster, tillbedjan och tid f\u00f6r b\u00f6n, bibell\u00e4sning och v\u00e5r gemenskap med varandra har n\u00e4stan f\u00f6rsvunnit. Vi har ingen tid f\u00f6r varandra, ingen tid i veckorna f\u00f6r att samlas f\u00f6r b\u00f6n, studera Ordet, vittna f\u00f6r andra eller uppmuntra varandra i tron.<\/p>\n<p>Det finns inte tid att bes\u00f6ka sjuka, ensamma, svaga, f\u00f6r\u00e4ldral\u00f6sa och \u00e4nkor, fattiga och andra beh\u00f6vande. Vi \u00e4r f\u00f6r upptagna eller bryr oss inte. Varf\u00f6r skulle vi inte samlas ofta, s\u00e5 ofta som m\u00f6jligt. Kanske varje dag, vecka eller m\u00e5nad? Eller r\u00e4cker det att bara samlas till en gudstj\u00e4nst i veckan p\u00e5 s\u00f6ndagen?<\/p>\n<p>Vad vore r\u00e4tt att g\u00f6ra?<\/p>\n<p><strong>\u00c5nger! <\/strong>Verklig \u00e5nger hj\u00e4lper oss att bygga upp grunden f\u00f6r tron, familjerna och gemenskapen. L\u00e5t oss \u00e5ngra v\u00e5ra synder och allt vi missat som orsakat en s\u00e5dan f\u00f6rvirring i v\u00e5r tro, v\u00e5ra familjer och v\u00e5r gemenskap.<\/p>\n<p><strong>\u00c5terv\u00e4nda! <\/strong>Om vi \u00f6nskar att v\u00e5r tro, v\u00e5ra familjer och v\u00e5r gemenskap ska \u00e5teruppbyggas, m\u00e5ste vi \u00e5terv\u00e4nda till platsen d\u00e4r Herren f\u00f6rst m\u00f6tte oss. L\u00e5t oss g\u00e5 tillbaka till platsen f\u00f6r b\u00f6n, gemenskap, k\u00e4rlek och andliga v\u00e4rden, enhet och vittnesb\u00f6rd. Det inneb\u00e4r att \u00e4ra och uppskatta andra mer \u00e4n oss sj\u00e4lva.<\/p>\n<p><strong>\u00c5teruppr\u00e4tta. <\/strong>Vi m\u00e5ste f\u00f6rl\u00e5ta och uppr\u00e4tta vad som kan \u00e5teruppr\u00e4ttas. Vi har alla missat v\u00e5rt m\u00e5l, vi har s\u00e5rat andra och blivit s\u00e5rade. D\u00e4rf\u00f6r beh\u00f6ver vi s\u00f6ka f\u00f6rl\u00e5telse hos dem som vi medvetet eller omedvetet s\u00e5rat samt f\u00f6rl\u00e5ta dem som s\u00e5rat oss. Alla beh\u00f6ver vi Jesu renande blod och hans n\u00e5d. Vi m\u00e5ste visa Jesu k\u00e4rlek, Agape-k\u00e4leken.<\/p>\n<p>Jo, vi kan bygga upp grunderna ingen f\u00f6r v\u00e5r tro, familjer och gemenskapen. M\u00e5 Jesus, v\u00e5r Herre, hj\u00e4lpa oss med detta. Amen!<\/p>\n<p>Nu n\u00e5gra nyheter fr\u00e5n v\u00e5ra olika AGAPE projekt:<\/p>\n<h1>AGAPE MISSION SCHOOL<\/h1>\n<p>Skolan nu tj\u00e4nat under 25 \u00e5r f\u00f6r befolkningen i Rishikesh. M\u00e5let och visionen \u00e4r att barnen ska f\u00e5 kvalitativ utbildning men ocks\u00e5 l\u00e4ra k\u00e4nna Jesu k\u00e4rlek. Vi tackar Gud att m\u00e5nga kommit och ber\u00e4ttat om v\u00e4lsignelser de f\u00e5tt under de m\u00e5nga \u00e5r skolan funnits.<\/p>\n<p><strong>Den nya akademiska delen. <\/strong>Vi tackar Gud f\u00f6r allt han gett oss. N\u00e4r vi beh\u00f6vde flera klassrum och ett kapell att samlas i, tackar vi Honom att han gjorde det m\u00f6jligt f\u00f6r oss att bli f\u00e4rdiga f\u00f6r invigning till den 14 oktober 2015. Den nya delen har blivit en stor v\u00e4lsignelse f\u00f6r hela skolan.<\/p>\n<p>Under mars m\u00e5nad \u00e4r 38 elever klara f\u00f6r \u201dAll India\u201d examen. Vi tackar Herren som l\u00e5tit oss forma deras liv under s\u00e5 m\u00e5nga \u00e5r. Och nu har tiden kommit f\u00f6r dem att ta steget ut i livet och sprida ljuset. Be f\u00f6r dessa ungdomar!<\/p>\n<p>&nbsp;<\/p>\n<h1>PREM PATHSHALA<\/h1>\n<p>\u00c4ven f\u00f6r elever p\u00e5 Prem Pathshala \u00e4r det snart tid f\u00f6r avslutning. N\u00e4sta termin startar fr\u00e5n och med april. Tanken \u00e4r att l\u00e5ngsamt f\u00f6ra in engelska medium m\u00f6nstret i utbildningen f\u00f6r barnen p\u00e5 skolan. \u00c4ven om detta inneb\u00e4r m\u00e5nga utmaningar \u00e4r det inte om\u00f6jligt. Skolan har hj\u00e4lpt de mest beh\u00f6vande och minst priviligierade barnen och t\u00e4nker forts\u00e4tta s\u00e5.<\/p>\n<p>Be att vi kan forts\u00e4tta sprida Agape-k\u00e4rleken som hittills.<\/p>\n<p><strong>BIDS Ministry, skolan och arbetet i Bareth. <\/strong><\/p>\n<p>Skolan d\u00e4r, som betj\u00e4nar fem byar och 167 elever i bergen, v\u00e4xer dag f\u00f6r dag.<\/p>\n<p><strong>H\u00e4lso- och tandv\u00e5rd<\/strong> ordnades i ett l\u00e4ger f\u00f6r inv\u00e5narna i Bareth och byarna d\u00e4romkring, som under l\u00e5ng tid beg\u00e4rt att f\u00e5 v\u00e5rdcentral. Det medicinska l\u00e4gret blev d\u00e4rf\u00f6r en stor v\u00e4lsignelse f\u00f6r m\u00e4nniskorna d\u00e4r. En liten flicka som f\u00e5tt tuberkulos fr\u00e5n sin farfar har lidit, men fick sin diagnos och s\u00e4ndes iv\u00e4g f\u00f6r fortsatt behandling.<\/p>\n<p>Varje k\u00e4rleksfull handling f\u00f6r oss n\u00e4rmare hj\u00e4rtat p\u00e5 folket d\u00e4ruppe.<\/p>\n<p><strong>\u00c4ven ett l\u00e4ger f\u00f6r mammor <\/strong>som har barn i v\u00e5r skola d\u00e4r har genomf\u00f6rts. Kvinnorna i bergen utg\u00f6r ryggraden i samh\u00e4llet d\u00e4r. Vi fick chans att tr\u00e4ffa dem f\u00f6r \u00f6verl\u00e4ggningar och samtal. Mammorna \u00f6ppnade sina hj\u00e4rtan f\u00f6r att dela sina bekymmer med oss. Be att vi kan forts\u00e4tta leda dem n\u00e4rmare Guds k\u00e4rlek. <strong>Ungt L\u00e4rjungaskap<\/strong> har arrangerats f\u00f6r Ungdomsgruppen i Bareth. Dessa unga m\u00e4n leddes genom en kurs i \u00e4mnet \u201dVi \u00e4r en ny generation\u201d och fick l\u00e4ra sig mycket om att vara nya skapelser i Kristus. N\u00e5gra av dem \u00e4r ivriga att v\u00e4xa in i djupare l\u00e4rjungaskap.<\/p>\n<h1>AGAPESKOLORNAS BARNOMSORG<\/h1>\n<p>\u00c4r ett allomfattande barnomsorgscenter som ger en stor m\u00f6jlighet att n\u00e5 280 familjer regelbundet med Jesu k\u00e4rlek. Inte endast barnen f\u00e5r hj\u00e4lp, deras familjer ber\u00f6rs ocks\u00e5 av k\u00e4rleksfull omsorg. Om det finns m\u00e5nga ber\u00e4ttelser:<\/p>\n<p><em>En s\u00e5dan ber\u00e4ttelse r\u00f6r en flicka p\u00e5 14 \u00e5r, Aashika. Vi uppt\u00e4ckte att hennes mamma var besatt av demoner som pl\u00e5gade henne sv\u00e5rt. Hela familjen led av detta. Men vi bad tillsammans f\u00f6r henne och Herren l\u00f6ste henne. Nu v\u00e4xer hela familjen i sin tro. Forts\u00e4tt att be f\u00f6r dem.<\/em><\/p>\n<p>Deepanshu \u00e4r en pojke som tror p\u00e5 b\u00f6nens kraft. Hans tv\u00e5 \u00e5r gamla syster har problem med benen och kan inte g\u00e5. Han ber\u00e4ttade f\u00f6r sin familj om b\u00f6nens kraft. Nu kommer familjen till v\u00e5r gemenskap och f\u00f6rv\u00e4ntar sig ett under. Be att flickan ska bli botad.<\/p>\n<h1>EVANGELISKA ARBETET<\/h1>\n<p>Agapes medarbetare g\u00f6r sitt b\u00e4sta f\u00f6r att sprida de goda nyheterna samt hj\u00e4lpa m\u00e4nniskor, fylla deras behov och lindra deras problem.<\/p>\n<p>Anoop Samuel, v\u00e5r koordinator f\u00f6r arbetet delar f\u00f6ljande:<\/p>\n<p><em>\u201dEn dag n\u00e4r jag delade de goda nyheterna gen\u00f6m litteratur i byn Garighaat tr\u00e4ffade jag smederna Iqbal och Ravinder. De ber\u00e4ttade att deras familjer levde i hoppl\u00f6shet och modl\u00f6shet. N\u00e4r jag fr\u00e5gade om orsaken f\u00f6rklarade de att var barnl\u00f6sa efter m\u00e5nga \u00e5rs \u00e4ktenskap. De gjorde allt f\u00f6r att f\u00e5 barn, bland annat med h\u00e4xdoktorer utan framg\u00e5ng. Ravinder funderade p\u00e5 att skilja sig och gifta sig med en ny kvinna.<\/em><\/p>\n<p><em>I den situationen f\u00f6rde Gud min fru och mig i kontakt med m\u00e4nnen. Vi bad ocks\u00e5 tillsammans med dem och f\u00f6rs\u00e4krade att om de trodde p\u00e5 Jesu skapande kraft skulle de v\u00e4lsignas med barn. Och Gud bel\u00f6nade deras tro och drygt nio m\u00e5nader senare fick b\u00e5da familjerna underbara barn. Detta var ett otroligt under f\u00f6r dessa. Gud blev pl\u00f6tslig verklig och visade sin m\u00e4ktiga kraft f\u00f6r dem. Jesus f\u00f6rvandlade deras skamliga situation och gav dem sin gl\u00e4dje och frid.\u201d<\/em><\/p>\n<p>H\u00e4ndelsen blev v\u00e4ndpunkten f\u00f6r dem och de l\u00e4mnade sina liv till Jesus Kristus. Idag \u00e4r familjerna aktiva medlemmar i en levande gemenskap. Gud v\u00e4lsignade Iqbal med tv\u00e5 underbara barn och Ravinder fick en son. All \u00e4ra till Gud.<\/p>\n<p><strong>Gemenskapen i Dehra Dun, Rishikesh<\/strong> och andra orter v\u00e4xer genom Guds n\u00e5d. Antalet som deltar i samlingarna \u00f6kar och m\u00e4nniskor blir helade och andligt v\u00e4lsignade.<\/p>\n<p>Tack f\u00f6r era f\u00f6rb\u00f6ner och st\u00f6d. Forts\u00e4tt att be f\u00f6r det p\u00e5g\u00e5ende AGAPE arbetet i norra Indien. Med \u00f6nskan om seger och Jesu uppst\u00e5ndelsekraft,<\/p>\n<h2>Er broder i Kristus. <em>Vachan<\/em><\/h2>\n<p>&nbsp;<\/p>\n<p>&nbsp;<\/p>\n<p><strong>Ordf\u00f6rande: <\/strong>Tomas Fredholm<br \/>\n<strong><u>tomfred@telia.com<\/u><\/strong><br \/>\nKaspers V\u00e4g 12<br \/>\n565 94 Sandhem<br \/>\nTel: 0515-760422<\/p>\n<p><strong>Kass\u00f6r: <\/strong>Ann-Marie Carlzon<br \/>\n<strong><u>carlzon@outlook.com<\/u><\/strong><br \/>\nBj\u00f6rs\u00e4ters-Qvarntorp 1<br \/>\n542 95 Mariestad<br \/>\nTel: 0501-341 47<\/p>\n<p><strong>Direktor: <\/strong>Vachan S. Bhandari<br \/>\n<strong><u>agapeindia@gmail.com<\/u><\/strong><br \/>\n173-C Raipur Road, Kishanpur<br \/>\nP.O Rajpur, Dehra Dun,<br \/>\nU.A 248009 INDIA<\/p>\n<p><a href=\"http:\/\/www.svensk-indiskaagape-missionen.se\/\"><strong>www.svensk-indiskaagape-missionen.se<\/strong><br \/>\n<\/a> <strong>Plusgiro: 655797-9,<br \/>\nBankgiro: 735-2388<\/strong><\/p>\n<p>&nbsp;<\/p>\n","protected":false},"excerpt":{"rendered":"<p>AGAPE NYHETSBREV MARS 2016 K\u00e4ra v\u00e4nner till AGAPE Indien! Herren har talat till mig fr\u00e5n Psaltaren 11:3 N\u00e4r grundvalarna raseras, vad kan den r\u00e4ttf\u00e4rdige g\u00f6ra? Vilka \u00e4r grundvalarna som raserats och f\u00f6rst\u00f6rts dessa dagar? F\u00f6rst grunden f\u00f6r v\u00e5r tro som attackeras fr\u00e5n alla h\u00e5ll. Det tycks som att inget undg\u00e5r oss. Vad kan d\u00e5 vi &hellip; <a href=\"http:\/\/www.svensk-indiskaagape-missionen.se\/index.php\/arkiv\/arkiv-2016\/nyhetsbrev-mars-2016\/\" class=\"more-link\">Forts\u00e4tt l\u00e4sa <span class=\"screen-reader-text\">Nyhetsbrev mars 2016<\/span> <span class=\"meta-nav\">&rarr;<\/span><\/a><\/p>\n","protected":false},"author":1,"featured_media":0,"parent":439,"menu_order":0,"comment_status":"closed","ping_status":"closed","template":"page-templates\/full-width.php","meta":{"ngg_post_thumbnail":0,"footnotes":""},"class_list":["post-67","page","type-page","status-publish","hentry"],"_links":{"self":[{"href":"http:\/\/www.svensk-indiskaagape-missionen.se\/index.php\/wp-json\/wp\/v2\/pages\/67","targetHints":{"allow":["GET"]}}],"collection":[{"href":"http:\/\/www.svensk-indiskaagape-missionen.se\/index.php\/wp-json\/wp\/v2\/pages"}],"about":[{"href":"http:\/\/www.svensk-indiskaagape-missionen.se\/index.php\/wp-json\/wp\/v2\/types\/page"}],"author":[{"embeddable":true,"href":"http:\/\/www.svensk-indiskaagape-missionen.se\/index.php\/wp-json\/wp\/v2\/users\/1"}],"replies":[{"embeddable":true,"href":"http:\/\/www.svensk-indiskaagape-missionen.se\/index.php\/wp-json\/wp\/v2\/comments?post=67"}],"version-history":[{"count":1,"href":"http:\/\/www.svensk-indiskaagape-missionen.se\/index.php\/wp-json\/wp\/v2\/pages\/67\/revisions"}],"predecessor-version":[{"id":68,"href":"http:\/\/www.svensk-indiskaagape-missionen.se\/index.php\/wp-json\/wp\/v2\/pages\/67\/revisions\/68"}],"up":[{"embeddable":true,"href":"http:\/\/www.svensk-indiskaagape-missionen.se\/index.php\/wp-json\/wp\/v2\/pages\/439"}],"wp:attachment":[{"href":"http:\/\/www.svensk-indiskaagape-missionen.se\/index.php\/wp-json\/wp\/v2\/media?parent=67"}],"curies":[{"name":"wp","href":"https:\/\/api.w.org\/{rel}","templated":true}]}}