{"id":636,"date":"2025-11-25T17:23:45","date_gmt":"2025-11-25T16:23:45","guid":{"rendered":"https:\/\/www.svensk-indiskaagape-missionen.se\/?page_id=636"},"modified":"2025-11-25T17:26:41","modified_gmt":"2025-11-25T16:26:41","slug":"julen-2025","status":"publish","type":"page","link":"http:\/\/www.svensk-indiskaagape-missionen.se\/index.php\/nyheter\/julen-2025\/","title":{"rendered":"Julen 2025"},"content":{"rendered":"<div class=\"elementToProof\">K\u00e4ra Agape v\u00e4nner!<\/div>\n<div class=\"elementToProof\">&nbsp;<\/div>\n<div class=\"elementToProof\">Bifogar Nyhetsbrev f\u00f6r Julen 2025 med ett STORT tack f\u00f6r allt ni gjort under \u00e5ret som snart \u00e4r slut.<\/div>\n<div class=\"elementToProof\">\u00d6nskar er allt gott fortsatt.<\/div>\n<div class=\"elementToProof\">&nbsp;<\/div>\n<div class=\"elementToProof\">H\u00e4lsningar<\/div>\n<div class=\"elementToProof\">Jan Klehn<\/div>\n<div>&nbsp;<\/div>\n<div><a href=\"http:\/\/www.svensk-indiskaagape-missionen.se\/wp-content\/uploads\/2025\/11\/Julen-2025.pdf\" target=\"_blank\" rel=\"noopener\">Till Julen 2025<\/a><\/div>\n","protected":false},"excerpt":{"rendered":"<p>K\u00e4ra Agape v\u00e4nner! &nbsp; Bifogar Nyhetsbrev f\u00f6r Julen 2025 med ett STORT tack f\u00f6r allt ni gjort under \u00e5ret som snart \u00e4r slut. \u00d6nskar er allt gott fortsatt. &nbsp; H\u00e4lsningar Jan Klehn &nbsp; Till Julen 2025<\/p>\n","protected":false},"author":1,"featured_media":0,"parent":32,"menu_order":0,"comment_status":"closed","ping_status":"closed","template":"","meta":{"ngg_post_thumbnail":0,"footnotes":""},"class_list":["post-636","page","type-page","status-publish","hentry"],"_links":{"self":[{"href":"http:\/\/www.svensk-indiskaagape-missionen.se\/index.php\/wp-json\/wp\/v2\/pages\/636","targetHints":{"allow":["GET"]}}],"collection":[{"href":"http:\/\/www.svensk-indiskaagape-missionen.se\/index.php\/wp-json\/wp\/v2\/pages"}],"about":[{"href":"http:\/\/www.svensk-indiskaagape-missionen.se\/index.php\/wp-json\/wp\/v2\/types\/page"}],"author":[{"embeddable":true,"href":"http:\/\/www.svensk-indiskaagape-missionen.se\/index.php\/wp-json\/wp\/v2\/users\/1"}],"replies":[{"embeddable":true,"href":"http:\/\/www.svensk-indiskaagape-missionen.se\/index.php\/wp-json\/wp\/v2\/comments?post=636"}],"version-history":[{"count":5,"href":"http:\/\/www.svensk-indiskaagape-missionen.se\/index.php\/wp-json\/wp\/v2\/pages\/636\/revisions"}],"predecessor-version":[{"id":641,"href":"http:\/\/www.svensk-indiskaagape-missionen.se\/index.php\/wp-json\/wp\/v2\/pages\/636\/revisions\/641"}],"up":[{"embeddable":true,"href":"http:\/\/www.svensk-indiskaagape-missionen.se\/index.php\/wp-json\/wp\/v2\/pages\/32"}],"wp:attachment":[{"href":"http:\/\/www.svensk-indiskaagape-missionen.se\/index.php\/wp-json\/wp\/v2\/media?parent=636"}],"curies":[{"name":"wp","href":"https:\/\/api.w.org\/{rel}","templated":true}]}}