{"id":619,"date":"2025-09-06T17:56:25","date_gmt":"2025-09-06T15:56:25","guid":{"rendered":"https:\/\/www.svensk-indiskaagape-missionen.se\/?page_id=619"},"modified":"2025-09-06T18:01:06","modified_gmt":"2025-09-06T16:01:06","slug":"nyhetsbrev-september-2025","status":"publish","type":"page","link":"http:\/\/www.svensk-indiskaagape-missionen.se\/index.php\/nyheter\/nyhetsbrev-september-2025\/","title":{"rendered":"Nyhetsbrev September 2025"},"content":{"rendered":"<div class=\"elementToProof\">K\u00e4ra Agape v\u00e4nner!<\/div>\n<div class=\"elementToProof\">&nbsp;<\/div>\n<div class=\"elementToProof\">Bifogar Nyhetsbrev f\u00f6r september. Som ni kommer att l\u00e4sa har det intr\u00e4ffat flera jordskred och \u00f6versv\u00e4mningar i Himalaya<\/div>\n<div class=\"elementToProof\">under augusti. Vi skickade ut en v\u00e4djan om snabb hj\u00e4lp till alla som f\u00e5r mejl. Tack f\u00f6r vad ni gjorde d\u00e5.<\/div>\n<div class=\"elementToProof\">Arbetet med att hj\u00e4lpa n\u00f6dlidande forts\u00e4tter l\u00e4nge och det finns planer f\u00f6r ett l\u00e5ngsiktigt arbete.<\/div>\n<div class=\"elementToProof\">&nbsp;<\/div>\n<div class=\"elementToProof\">Gud v\u00e4lsigna er alla.<\/div>\n<div class=\"elementToProof\">H\u00e4lsningar<\/div>\n<div class=\"elementToProof\">Jan Klehn, ordf\u00f6rande<\/div>\n<div>&nbsp;<\/div>\n<div><a href=\"http:\/\/www.svensk-indiskaagape-missionen.se\/wp-content\/uploads\/2025\/09\/SEPTEMBER-2025.pdf\" target=\"_blank\" rel=\"noopener\">Till Nyhetsbrevet September 2025<\/a><\/div>\n","protected":false},"excerpt":{"rendered":"<p>K\u00e4ra Agape v\u00e4nner! &nbsp; Bifogar Nyhetsbrev f\u00f6r september. Som ni kommer att l\u00e4sa har det intr\u00e4ffat flera jordskred och \u00f6versv\u00e4mningar i Himalaya under augusti. Vi skickade ut en v\u00e4djan om snabb hj\u00e4lp till alla som f\u00e5r mejl. Tack f\u00f6r vad ni gjorde d\u00e5. Arbetet med att hj\u00e4lpa n\u00f6dlidande forts\u00e4tter l\u00e4nge och det finns planer f\u00f6r &hellip; <a href=\"http:\/\/www.svensk-indiskaagape-missionen.se\/index.php\/nyheter\/nyhetsbrev-september-2025\/\" class=\"more-link\">Forts\u00e4tt l\u00e4sa <span class=\"screen-reader-text\">Nyhetsbrev September 2025<\/span> <span class=\"meta-nav\">&rarr;<\/span><\/a><\/p>\n","protected":false},"author":1,"featured_media":0,"parent":32,"menu_order":0,"comment_status":"closed","ping_status":"closed","template":"","meta":{"ngg_post_thumbnail":0,"footnotes":""},"class_list":["post-619","page","type-page","status-publish","hentry"],"_links":{"self":[{"href":"http:\/\/www.svensk-indiskaagape-missionen.se\/index.php\/wp-json\/wp\/v2\/pages\/619","targetHints":{"allow":["GET"]}}],"collection":[{"href":"http:\/\/www.svensk-indiskaagape-missionen.se\/index.php\/wp-json\/wp\/v2\/pages"}],"about":[{"href":"http:\/\/www.svensk-indiskaagape-missionen.se\/index.php\/wp-json\/wp\/v2\/types\/page"}],"author":[{"embeddable":true,"href":"http:\/\/www.svensk-indiskaagape-missionen.se\/index.php\/wp-json\/wp\/v2\/users\/1"}],"replies":[{"embeddable":true,"href":"http:\/\/www.svensk-indiskaagape-missionen.se\/index.php\/wp-json\/wp\/v2\/comments?post=619"}],"version-history":[{"count":3,"href":"http:\/\/www.svensk-indiskaagape-missionen.se\/index.php\/wp-json\/wp\/v2\/pages\/619\/revisions"}],"predecessor-version":[{"id":623,"href":"http:\/\/www.svensk-indiskaagape-missionen.se\/index.php\/wp-json\/wp\/v2\/pages\/619\/revisions\/623"}],"up":[{"embeddable":true,"href":"http:\/\/www.svensk-indiskaagape-missionen.se\/index.php\/wp-json\/wp\/v2\/pages\/32"}],"wp:attachment":[{"href":"http:\/\/www.svensk-indiskaagape-missionen.se\/index.php\/wp-json\/wp\/v2\/media?parent=619"}],"curies":[{"name":"wp","href":"https:\/\/api.w.org\/{rel}","templated":true}]}}