{"id":606,"date":"2025-06-12T21:38:34","date_gmt":"2025-06-12T19:38:34","guid":{"rendered":"https:\/\/www.svensk-indiskaagape-missionen.se\/?page_id=606"},"modified":"2025-06-12T21:44:32","modified_gmt":"2025-06-12T19:44:32","slug":"sommar-2025","status":"publish","type":"page","link":"http:\/\/www.svensk-indiskaagape-missionen.se\/index.php\/nyheter\/sommar-2025\/","title":{"rendered":"Sommar 2025"},"content":{"rendered":"<div class=\"elementToProof\">K\u00e4<wbr>ra&nbsp;<wbr>V\u00e4<wbr>nner!<wbr><\/div>\n<div class=\"elementToProof\">&nbsp;<\/div>\n<div class=\"elementToProof\"><wbr>H\u00e4<wbr>r&nbsp;<wbr>kommer&nbsp;<wbr>senaste&nbsp;<wbr>Nyhetsbrevet&nbsp;<wbr>fr\u00e5<wbr>n&nbsp;<wbr>v\u00e5<wbr>ra&nbsp;<wbr>v\u00e4<wbr>nner&nbsp;<wbr>i&nbsp;<wbr>Indien.<wbr><\/div>\n<div class=\"elementToProof\"><wbr>Vi \u00e4<wbr>r&nbsp;<wbr>s\u00e5&nbsp;<wbr>tacksamma&nbsp;<wbr>f\u00f6<wbr>r&nbsp;<wbr>allt&nbsp;<wbr>ni&nbsp;<wbr>g\u00f6<wbr>r&nbsp;<wbr>f\u00f6<wbr>r&nbsp;<wbr>arbetet.<wbr><\/div>\n<div class=\"elementToProof\"><wbr>Gud&nbsp;<wbr>v\u00e4<wbr>lsigna&nbsp;<wbr>er&nbsp;<wbr>och&nbsp;<wbr>ha&nbsp;<wbr>en&nbsp;<wbr>underbar&nbsp;<wbr>sommar!<wbr><\/div>\n<div class=\"elementToProof\">&nbsp;<\/div>\n<div class=\"elementToProof\"><wbr>H\u00e4<wbr>lsningar<wbr><\/div>\n<div class=\"elementToProof\"><wbr>Jan&nbsp;<wbr>Klehn,&nbsp;<wbr>ordf.<\/div>\n<div>&nbsp;<\/div>\n<div>Till Nyhetsbrevet: <a href=\"http:\/\/www.svensk-indiskaagape-missionen.se\/wp-content\/uploads\/2025\/06\/SOMMAR-2025.pdf\" target=\"_blank\" rel=\"noopener\">Sommar 2025<\/a><\/div>\n","protected":false},"excerpt":{"rendered":"<p>K\u00e4ra&nbsp;V\u00e4nner! &nbsp; H\u00e4r&nbsp;kommer&nbsp;senaste&nbsp;Nyhetsbrevet&nbsp;fr\u00e5n&nbsp;v\u00e5ra&nbsp;v\u00e4nner&nbsp;i&nbsp;Indien. Vi \u00e4r&nbsp;s\u00e5&nbsp;tacksamma&nbsp;f\u00f6r&nbsp;allt&nbsp;ni&nbsp;g\u00f6r&nbsp;f\u00f6r&nbsp;arbetet. Gud&nbsp;v\u00e4lsigna&nbsp;er&nbsp;och&nbsp;ha&nbsp;en&nbsp;underbar&nbsp;sommar! &nbsp; H\u00e4lsningar Jan&nbsp;Klehn,&nbsp;ordf. &nbsp; Till Nyhetsbrevet: Sommar 2025<\/p>\n","protected":false},"author":1,"featured_media":0,"parent":32,"menu_order":0,"comment_status":"closed","ping_status":"closed","template":"","meta":{"ngg_post_thumbnail":0,"footnotes":""},"class_list":["post-606","page","type-page","status-publish","hentry"],"_links":{"self":[{"href":"http:\/\/www.svensk-indiskaagape-missionen.se\/index.php\/wp-json\/wp\/v2\/pages\/606","targetHints":{"allow":["GET"]}}],"collection":[{"href":"http:\/\/www.svensk-indiskaagape-missionen.se\/index.php\/wp-json\/wp\/v2\/pages"}],"about":[{"href":"http:\/\/www.svensk-indiskaagape-missionen.se\/index.php\/wp-json\/wp\/v2\/types\/page"}],"author":[{"embeddable":true,"href":"http:\/\/www.svensk-indiskaagape-missionen.se\/index.php\/wp-json\/wp\/v2\/users\/1"}],"replies":[{"embeddable":true,"href":"http:\/\/www.svensk-indiskaagape-missionen.se\/index.php\/wp-json\/wp\/v2\/comments?post=606"}],"version-history":[{"count":3,"href":"http:\/\/www.svensk-indiskaagape-missionen.se\/index.php\/wp-json\/wp\/v2\/pages\/606\/revisions"}],"predecessor-version":[{"id":610,"href":"http:\/\/www.svensk-indiskaagape-missionen.se\/index.php\/wp-json\/wp\/v2\/pages\/606\/revisions\/610"}],"up":[{"embeddable":true,"href":"http:\/\/www.svensk-indiskaagape-missionen.se\/index.php\/wp-json\/wp\/v2\/pages\/32"}],"wp:attachment":[{"href":"http:\/\/www.svensk-indiskaagape-missionen.se\/index.php\/wp-json\/wp\/v2\/media?parent=606"}],"curies":[{"name":"wp","href":"https:\/\/api.w.org\/{rel}","templated":true}]}}