{"id":600,"date":"2025-03-07T19:10:17","date_gmt":"2025-03-07T18:10:17","guid":{"rendered":"http:\/\/www.svensk-indiskaagape-missionen.se\/?page_id=600"},"modified":"2025-03-07T19:10:17","modified_gmt":"2025-03-07T18:10:17","slug":"nyhetsbrev-mars-2025","status":"publish","type":"page","link":"http:\/\/www.svensk-indiskaagape-missionen.se\/index.php\/nyheter\/nyhetsbrev-mars-2025\/","title":{"rendered":"Nyhetsbrev mars 2025"},"content":{"rendered":"<div class=\"x_elementToProof\" data-olk-copy-source=\"MessageBody\">K\u00e4ra Agape-v\u00e4nner!<\/div>\n<div class=\"x_elementToProof\">&nbsp;<\/div>\n<div class=\"x_elementToProof\">Bifogar h\u00e4r Nyhetsbrev med rikt inneh\u00e5ll f\u00f6r mars m\u00e5nad 2025. Styrelsen besl\u00f6t att g\u00f6ra en extra sidan om resan till Indien som endast kort beskrevs i f\u00f6rra nyhetsbrevet. Hoppas detta kan vara till gl\u00e4dje f\u00f6r m\u00e5nga. Det var en mycket givande tur.<\/div>\n<div class=\"x_elementToProof\">&nbsp;<\/div>\n<div class=\"x_elementToProof\">H\u00e4lsningar<\/div>\n<div class=\"x_elementToProof\">Jan Klehn, ordf\u00f6rande<\/div>\n<div>Till Nyhetsbrevet &nbsp; &nbsp; &nbsp; &nbsp; <a href=\"http:\/\/www.svensk-indiskaagape-missionen.se\/wp-content\/uploads\/2025\/03\/Mars-2025-sid-1-2.pdf\">Mars 2025 sid 1-2<\/a><\/div>\n<div>Till Resan till Indien&nbsp;&nbsp;&nbsp; <a href=\"http:\/\/www.svensk-indiskaagape-missionen.se\/wp-content\/uploads\/2025\/03\/Mars-2025-sid-3.pdf\">Mars 2025 sid 3<\/a><\/div>\n","protected":false},"excerpt":{"rendered":"<p>K\u00e4ra Agape-v\u00e4nner! &nbsp; Bifogar h\u00e4r Nyhetsbrev med rikt inneh\u00e5ll f\u00f6r mars m\u00e5nad 2025. Styrelsen besl\u00f6t att g\u00f6ra en extra sidan om resan till Indien som endast kort beskrevs i f\u00f6rra nyhetsbrevet. Hoppas detta kan vara till gl\u00e4dje f\u00f6r m\u00e5nga. Det var en mycket givande tur. &nbsp; H\u00e4lsningar Jan Klehn, ordf\u00f6rande Till Nyhetsbrevet &nbsp; &nbsp; &nbsp; &hellip; <a href=\"http:\/\/www.svensk-indiskaagape-missionen.se\/index.php\/nyheter\/nyhetsbrev-mars-2025\/\" class=\"more-link\">Forts\u00e4tt l\u00e4sa <span class=\"screen-reader-text\">Nyhetsbrev mars 2025<\/span> <span class=\"meta-nav\">&rarr;<\/span><\/a><\/p>\n","protected":false},"author":1,"featured_media":0,"parent":32,"menu_order":0,"comment_status":"closed","ping_status":"closed","template":"","meta":{"ngg_post_thumbnail":0,"footnotes":""},"class_list":["post-600","page","type-page","status-publish","hentry"],"_links":{"self":[{"href":"http:\/\/www.svensk-indiskaagape-missionen.se\/index.php\/wp-json\/wp\/v2\/pages\/600","targetHints":{"allow":["GET"]}}],"collection":[{"href":"http:\/\/www.svensk-indiskaagape-missionen.se\/index.php\/wp-json\/wp\/v2\/pages"}],"about":[{"href":"http:\/\/www.svensk-indiskaagape-missionen.se\/index.php\/wp-json\/wp\/v2\/types\/page"}],"author":[{"embeddable":true,"href":"http:\/\/www.svensk-indiskaagape-missionen.se\/index.php\/wp-json\/wp\/v2\/users\/1"}],"replies":[{"embeddable":true,"href":"http:\/\/www.svensk-indiskaagape-missionen.se\/index.php\/wp-json\/wp\/v2\/comments?post=600"}],"version-history":[{"count":2,"href":"http:\/\/www.svensk-indiskaagape-missionen.se\/index.php\/wp-json\/wp\/v2\/pages\/600\/revisions"}],"predecessor-version":[{"id":602,"href":"http:\/\/www.svensk-indiskaagape-missionen.se\/index.php\/wp-json\/wp\/v2\/pages\/600\/revisions\/602"}],"up":[{"embeddable":true,"href":"http:\/\/www.svensk-indiskaagape-missionen.se\/index.php\/wp-json\/wp\/v2\/pages\/32"}],"wp:attachment":[{"href":"http:\/\/www.svensk-indiskaagape-missionen.se\/index.php\/wp-json\/wp\/v2\/media?parent=600"}],"curies":[{"name":"wp","href":"https:\/\/api.w.org\/{rel}","templated":true}]}}