{"id":594,"date":"2024-11-24T16:52:34","date_gmt":"2024-11-24T15:52:34","guid":{"rendered":"http:\/\/www.svensk-indiskaagape-missionen.se\/?page_id=594"},"modified":"2024-11-24T16:52:34","modified_gmt":"2024-11-24T15:52:34","slug":"nyhetsbrev-julen-2024","status":"publish","type":"page","link":"http:\/\/www.svensk-indiskaagape-missionen.se\/index.php\/nyheter\/nyhetsbrev-julen-2024\/","title":{"rendered":"Nyhetsbrev Julen 2024"},"content":{"rendered":"<div class=\"x_elementToProof\" data-olk-copy-source=\"MessageBody\">K\u00e4ra Agape-v\u00e4nner!<\/div>\n<div class=\"x_elementToProof\">&nbsp;<\/div>\n<div class=\"x_elementToProof\">S\u00e5 \u00e4r det \u00e5ter dags f\u00f6r ett Nyhetsbrev. Den h\u00e4r g\u00e5ngen inf\u00f6r den f\u00f6rest\u00e5ende julen.<\/div>\n<div class=\"x_elementToProof\">Brevet inneh\u00e5ller \u00e4ven en kort ber\u00e4ttelse fr\u00e5n ett bes\u00f6k i Indien som jag gjorde under oktober tillsammans med fyra Agape-v\u00e4nner fr\u00e5n Sandhem och J\u00f6nk\u00f6ping.<\/div>\n<div class=\"x_elementToProof\">&nbsp;<\/div>\n<div class=\"x_elementToProof\">Vi fick se och uppleva en stor del av ett mycket omfattande arbete. Det var mycket inspirerande att se allt detta. Och trots att det \u00e4r f\u00f6renat med stora sv\u00e5righeter att sprida det glada budskapet, s\u00e5 g\u00f6rs det p\u00e5 flera s\u00e4tt och m\u00e4nniskor n\u00e5s av budskapet.<\/div>\n<div class=\"x_elementToProof\">&nbsp;<\/div>\n<div class=\"x_elementToProof\">Be f\u00f6r arbetet fortsatt och l\u00e5t dig inspireras av Nyhetsbrevet.<\/div>\n<div class=\"x_elementToProof\">&nbsp;<\/div>\n<div class=\"x_elementToProof\">Tack f\u00f6r ditt engagemang under \u00e5ret som snart g\u00e5tt. Guds V\u00e4lsignelse.<\/div>\n<div class=\"x_elementToProof\">&nbsp;<\/div>\n<div class=\"x_elementToProof\">God Jul och Gott Nytt \u00c5r \u00f6nskas ni alla!<\/div>\n<div class=\"x_elementToProof\">&nbsp;<\/div>\n<div class=\"x_elementToProof\">Jan Klehn, ordf\u00f6rande, Agape, Sverige<\/div>\n<div>&nbsp;<\/div>\n<div><a href=\"http:\/\/www.svensk-indiskaagape-missionen.se\/wp-content\/uploads\/2024\/11\/JULEN-2024.pdf\" target=\"_blank\" rel=\"noopener\">JULEN 2024<\/a><\/div>\n","protected":false},"excerpt":{"rendered":"<p>K\u00e4ra Agape-v\u00e4nner! &nbsp; S\u00e5 \u00e4r det \u00e5ter dags f\u00f6r ett Nyhetsbrev. Den h\u00e4r g\u00e5ngen inf\u00f6r den f\u00f6rest\u00e5ende julen. Brevet inneh\u00e5ller \u00e4ven en kort ber\u00e4ttelse fr\u00e5n ett bes\u00f6k i Indien som jag gjorde under oktober tillsammans med fyra Agape-v\u00e4nner fr\u00e5n Sandhem och J\u00f6nk\u00f6ping. &nbsp; Vi fick se och uppleva en stor del av ett mycket omfattande &hellip; <a href=\"http:\/\/www.svensk-indiskaagape-missionen.se\/index.php\/nyheter\/nyhetsbrev-julen-2024\/\" class=\"more-link\">Forts\u00e4tt l\u00e4sa <span class=\"screen-reader-text\">Nyhetsbrev Julen 2024<\/span> <span class=\"meta-nav\">&rarr;<\/span><\/a><\/p>\n","protected":false},"author":1,"featured_media":0,"parent":32,"menu_order":0,"comment_status":"closed","ping_status":"closed","template":"","meta":{"ngg_post_thumbnail":0,"footnotes":""},"class_list":["post-594","page","type-page","status-publish","hentry"],"_links":{"self":[{"href":"http:\/\/www.svensk-indiskaagape-missionen.se\/index.php\/wp-json\/wp\/v2\/pages\/594","targetHints":{"allow":["GET"]}}],"collection":[{"href":"http:\/\/www.svensk-indiskaagape-missionen.se\/index.php\/wp-json\/wp\/v2\/pages"}],"about":[{"href":"http:\/\/www.svensk-indiskaagape-missionen.se\/index.php\/wp-json\/wp\/v2\/types\/page"}],"author":[{"embeddable":true,"href":"http:\/\/www.svensk-indiskaagape-missionen.se\/index.php\/wp-json\/wp\/v2\/users\/1"}],"replies":[{"embeddable":true,"href":"http:\/\/www.svensk-indiskaagape-missionen.se\/index.php\/wp-json\/wp\/v2\/comments?post=594"}],"version-history":[{"count":1,"href":"http:\/\/www.svensk-indiskaagape-missionen.se\/index.php\/wp-json\/wp\/v2\/pages\/594\/revisions"}],"predecessor-version":[{"id":595,"href":"http:\/\/www.svensk-indiskaagape-missionen.se\/index.php\/wp-json\/wp\/v2\/pages\/594\/revisions\/595"}],"up":[{"embeddable":true,"href":"http:\/\/www.svensk-indiskaagape-missionen.se\/index.php\/wp-json\/wp\/v2\/pages\/32"}],"wp:attachment":[{"href":"http:\/\/www.svensk-indiskaagape-missionen.se\/index.php\/wp-json\/wp\/v2\/media?parent=594"}],"curies":[{"name":"wp","href":"https:\/\/api.w.org\/{rel}","templated":true}]}}