{"id":588,"date":"2024-09-08T09:54:24","date_gmt":"2024-09-08T07:54:24","guid":{"rendered":"http:\/\/www.svensk-indiskaagape-missionen.se\/?page_id=588"},"modified":"2024-09-08T09:56:45","modified_gmt":"2024-09-08T07:56:45","slug":"nyhetsbrev-september-2024","status":"publish","type":"page","link":"http:\/\/www.svensk-indiskaagape-missionen.se\/index.php\/nyheter\/nyhetsbrev-september-2024\/","title":{"rendered":"Nyhetsbrev September 2024"},"content":{"rendered":"<div class=\"x_elementToProof\">K\u00e4ra Agape-v\u00e4nner!<\/div>\n<div class=\"x_elementToProof\">&nbsp;<\/div>\n<div class=\"x_elementToProof\">Skickar senaste Nyhetsbrevet fr\u00e5n v\u00e5ra v\u00e4nner i Indien.<\/div>\n<div class=\"x_elementToProof\">Hoppas det ska vara till gl\u00e4dje. Arbetet forts\u00e4tter och utvecklas.<\/div>\n<div class=\"x_elementToProof\">&nbsp;<\/div>\n<div class=\"x_elementToProof\">Tack f\u00f6r allt ni gjort och g\u00f6r.<\/div>\n<div class=\"x_elementToProof\">\u00d6nskar alla Guds v\u00e4lsignelse<\/div>\n<div class=\"x_elementToProof\">&nbsp;<\/div>\n<div class=\"x_elementToProof\">mvh<\/div>\n<div class=\"x_elementToProof\">Jan&nbsp;<span class=\"marktqcd4hvmt\" data-markjs=\"true\" data-ogac=\"\" data-ogab=\"\" data-ogsc=\"\" data-ogsb=\"\">Klehn<\/span>, ordf\u00f6rande<\/div>\n<div>&nbsp;<\/div>\n<div>Till Nyhetsbrevet <a href=\"http:\/\/www.svensk-indiskaagape-missionen.se\/wp-content\/uploads\/2024\/09\/September-2024.pdf\" target=\"_blank\" rel=\"noopener\">September 2024<\/a><\/div>\n","protected":false},"excerpt":{"rendered":"<p>K\u00e4ra Agape-v\u00e4nner! &nbsp; Skickar senaste Nyhetsbrevet fr\u00e5n v\u00e5ra v\u00e4nner i Indien. Hoppas det ska vara till gl\u00e4dje. Arbetet forts\u00e4tter och utvecklas. &nbsp; Tack f\u00f6r allt ni gjort och g\u00f6r. \u00d6nskar alla Guds v\u00e4lsignelse &nbsp; mvh Jan&nbsp;Klehn, ordf\u00f6rande &nbsp; Till Nyhetsbrevet September 2024<\/p>\n","protected":false},"author":1,"featured_media":0,"parent":32,"menu_order":0,"comment_status":"closed","ping_status":"closed","template":"","meta":{"ngg_post_thumbnail":0,"footnotes":""},"class_list":["post-588","page","type-page","status-publish","hentry"],"_links":{"self":[{"href":"http:\/\/www.svensk-indiskaagape-missionen.se\/index.php\/wp-json\/wp\/v2\/pages\/588","targetHints":{"allow":["GET"]}}],"collection":[{"href":"http:\/\/www.svensk-indiskaagape-missionen.se\/index.php\/wp-json\/wp\/v2\/pages"}],"about":[{"href":"http:\/\/www.svensk-indiskaagape-missionen.se\/index.php\/wp-json\/wp\/v2\/types\/page"}],"author":[{"embeddable":true,"href":"http:\/\/www.svensk-indiskaagape-missionen.se\/index.php\/wp-json\/wp\/v2\/users\/1"}],"replies":[{"embeddable":true,"href":"http:\/\/www.svensk-indiskaagape-missionen.se\/index.php\/wp-json\/wp\/v2\/comments?post=588"}],"version-history":[{"count":1,"href":"http:\/\/www.svensk-indiskaagape-missionen.se\/index.php\/wp-json\/wp\/v2\/pages\/588\/revisions"}],"predecessor-version":[{"id":589,"href":"http:\/\/www.svensk-indiskaagape-missionen.se\/index.php\/wp-json\/wp\/v2\/pages\/588\/revisions\/589"}],"up":[{"embeddable":true,"href":"http:\/\/www.svensk-indiskaagape-missionen.se\/index.php\/wp-json\/wp\/v2\/pages\/32"}],"wp:attachment":[{"href":"http:\/\/www.svensk-indiskaagape-missionen.se\/index.php\/wp-json\/wp\/v2\/media?parent=588"}],"curies":[{"name":"wp","href":"https:\/\/api.w.org\/{rel}","templated":true}]}}