{"id":579,"date":"2024-09-08T09:40:53","date_gmt":"2024-09-08T07:40:53","guid":{"rendered":"http:\/\/www.svensk-indiskaagape-missionen.se\/?page_id=579"},"modified":"2024-09-08T09:52:23","modified_gmt":"2024-09-08T07:52:23","slug":"nyhetsbrev-juli-2024","status":"publish","type":"page","link":"http:\/\/www.svensk-indiskaagape-missionen.se\/index.php\/nyheter\/nyhetsbrev-juli-2024\/","title":{"rendered":"Nyhetsbrev Juni 2024"},"content":{"rendered":"<div class=\"x_elementToProof\">K\u00e4ra Agape-\u00e4nner!<\/div>\n<div class=\"x_elementToProof\">&nbsp;<\/div>\n<div class=\"x_elementToProof\">S\u00e5 \u00e4r det dags f\u00f6r \u00e4nnu ett Nyhetsbrev fr\u00e5n Indien. Verket forts\u00e4tter att v\u00e4xa,<\/div>\n<div class=\"x_elementToProof\">Som ni kan l\u00e4sa, och nya metoder kommer i bruk f\u00f6r att sprida budskapet.<\/div>\n<div class=\"x_elementToProof\">G\u00e5 g\u00e4rna in p\u00e5 v\u00e5r Facebook-sida ibland, ni som har m\u00f6jligheter, d\u00e5 f\u00e5r ni Uppdateringar oftare.<\/div>\n<div class=\"x_elementToProof\">S\u00f6k p\u00e5 Svensk-Indiska-Agapemissionen s\u00e5 kommer det fram.<\/div>\n<div class=\"x_elementToProof\">Ha en sk\u00f6n sommar.<\/div>\n<div class=\"x_elementToProof\">Guds v\u00e4lsignelse \u00f6ver er alla.<\/div>\n<div class=\"x_elementToProof\">&nbsp;<\/div>\n<div class=\"x_elementToProof\">H\u00e4lsningar<\/div>\n<div class=\"x_elementToProof\"><i>Jan&nbsp;<span class=\"markblcaskpma\" data-markjs=\"true\" data-ogac=\"\" data-ogab=\"\" data-ogsc=\"\" data-ogsb=\"\">Klehn<\/span>, ordf.<\/i><\/div>\n<div>&nbsp;<\/div>\n<div><a href=\"http:\/\/www.svensk-indiskaagape-missionen.se\/wp-content\/uploads\/2024\/09\/Juni-2024.pdf\" target=\"_blank\" rel=\"noopener\">Till Nyhetsbrevet&nbsp; Juni 2024<\/a><\/div>\n","protected":false},"excerpt":{"rendered":"<p>K\u00e4ra Agape-\u00e4nner! &nbsp; S\u00e5 \u00e4r det dags f\u00f6r \u00e4nnu ett Nyhetsbrev fr\u00e5n Indien. Verket forts\u00e4tter att v\u00e4xa, Som ni kan l\u00e4sa, och nya metoder kommer i bruk f\u00f6r att sprida budskapet. G\u00e5 g\u00e4rna in p\u00e5 v\u00e5r Facebook-sida ibland, ni som har m\u00f6jligheter, d\u00e5 f\u00e5r ni Uppdateringar oftare. S\u00f6k p\u00e5 Svensk-Indiska-Agapemissionen s\u00e5 kommer det fram. Ha &hellip; <a href=\"http:\/\/www.svensk-indiskaagape-missionen.se\/index.php\/nyheter\/nyhetsbrev-juli-2024\/\" class=\"more-link\">Forts\u00e4tt l\u00e4sa <span class=\"screen-reader-text\">Nyhetsbrev Juni 2024<\/span> <span class=\"meta-nav\">&rarr;<\/span><\/a><\/p>\n","protected":false},"author":1,"featured_media":0,"parent":32,"menu_order":0,"comment_status":"closed","ping_status":"closed","template":"","meta":{"ngg_post_thumbnail":0,"footnotes":""},"class_list":["post-579","page","type-page","status-publish","hentry"],"_links":{"self":[{"href":"http:\/\/www.svensk-indiskaagape-missionen.se\/index.php\/wp-json\/wp\/v2\/pages\/579","targetHints":{"allow":["GET"]}}],"collection":[{"href":"http:\/\/www.svensk-indiskaagape-missionen.se\/index.php\/wp-json\/wp\/v2\/pages"}],"about":[{"href":"http:\/\/www.svensk-indiskaagape-missionen.se\/index.php\/wp-json\/wp\/v2\/types\/page"}],"author":[{"embeddable":true,"href":"http:\/\/www.svensk-indiskaagape-missionen.se\/index.php\/wp-json\/wp\/v2\/users\/1"}],"replies":[{"embeddable":true,"href":"http:\/\/www.svensk-indiskaagape-missionen.se\/index.php\/wp-json\/wp\/v2\/comments?post=579"}],"version-history":[{"count":5,"href":"http:\/\/www.svensk-indiskaagape-missionen.se\/index.php\/wp-json\/wp\/v2\/pages\/579\/revisions"}],"predecessor-version":[{"id":587,"href":"http:\/\/www.svensk-indiskaagape-missionen.se\/index.php\/wp-json\/wp\/v2\/pages\/579\/revisions\/587"}],"up":[{"embeddable":true,"href":"http:\/\/www.svensk-indiskaagape-missionen.se\/index.php\/wp-json\/wp\/v2\/pages\/32"}],"wp:attachment":[{"href":"http:\/\/www.svensk-indiskaagape-missionen.se\/index.php\/wp-json\/wp\/v2\/media?parent=579"}],"curies":[{"name":"wp","href":"https:\/\/api.w.org\/{rel}","templated":true}]}}