{"id":568,"date":"2024-03-10T14:20:42","date_gmt":"2024-03-10T13:20:42","guid":{"rendered":"https:\/\/www.svensk-indiskaagape-missionen.se\/?page_id=568"},"modified":"2024-03-10T14:21:45","modified_gmt":"2024-03-10T13:21:45","slug":"nyhetsbrev-mars-2024","status":"publish","type":"page","link":"http:\/\/www.svensk-indiskaagape-missionen.se\/index.php\/nyheter\/nyhetsbrev-mars-2024\/","title":{"rendered":"Nyhetsbrev Mars 2024"},"content":{"rendered":"<p>Till alla Agape-v\u00e4nner!<\/p>\n<p>&nbsp;<\/p>\n<p>Februari g\u00e5r mot sitt slut, fast vi fick endag extra.<\/p>\n<p>H\u00e4r bifogas Nyhetsbrev mars 2024.<\/p>\n<p>Be extra f\u00f6r Vachan som har problem med hj\u00e4rtat.<\/p>\n<p>H\u00e4lsningar och Guds v\u00e4lsignelse<\/p>\n<p>Jan Klehn, ordf\u00f6rande<\/p>\n<p><a href=\"http:\/\/www.svensk-indiskaagape-missionen.se\/wp-content\/uploads\/2024\/03\/Nyhetsbrev-mars-2024.pdf\" target=\"_blank\" rel=\"noopener\">Till Nyhetsbrevet<\/a><\/p>\n","protected":false},"excerpt":{"rendered":"<p>Till alla Agape-v\u00e4nner! &nbsp; Februari g\u00e5r mot sitt slut, fast vi fick endag extra. H\u00e4r bifogas Nyhetsbrev mars 2024. Be extra f\u00f6r Vachan som har problem med hj\u00e4rtat. H\u00e4lsningar och Guds v\u00e4lsignelse Jan Klehn, ordf\u00f6rande Till Nyhetsbrevet<\/p>\n","protected":false},"author":1,"featured_media":0,"parent":32,"menu_order":0,"comment_status":"closed","ping_status":"closed","template":"","meta":{"ngg_post_thumbnail":0,"footnotes":""},"class_list":["post-568","page","type-page","status-publish","hentry"],"_links":{"self":[{"href":"http:\/\/www.svensk-indiskaagape-missionen.se\/index.php\/wp-json\/wp\/v2\/pages\/568","targetHints":{"allow":["GET"]}}],"collection":[{"href":"http:\/\/www.svensk-indiskaagape-missionen.se\/index.php\/wp-json\/wp\/v2\/pages"}],"about":[{"href":"http:\/\/www.svensk-indiskaagape-missionen.se\/index.php\/wp-json\/wp\/v2\/types\/page"}],"author":[{"embeddable":true,"href":"http:\/\/www.svensk-indiskaagape-missionen.se\/index.php\/wp-json\/wp\/v2\/users\/1"}],"replies":[{"embeddable":true,"href":"http:\/\/www.svensk-indiskaagape-missionen.se\/index.php\/wp-json\/wp\/v2\/comments?post=568"}],"version-history":[{"count":2,"href":"http:\/\/www.svensk-indiskaagape-missionen.se\/index.php\/wp-json\/wp\/v2\/pages\/568\/revisions"}],"predecessor-version":[{"id":570,"href":"http:\/\/www.svensk-indiskaagape-missionen.se\/index.php\/wp-json\/wp\/v2\/pages\/568\/revisions\/570"}],"up":[{"embeddable":true,"href":"http:\/\/www.svensk-indiskaagape-missionen.se\/index.php\/wp-json\/wp\/v2\/pages\/32"}],"wp:attachment":[{"href":"http:\/\/www.svensk-indiskaagape-missionen.se\/index.php\/wp-json\/wp\/v2\/media?parent=568"}],"curies":[{"name":"wp","href":"https:\/\/api.w.org\/{rel}","templated":true}]}}