{"id":558,"date":"2023-12-26T13:52:13","date_gmt":"2023-12-26T12:52:13","guid":{"rendered":"http:\/\/www.svensk-indiskaagape-missionen.se\/?page_id=558"},"modified":"2024-03-10T14:49:52","modified_gmt":"2024-03-10T13:49:52","slug":"nyhetsbrev-julen2023","status":"publish","type":"page","link":"http:\/\/www.svensk-indiskaagape-missionen.se\/index.php\/arkiv\/arkiv-2023\/nyhetsbrev-julen2023\/","title":{"rendered":"Nyhetsbrev Julen2023"},"content":{"rendered":"<p>K\u00e4ra Agape-v\u00e4nner!<\/p>\n<p>&nbsp;<\/p>\n<p>H\u00e4r bifogas Nyhetsbrev f\u00f6r Julen 2023 fr\u00e5n Indien.<\/p>\n<p>Vill \u00f6nska er alla En God och V\u00e4lsignad Jul.<\/p>\n<p>Tack f\u00f6r allt ni gjort och g\u00f6r f\u00f6r Agape.<\/p>\n<p>H\u00e4lsningar<\/p>\n<p>Jan Klehn, ordf\u00f6rande<\/p>\n<p><a href=\"http:\/\/www.svensk-indiskaagape-missionen.se\/wp-content\/uploads\/2023\/12\/Julen-2023-pdf-bra.pdf\">Till N<\/a><a href=\"http:\/\/www.svensk-indiskaagape-missionen.se\/wp-content\/uploads\/2023\/12\/Julen-2023-pdf-bra.pdf\">yhetsbrevet<\/a><\/p>\n<p>&nbsp;<\/p>\n","protected":false},"excerpt":{"rendered":"<p>K\u00e4ra Agape-v\u00e4nner! &nbsp; H\u00e4r bifogas Nyhetsbrev f\u00f6r Julen 2023 fr\u00e5n Indien. Vill \u00f6nska er alla En God och V\u00e4lsignad Jul. Tack f\u00f6r allt ni gjort och g\u00f6r f\u00f6r Agape. H\u00e4lsningar Jan Klehn, ordf\u00f6rande Till Nyhetsbrevet &nbsp;<\/p>\n","protected":false},"author":1,"featured_media":0,"parent":577,"menu_order":4,"comment_status":"closed","ping_status":"closed","template":"","meta":{"ngg_post_thumbnail":0,"footnotes":""},"class_list":["post-558","page","type-page","status-publish","hentry"],"_links":{"self":[{"href":"http:\/\/www.svensk-indiskaagape-missionen.se\/index.php\/wp-json\/wp\/v2\/pages\/558","targetHints":{"allow":["GET"]}}],"collection":[{"href":"http:\/\/www.svensk-indiskaagape-missionen.se\/index.php\/wp-json\/wp\/v2\/pages"}],"about":[{"href":"http:\/\/www.svensk-indiskaagape-missionen.se\/index.php\/wp-json\/wp\/v2\/types\/page"}],"author":[{"embeddable":true,"href":"http:\/\/www.svensk-indiskaagape-missionen.se\/index.php\/wp-json\/wp\/v2\/users\/1"}],"replies":[{"embeddable":true,"href":"http:\/\/www.svensk-indiskaagape-missionen.se\/index.php\/wp-json\/wp\/v2\/comments?post=558"}],"version-history":[{"count":4,"href":"http:\/\/www.svensk-indiskaagape-missionen.se\/index.php\/wp-json\/wp\/v2\/pages\/558\/revisions"}],"predecessor-version":[{"id":565,"href":"http:\/\/www.svensk-indiskaagape-missionen.se\/index.php\/wp-json\/wp\/v2\/pages\/558\/revisions\/565"}],"up":[{"embeddable":true,"href":"http:\/\/www.svensk-indiskaagape-missionen.se\/index.php\/wp-json\/wp\/v2\/pages\/577"}],"wp:attachment":[{"href":"http:\/\/www.svensk-indiskaagape-missionen.se\/index.php\/wp-json\/wp\/v2\/media?parent=558"}],"curies":[{"name":"wp","href":"https:\/\/api.w.org\/{rel}","templated":true}]}}