{"id":547,"date":"2023-09-04T21:00:01","date_gmt":"2023-09-04T19:00:01","guid":{"rendered":"http:\/\/www.svensk-indiskaagape-missionen.se\/?page_id=547"},"modified":"2024-03-10T14:50:00","modified_gmt":"2024-03-10T13:50:00","slug":"nyhetsbrev-september-2023","status":"publish","type":"page","link":"http:\/\/www.svensk-indiskaagape-missionen.se\/index.php\/arkiv\/arkiv-2023\/nyhetsbrev-september-2023\/","title":{"rendered":"Nyhetsbrev september 2023"},"content":{"rendered":"<p>K\u00e4ra Agape-v\u00e4nner!<\/p>\n<p>Bifogar h\u00e4r Nyhetsbrev f\u00f6r september. Observera att vi snart f\u00e5r bes\u00f6k av v\u00e5ra v\u00e4nner fr\u00e5n Indien. De hinner inte bes\u00f6ka alla f\u00f6rsamlingar, men det finns en komplett lista i brevet s\u00e5 ifall din ort f\u00e5r bes\u00f6k, kanske det finns en ort i n\u00e4rheten du kan \u00e5ka till.<\/p>\n<p>V\u00e4lkommen.<\/p>\n<p>Tack f\u00f6r allt ni g\u00f6r f\u00f6r Agape och Gud v\u00e4lsigna er.<\/p>\n<p>H\u00e4lsningar Jan Klehn, ordf\u00f6rande<\/p>\n<p><a href=\"http:\/\/www.svensk-indiskaagape-missionen.se\/wp-content\/uploads\/2023\/09\/September-2023.pdf\" target=\"_blank\" rel=\"noopener noreferrer\">L\u00e4nk till Nyhetsbrevet<\/a><\/p>\n","protected":false},"excerpt":{"rendered":"<p>K\u00e4ra Agape-v\u00e4nner! Bifogar h\u00e4r Nyhetsbrev f\u00f6r september. Observera att vi snart f\u00e5r bes\u00f6k av v\u00e5ra v\u00e4nner fr\u00e5n Indien. De hinner inte bes\u00f6ka alla f\u00f6rsamlingar, men det finns en komplett lista i brevet s\u00e5 ifall din ort f\u00e5r bes\u00f6k, kanske det finns en ort i n\u00e4rheten du kan \u00e5ka till. V\u00e4lkommen. Tack f\u00f6r allt ni g\u00f6r &hellip; <a href=\"http:\/\/www.svensk-indiskaagape-missionen.se\/index.php\/arkiv\/arkiv-2023\/nyhetsbrev-september-2023\/\" class=\"more-link\">Forts\u00e4tt l\u00e4sa <span class=\"screen-reader-text\">Nyhetsbrev september 2023<\/span> <span class=\"meta-nav\">&rarr;<\/span><\/a><\/p>\n","protected":false},"author":1,"featured_media":0,"parent":577,"menu_order":3,"comment_status":"closed","ping_status":"closed","template":"","meta":{"ngg_post_thumbnail":0,"footnotes":""},"class_list":["post-547","page","type-page","status-publish","hentry"],"_links":{"self":[{"href":"http:\/\/www.svensk-indiskaagape-missionen.se\/index.php\/wp-json\/wp\/v2\/pages\/547","targetHints":{"allow":["GET"]}}],"collection":[{"href":"http:\/\/www.svensk-indiskaagape-missionen.se\/index.php\/wp-json\/wp\/v2\/pages"}],"about":[{"href":"http:\/\/www.svensk-indiskaagape-missionen.se\/index.php\/wp-json\/wp\/v2\/types\/page"}],"author":[{"embeddable":true,"href":"http:\/\/www.svensk-indiskaagape-missionen.se\/index.php\/wp-json\/wp\/v2\/users\/1"}],"replies":[{"embeddable":true,"href":"http:\/\/www.svensk-indiskaagape-missionen.se\/index.php\/wp-json\/wp\/v2\/comments?post=547"}],"version-history":[{"count":5,"href":"http:\/\/www.svensk-indiskaagape-missionen.se\/index.php\/wp-json\/wp\/v2\/pages\/547\/revisions"}],"predecessor-version":[{"id":555,"href":"http:\/\/www.svensk-indiskaagape-missionen.se\/index.php\/wp-json\/wp\/v2\/pages\/547\/revisions\/555"}],"up":[{"embeddable":true,"href":"http:\/\/www.svensk-indiskaagape-missionen.se\/index.php\/wp-json\/wp\/v2\/pages\/577"}],"wp:attachment":[{"href":"http:\/\/www.svensk-indiskaagape-missionen.se\/index.php\/wp-json\/wp\/v2\/media?parent=547"}],"curies":[{"name":"wp","href":"https:\/\/api.w.org\/{rel}","templated":true}]}}