{"id":535,"date":"2023-06-17T21:00:52","date_gmt":"2023-06-17T19:00:52","guid":{"rendered":"http:\/\/www.svensk-indiskaagape-missionen.se\/?page_id=535"},"modified":"2024-03-10T14:50:08","modified_gmt":"2024-03-10T13:50:08","slug":"nyhetsbrev-juni-2023","status":"publish","type":"page","link":"http:\/\/www.svensk-indiskaagape-missionen.se\/index.php\/arkiv\/arkiv-2023\/nyhetsbrev-juni-2023\/","title":{"rendered":"Nyhetsbrev Juni 2023"},"content":{"rendered":"<p>K\u00e4ra Agape-v\u00e4nner!<\/p>\n<p>Tack f\u00f6r allt ni g\u00f6r f\u00f6r v\u00e5ra v\u00e4nner i Indien. Gud v\u00e4lsigna er.<\/p>\n<p>H\u00e4r kommer Nyhetsbrev f\u00f6r juni m\u00e5nad. Hoppas det kan vara till gl\u00e4dje f\u00f6r er att l\u00e4sa.<\/p>\n<p>Vi ser ocks\u00e5 fram emot ett bes\u00f6k av Vachan,&nbsp; Vikrant och Ramini<\/p>\n<p>i h\u00f6st. Tyv\u00e4rr hinner de inte med s\u00e5 m\u00e5nga platser under bes\u00f6ket, men vi skickar med en lista i detta mejl s\u00e5 kan du kanske bes\u00f6k en plats n\u00e4ra dig n\u00e4r de kommer.<\/p>\n<p>\u00d6nskar alla en riktigt sk\u00f6n sommar<\/p>\n<p>H\u00e4lsningar Jan Klehn, ordf.<\/p>\n<p><a href=\"http:\/\/www.svensk-indiskaagape-missionen.se\/index.php\/nyheter\/nyhetsbrev-juni-2023\/\" target=\"_blank\" rel=\"noopener noreferrer\">Till Nyhetsbrevet Juni 2023<\/a><\/p>\n","protected":false},"excerpt":{"rendered":"<p>K\u00e4ra Agape-v\u00e4nner! Tack f\u00f6r allt ni g\u00f6r f\u00f6r v\u00e5ra v\u00e4nner i Indien. Gud v\u00e4lsigna er. H\u00e4r kommer Nyhetsbrev f\u00f6r juni m\u00e5nad. Hoppas det kan vara till gl\u00e4dje f\u00f6r er att l\u00e4sa. Vi ser ocks\u00e5 fram emot ett bes\u00f6k av Vachan,&nbsp; Vikrant och Ramini i h\u00f6st. Tyv\u00e4rr hinner de inte med s\u00e5 m\u00e5nga platser under bes\u00f6ket, &hellip; <a href=\"http:\/\/www.svensk-indiskaagape-missionen.se\/index.php\/arkiv\/arkiv-2023\/nyhetsbrev-juni-2023\/\" class=\"more-link\">Forts\u00e4tt l\u00e4sa <span class=\"screen-reader-text\">Nyhetsbrev Juni 2023<\/span> <span class=\"meta-nav\">&rarr;<\/span><\/a><\/p>\n","protected":false},"author":1,"featured_media":0,"parent":577,"menu_order":2,"comment_status":"closed","ping_status":"closed","template":"","meta":{"ngg_post_thumbnail":0,"footnotes":""},"class_list":["post-535","page","type-page","status-publish","hentry"],"_links":{"self":[{"href":"http:\/\/www.svensk-indiskaagape-missionen.se\/index.php\/wp-json\/wp\/v2\/pages\/535","targetHints":{"allow":["GET"]}}],"collection":[{"href":"http:\/\/www.svensk-indiskaagape-missionen.se\/index.php\/wp-json\/wp\/v2\/pages"}],"about":[{"href":"http:\/\/www.svensk-indiskaagape-missionen.se\/index.php\/wp-json\/wp\/v2\/types\/page"}],"author":[{"embeddable":true,"href":"http:\/\/www.svensk-indiskaagape-missionen.se\/index.php\/wp-json\/wp\/v2\/users\/1"}],"replies":[{"embeddable":true,"href":"http:\/\/www.svensk-indiskaagape-missionen.se\/index.php\/wp-json\/wp\/v2\/comments?post=535"}],"version-history":[{"count":6,"href":"http:\/\/www.svensk-indiskaagape-missionen.se\/index.php\/wp-json\/wp\/v2\/pages\/535\/revisions"}],"predecessor-version":[{"id":553,"href":"http:\/\/www.svensk-indiskaagape-missionen.se\/index.php\/wp-json\/wp\/v2\/pages\/535\/revisions\/553"}],"up":[{"embeddable":true,"href":"http:\/\/www.svensk-indiskaagape-missionen.se\/index.php\/wp-json\/wp\/v2\/pages\/577"}],"wp:attachment":[{"href":"http:\/\/www.svensk-indiskaagape-missionen.se\/index.php\/wp-json\/wp\/v2\/media?parent=535"}],"curies":[{"name":"wp","href":"https:\/\/api.w.org\/{rel}","templated":true}]}}