{"id":527,"date":"2023-06-17T20:53:04","date_gmt":"2023-06-17T18:53:04","guid":{"rendered":"http:\/\/www.svensk-indiskaagape-missionen.se\/?page_id=527"},"modified":"2024-03-10T14:50:14","modified_gmt":"2024-03-10T13:50:14","slug":"nyhetsbrev-mars-2023","status":"publish","type":"page","link":"http:\/\/www.svensk-indiskaagape-missionen.se\/index.php\/arkiv\/arkiv-2023\/nyhetsbrev-mars-2023\/","title":{"rendered":"Nyhetsbrev Mars 2023"},"content":{"rendered":"<p>K\u00e4ra Agape-v\u00e4nner!<\/p>\n<p>H\u00e4r finns senaste Nyhetsbrevet f\u00f6r Mars 2023.&nbsp;Vill speciellt p\u00e5minna om tv\u00e5 saker &#8211; \u00e4ven om jag skrev det i brevet:<\/p>\n<p>\u00c5rsm\u00f6te i Lugn\u00e5s 26\/3 kl 10:30 d\u00e5 med Gudstj\u00e4nst och info. M\u00f6tet b\u00f6rjar ca kl 13:00.<\/p>\n<p>V\u00e4lkommen att anm\u00e4la dig p\u00e5 den h\u00e4r adressen.<\/p>\n<p>Bes\u00f6k i h\u00f6st fr\u00e5n 15\/9 &#8211; 6\/10. D\u00e5 kommer Vachan med sonen Vikrant och hans fru Jasmini p\u00e5 bes\u00f6k.<\/p>\n<p>Vi hoppas kunna hinna med s\u00e5 m\u00e5nga f\u00f6rsamlingar som m\u00f6jligt som \u00f6nskar bes\u00f6k. Vi ringer, men om<\/p>\n<p>n\u00e5gon vet redan nu att ni vill ha bes\u00f6k, s\u00e5 h\u00f6r av er.<\/p>\n<p>Tack f\u00f6r allt ni g\u00f6r och har gjort.<\/p>\n<p>H\u00e4lsningar<\/p>\n<p>Jan Klehn, ordf\u00f6rande<\/p>\n<p><a href=\"http:\/\/www.svensk-indiskaagape-missionen.se\/wp-content\/uploads\/2023\/06\/Mars-2023.pdf\"><strong><\/strong><\/a><strong><a href=\"http:\/\/www.svensk-indiskaagape-missionen.se\/wp-content\/uploads\/2023\/06\/Mars-2023.pdf\">Till Nyhetsbrevet Mars 2023<\/a><\/strong><\/p>\n","protected":false},"excerpt":{"rendered":"<p>K\u00e4ra Agape-v\u00e4nner! H\u00e4r finns senaste Nyhetsbrevet f\u00f6r Mars 2023.&nbsp;Vill speciellt p\u00e5minna om tv\u00e5 saker &#8211; \u00e4ven om jag skrev det i brevet: \u00c5rsm\u00f6te i Lugn\u00e5s 26\/3 kl 10:30 d\u00e5 med Gudstj\u00e4nst och info. M\u00f6tet b\u00f6rjar ca kl 13:00. V\u00e4lkommen att anm\u00e4la dig p\u00e5 den h\u00e4r adressen. Bes\u00f6k i h\u00f6st fr\u00e5n 15\/9 &#8211; 6\/10. D\u00e5 kommer &hellip; <a href=\"http:\/\/www.svensk-indiskaagape-missionen.se\/index.php\/arkiv\/arkiv-2023\/nyhetsbrev-mars-2023\/\" class=\"more-link\">Forts\u00e4tt l\u00e4sa <span class=\"screen-reader-text\">Nyhetsbrev Mars 2023<\/span> <span class=\"meta-nav\">&rarr;<\/span><\/a><\/p>\n","protected":false},"author":1,"featured_media":0,"parent":577,"menu_order":1,"comment_status":"closed","ping_status":"closed","template":"","meta":{"ngg_post_thumbnail":0,"footnotes":""},"class_list":["post-527","page","type-page","status-publish","hentry"],"_links":{"self":[{"href":"http:\/\/www.svensk-indiskaagape-missionen.se\/index.php\/wp-json\/wp\/v2\/pages\/527","targetHints":{"allow":["GET"]}}],"collection":[{"href":"http:\/\/www.svensk-indiskaagape-missionen.se\/index.php\/wp-json\/wp\/v2\/pages"}],"about":[{"href":"http:\/\/www.svensk-indiskaagape-missionen.se\/index.php\/wp-json\/wp\/v2\/types\/page"}],"author":[{"embeddable":true,"href":"http:\/\/www.svensk-indiskaagape-missionen.se\/index.php\/wp-json\/wp\/v2\/users\/1"}],"replies":[{"embeddable":true,"href":"http:\/\/www.svensk-indiskaagape-missionen.se\/index.php\/wp-json\/wp\/v2\/comments?post=527"}],"version-history":[{"count":5,"href":"http:\/\/www.svensk-indiskaagape-missionen.se\/index.php\/wp-json\/wp\/v2\/pages\/527\/revisions"}],"predecessor-version":[{"id":545,"href":"http:\/\/www.svensk-indiskaagape-missionen.se\/index.php\/wp-json\/wp\/v2\/pages\/527\/revisions\/545"}],"up":[{"embeddable":true,"href":"http:\/\/www.svensk-indiskaagape-missionen.se\/index.php\/wp-json\/wp\/v2\/pages\/577"}],"wp:attachment":[{"href":"http:\/\/www.svensk-indiskaagape-missionen.se\/index.php\/wp-json\/wp\/v2\/media?parent=527"}],"curies":[{"name":"wp","href":"https:\/\/api.w.org\/{rel}","templated":true}]}}