{"id":512,"date":"2022-12-17T19:48:20","date_gmt":"2022-12-17T18:48:20","guid":{"rendered":"http:\/\/www.svensk-indiskaagape-missionen.se\/?page_id=512"},"modified":"2024-03-10T14:51:13","modified_gmt":"2024-03-10T13:51:13","slug":"nyhetsbrev-julen-2022","status":"publish","type":"page","link":"http:\/\/www.svensk-indiskaagape-missionen.se\/index.php\/arkiv\/arkiv-2022\/nyhetsbrev-julen-2022\/","title":{"rendered":"Nyhetsbrev Julen 2022"},"content":{"rendered":"<p>K\u00e4ra Agape-v\u00e4nner!<\/p>\n<p>&nbsp;<\/p>\n<p>Julen n\u00e4rmar sig och nu \u00e4r det redan Advent. Vill tacka er alla f\u00f6r \u00e5ret som snart ligger bakom.<br \/>\nTack f\u00f6r st\u00f6d och f\u00f6rb\u00f6ner.<br \/>\nVi fick god respons i f\u00f6rra nyhetsbrevet d\u00e4r vi v\u00e4djade till att fler tar emot brevet via mejl.<br \/>\nDet ger ocks\u00e5 b\u00e4ttre m\u00f6jligheter att skicka ut snabba nyheter fr\u00e5n Indien.<br \/>\nTitta g\u00e5r in p\u00e5 v\u00e5r hemsida p\u00e5 Facebook. Det har blivit mer nyheter d\u00e4r. Observera dock att vi<br \/>\ninte ber\u00e4ttar direkt om den evangeliska delen av arbetet. Det \u00e4r sv\u00e5rt i Indien. Arbetet ut\u00e5t sker<br \/>\nfr\u00e4mst genom att g\u00f6ra gott bland befolkningen och samtidigt visa p\u00e5 Guds k\u00e4rlek.<br \/>\nNu hoppas jag att alla adresser blivit r\u00e4tt, s\u00e5 att ni kommer med h\u00e4r i utskicket.<\/p>\n<p>God Jul och Gott Nytt \u00c5r 2023<\/p>\n<p>Varma h\u00e4lsningar<br \/>\nJan Klehn, ordf\u00f6rande<\/p>\n<p><a href=\"http:\/\/www.svensk-indiskaagape-missionen.se\/wp-content\/uploads\/2022\/12\/Julen-2022-pdf.pdf\" target=\"_blank\" rel=\"noopener noreferrer\">Till Nyhetsbrevet<\/a><\/p>\n","protected":false},"excerpt":{"rendered":"<p>K\u00e4ra Agape-v\u00e4nner! &nbsp; Julen n\u00e4rmar sig och nu \u00e4r det redan Advent. Vill tacka er alla f\u00f6r \u00e5ret som snart ligger bakom. Tack f\u00f6r st\u00f6d och f\u00f6rb\u00f6ner. Vi fick god respons i f\u00f6rra nyhetsbrevet d\u00e4r vi v\u00e4djade till att fler tar emot brevet via mejl. Det ger ocks\u00e5 b\u00e4ttre m\u00f6jligheter att skicka ut snabba nyheter &hellip; <a href=\"http:\/\/www.svensk-indiskaagape-missionen.se\/index.php\/arkiv\/arkiv-2022\/nyhetsbrev-julen-2022\/\" class=\"more-link\">Forts\u00e4tt l\u00e4sa <span class=\"screen-reader-text\">Nyhetsbrev Julen 2022<\/span> <span class=\"meta-nav\">&rarr;<\/span><\/a><\/p>\n","protected":false},"author":1,"featured_media":0,"parent":575,"menu_order":4,"comment_status":"closed","ping_status":"closed","template":"","meta":{"ngg_post_thumbnail":0,"footnotes":""},"class_list":["post-512","page","type-page","status-publish","hentry"],"_links":{"self":[{"href":"http:\/\/www.svensk-indiskaagape-missionen.se\/index.php\/wp-json\/wp\/v2\/pages\/512","targetHints":{"allow":["GET"]}}],"collection":[{"href":"http:\/\/www.svensk-indiskaagape-missionen.se\/index.php\/wp-json\/wp\/v2\/pages"}],"about":[{"href":"http:\/\/www.svensk-indiskaagape-missionen.se\/index.php\/wp-json\/wp\/v2\/types\/page"}],"author":[{"embeddable":true,"href":"http:\/\/www.svensk-indiskaagape-missionen.se\/index.php\/wp-json\/wp\/v2\/users\/1"}],"replies":[{"embeddable":true,"href":"http:\/\/www.svensk-indiskaagape-missionen.se\/index.php\/wp-json\/wp\/v2\/comments?post=512"}],"version-history":[{"count":7,"href":"http:\/\/www.svensk-indiskaagape-missionen.se\/index.php\/wp-json\/wp\/v2\/pages\/512\/revisions"}],"predecessor-version":[{"id":521,"href":"http:\/\/www.svensk-indiskaagape-missionen.se\/index.php\/wp-json\/wp\/v2\/pages\/512\/revisions\/521"}],"up":[{"embeddable":true,"href":"http:\/\/www.svensk-indiskaagape-missionen.se\/index.php\/wp-json\/wp\/v2\/pages\/575"}],"wp:attachment":[{"href":"http:\/\/www.svensk-indiskaagape-missionen.se\/index.php\/wp-json\/wp\/v2\/media?parent=512"}],"curies":[{"name":"wp","href":"https:\/\/api.w.org\/{rel}","templated":true}]}}