{"id":505,"date":"2022-10-08T19:35:26","date_gmt":"2022-10-08T17:35:26","guid":{"rendered":"http:\/\/www.svensk-indiskaagape-missionen.se\/?page_id=505"},"modified":"2024-03-10T14:51:21","modified_gmt":"2024-03-10T13:51:21","slug":"nyhetsbrev-sep-2022","status":"publish","type":"page","link":"http:\/\/www.svensk-indiskaagape-missionen.se\/index.php\/arkiv\/arkiv-2022\/nyhetsbrev-sep-2022\/","title":{"rendered":"Nyhetsbrev-sep-2022"},"content":{"rendered":"<p>K\u00e4ra Agape-v\u00e4nner!<\/p>\n<p>S\u00e5 var det h\u00f6g tid f\u00f6r \u00e4nnu ett Nyhetsbrev. Hoppas det blir till gl\u00e4dje.<br \/>\nBehoven \u00e4r stora och uppgifterna m\u00e5nga.<br \/>\nAv brevet ser ni ett nytt behov av nya datorer. Har n\u00e5gon m\u00f6jlighet<br \/>\natt g\u00f6ra n\u00e5got extra &#8211; m\u00e4rk i s\u00e5 fall g\u00e5van med &#8221;nya datorrer&#8221;<\/p>\n<p>Gud v\u00e4lsigna er alla.<\/p>\n<p>mvh<br \/>\nJan Klehn, ordf.<\/p>\n<p><a href=\"http:\/\/www.svensk-indiskaagape-missionen.se\/wp-content\/uploads\/2022\/10\/Nyhetsbrev-sept-2022.pdf\">Till Nyhetsbrevet<\/a><\/p>\n","protected":false},"excerpt":{"rendered":"<p>K\u00e4ra Agape-v\u00e4nner! S\u00e5 var det h\u00f6g tid f\u00f6r \u00e4nnu ett Nyhetsbrev. Hoppas det blir till gl\u00e4dje. Behoven \u00e4r stora och uppgifterna m\u00e5nga. Av brevet ser ni ett nytt behov av nya datorer. Har n\u00e5gon m\u00f6jlighet att g\u00f6ra n\u00e5got extra &#8211; m\u00e4rk i s\u00e5 fall g\u00e5van med &#8221;nya datorrer&#8221; Gud v\u00e4lsigna er alla. mvh Jan Klehn, &hellip; <a href=\"http:\/\/www.svensk-indiskaagape-missionen.se\/index.php\/arkiv\/arkiv-2022\/nyhetsbrev-sep-2022\/\" class=\"more-link\">Forts\u00e4tt l\u00e4sa <span class=\"screen-reader-text\">Nyhetsbrev-sep-2022<\/span> <span class=\"meta-nav\">&rarr;<\/span><\/a><\/p>\n","protected":false},"author":1,"featured_media":0,"parent":575,"menu_order":3,"comment_status":"closed","ping_status":"closed","template":"page-templates\/full-width.php","meta":{"ngg_post_thumbnail":0,"footnotes":""},"class_list":["post-505","page","type-page","status-publish","hentry"],"_links":{"self":[{"href":"http:\/\/www.svensk-indiskaagape-missionen.se\/index.php\/wp-json\/wp\/v2\/pages\/505","targetHints":{"allow":["GET"]}}],"collection":[{"href":"http:\/\/www.svensk-indiskaagape-missionen.se\/index.php\/wp-json\/wp\/v2\/pages"}],"about":[{"href":"http:\/\/www.svensk-indiskaagape-missionen.se\/index.php\/wp-json\/wp\/v2\/types\/page"}],"author":[{"embeddable":true,"href":"http:\/\/www.svensk-indiskaagape-missionen.se\/index.php\/wp-json\/wp\/v2\/users\/1"}],"replies":[{"embeddable":true,"href":"http:\/\/www.svensk-indiskaagape-missionen.se\/index.php\/wp-json\/wp\/v2\/comments?post=505"}],"version-history":[{"count":2,"href":"http:\/\/www.svensk-indiskaagape-missionen.se\/index.php\/wp-json\/wp\/v2\/pages\/505\/revisions"}],"predecessor-version":[{"id":507,"href":"http:\/\/www.svensk-indiskaagape-missionen.se\/index.php\/wp-json\/wp\/v2\/pages\/505\/revisions\/507"}],"up":[{"embeddable":true,"href":"http:\/\/www.svensk-indiskaagape-missionen.se\/index.php\/wp-json\/wp\/v2\/pages\/575"}],"wp:attachment":[{"href":"http:\/\/www.svensk-indiskaagape-missionen.se\/index.php\/wp-json\/wp\/v2\/media?parent=505"}],"curies":[{"name":"wp","href":"https:\/\/api.w.org\/{rel}","templated":true}]}}