{"id":497,"date":"2022-06-23T20:46:17","date_gmt":"2022-06-23T18:46:17","guid":{"rendered":"http:\/\/www.svensk-indiskaagape-missionen.se\/?page_id=497"},"modified":"2024-03-10T14:51:28","modified_gmt":"2024-03-10T13:51:28","slug":"nyhetsbrev-juni-2022","status":"publish","type":"page","link":"http:\/\/www.svensk-indiskaagape-missionen.se\/index.php\/arkiv\/arkiv-2022\/nyhetsbrev-juni-2022\/","title":{"rendered":"Nyhetsbrev Juni 2022"},"content":{"rendered":"<p>K\u00e4ra Agape-v\u00e4nner!<\/p>\n<p>H\u00e4r kommer senaste Nyhetsbrevet fr\u00e5n Vachan och Vikrant. Hoppas det kan ge lite information och gl\u00e4dje. Tack f\u00f6r alla bidrag, sm\u00e5 som st\u00f6rre. Allt beh\u00f6vs och anv\u00e4nds till Guds verk i Inden.<\/p>\n<p>\u00d6nskar er alla en fin sommar.<\/p>\n<p>Jan Klehn, ordf\u00f6rande<\/p>\n<p><a href=\"http:\/\/www.svensk-indiskaagape-missionen.se\/wp-content\/uploads\/2022\/06\/Juni-2022-pdf.pdf\">Nyhetsbrevet<\/a><\/p>\n","protected":false},"excerpt":{"rendered":"<p>K\u00e4ra Agape-v\u00e4nner! H\u00e4r kommer senaste Nyhetsbrevet fr\u00e5n Vachan och Vikrant. Hoppas det kan ge lite information och gl\u00e4dje. Tack f\u00f6r alla bidrag, sm\u00e5 som st\u00f6rre. Allt beh\u00f6vs och anv\u00e4nds till Guds verk i Inden. \u00d6nskar er alla en fin sommar. Jan Klehn, ordf\u00f6rande Nyhetsbrevet<\/p>\n","protected":false},"author":1,"featured_media":0,"parent":575,"menu_order":2,"comment_status":"closed","ping_status":"closed","template":"","meta":{"ngg_post_thumbnail":0,"footnotes":""},"class_list":["post-497","page","type-page","status-publish","hentry"],"_links":{"self":[{"href":"http:\/\/www.svensk-indiskaagape-missionen.se\/index.php\/wp-json\/wp\/v2\/pages\/497","targetHints":{"allow":["GET"]}}],"collection":[{"href":"http:\/\/www.svensk-indiskaagape-missionen.se\/index.php\/wp-json\/wp\/v2\/pages"}],"about":[{"href":"http:\/\/www.svensk-indiskaagape-missionen.se\/index.php\/wp-json\/wp\/v2\/types\/page"}],"author":[{"embeddable":true,"href":"http:\/\/www.svensk-indiskaagape-missionen.se\/index.php\/wp-json\/wp\/v2\/users\/1"}],"replies":[{"embeddable":true,"href":"http:\/\/www.svensk-indiskaagape-missionen.se\/index.php\/wp-json\/wp\/v2\/comments?post=497"}],"version-history":[{"count":3,"href":"http:\/\/www.svensk-indiskaagape-missionen.se\/index.php\/wp-json\/wp\/v2\/pages\/497\/revisions"}],"predecessor-version":[{"id":500,"href":"http:\/\/www.svensk-indiskaagape-missionen.se\/index.php\/wp-json\/wp\/v2\/pages\/497\/revisions\/500"}],"up":[{"embeddable":true,"href":"http:\/\/www.svensk-indiskaagape-missionen.se\/index.php\/wp-json\/wp\/v2\/pages\/575"}],"wp:attachment":[{"href":"http:\/\/www.svensk-indiskaagape-missionen.se\/index.php\/wp-json\/wp\/v2\/media?parent=497"}],"curies":[{"name":"wp","href":"https:\/\/api.w.org\/{rel}","templated":true}]}}