{"id":491,"date":"2022-03-27T20:35:27","date_gmt":"2022-03-27T18:35:27","guid":{"rendered":"http:\/\/www.svensk-indiskaagape-missionen.se\/?page_id=491"},"modified":"2024-03-10T14:51:37","modified_gmt":"2024-03-10T13:51:37","slug":"nyhetsbrev-mars-2022","status":"publish","type":"page","link":"http:\/\/www.svensk-indiskaagape-missionen.se\/index.php\/arkiv\/arkiv-2022\/nyhetsbrev-mars-2022\/","title":{"rendered":"Nyhetsbrev Mars 2022"},"content":{"rendered":"<p>K\u00e4ra Agape-v\u00e4nner!<\/p>\n<p>&nbsp;<\/p>\n<p>H\u00e4r kommer \u00e5rets f\u00f6rsta nyhetsbrev. Som vanligt \u00e4r det m\u00e5nga intressanta saker som p\u00e5g\u00e5r.<\/p>\n<p>Det ser du vid l\u00e4sning. Mycket n\u00f6je.<\/p>\n<p><strong><a href=\"http:\/\/www.svensk-indiskaagape-missionen.se\/wp-content\/uploads\/2022\/03\/Mars-2022-pdf.pdf\" target=\"_blank\" rel=\"noopener noreferrer\">Till Nyhetsbrevet<\/a><\/strong><\/p>\n<p>Vill bara p\u00e5minna om \u00c5rsm\u00f6tet \u00e4ven h\u00e4r. Du \u00e4r v\u00e4lkommen till Andreaskyrkan i Klippan 3\/4 kl 10:00 f\u00f6r gudstj\u00e4nst.<\/p>\n<p>\u00c5rsm\u00f6tet b\u00f6rjar ca kl 13:00.<\/p>\n<p>mvh<\/p>\n<p>Jan Klehn, ordf\u00f6rande<\/p>\n","protected":false},"excerpt":{"rendered":"<p>K\u00e4ra Agape-v\u00e4nner! &nbsp; H\u00e4r kommer \u00e5rets f\u00f6rsta nyhetsbrev. Som vanligt \u00e4r det m\u00e5nga intressanta saker som p\u00e5g\u00e5r. Det ser du vid l\u00e4sning. Mycket n\u00f6je. Till Nyhetsbrevet Vill bara p\u00e5minna om \u00c5rsm\u00f6tet \u00e4ven h\u00e4r. Du \u00e4r v\u00e4lkommen till Andreaskyrkan i Klippan 3\/4 kl 10:00 f\u00f6r gudstj\u00e4nst. \u00c5rsm\u00f6tet b\u00f6rjar ca kl 13:00. mvh Jan Klehn, ordf\u00f6rande<\/p>\n","protected":false},"author":1,"featured_media":0,"parent":575,"menu_order":1,"comment_status":"closed","ping_status":"closed","template":"","meta":{"ngg_post_thumbnail":0,"footnotes":""},"class_list":["post-491","page","type-page","status-publish","hentry"],"_links":{"self":[{"href":"http:\/\/www.svensk-indiskaagape-missionen.se\/index.php\/wp-json\/wp\/v2\/pages\/491","targetHints":{"allow":["GET"]}}],"collection":[{"href":"http:\/\/www.svensk-indiskaagape-missionen.se\/index.php\/wp-json\/wp\/v2\/pages"}],"about":[{"href":"http:\/\/www.svensk-indiskaagape-missionen.se\/index.php\/wp-json\/wp\/v2\/types\/page"}],"author":[{"embeddable":true,"href":"http:\/\/www.svensk-indiskaagape-missionen.se\/index.php\/wp-json\/wp\/v2\/users\/1"}],"replies":[{"embeddable":true,"href":"http:\/\/www.svensk-indiskaagape-missionen.se\/index.php\/wp-json\/wp\/v2\/comments?post=491"}],"version-history":[{"count":2,"href":"http:\/\/www.svensk-indiskaagape-missionen.se\/index.php\/wp-json\/wp\/v2\/pages\/491\/revisions"}],"predecessor-version":[{"id":493,"href":"http:\/\/www.svensk-indiskaagape-missionen.se\/index.php\/wp-json\/wp\/v2\/pages\/491\/revisions\/493"}],"up":[{"embeddable":true,"href":"http:\/\/www.svensk-indiskaagape-missionen.se\/index.php\/wp-json\/wp\/v2\/pages\/575"}],"wp:attachment":[{"href":"http:\/\/www.svensk-indiskaagape-missionen.se\/index.php\/wp-json\/wp\/v2\/media?parent=491"}],"curies":[{"name":"wp","href":"https:\/\/api.w.org\/{rel}","templated":true}]}}