{"id":478,"date":"2021-11-28T20:14:51","date_gmt":"2021-11-28T19:14:51","guid":{"rendered":"http:\/\/www.svensk-indiskaagape-missionen.se\/?page_id=478"},"modified":"2024-03-10T14:52:25","modified_gmt":"2024-03-10T13:52:25","slug":"nyhetsbrev-sep-2021","status":"publish","type":"page","link":"http:\/\/www.svensk-indiskaagape-missionen.se\/index.php\/arkiv\/arkiv-2021\/nyhetsbrev-sep-2021\/","title":{"rendered":"Nyhetsbrev Sep 2021"},"content":{"rendered":"<div>K\u00e4ra v\u00e4nner!<\/div>\n<div>Hoppas att ni alla m\u00e5r bra i dessa tider. Arbetet i Indien p\u00e5g\u00e5r f\u00f6r fullt, trots sv\u00e5righeter.<\/div>\n<div>Forts\u00e4tt att be f\u00f6r dem. Bif. senaste Nyhetsbrevet som f\u00f6rhoppningsvis kan inspirera dig f\u00f6r arbetet.<\/div>\n<div>H\u00e4lsningar samt Guds V\u00e4lsignelse<\/div>\n<div>&nbsp;<\/div>\n<div>Jan Klehn, ordf\u00f6rande<\/div>\n<div>&nbsp;<\/div>\n<div><a href=\"http:\/\/www.svensk-indiskaagape-missionen.se\/wp-content\/uploads\/2021\/11\/Nyhetsbrev-sept-2021.pdf\" target=\"_blank\" rel=\"noopener noreferrer\"><strong>Till Nyhetsbrevet<\/strong><\/a><\/div>\n","protected":false},"excerpt":{"rendered":"<p>K\u00e4ra v\u00e4nner! Hoppas att ni alla m\u00e5r bra i dessa tider. Arbetet i Indien p\u00e5g\u00e5r f\u00f6r fullt, trots sv\u00e5righeter. Forts\u00e4tt att be f\u00f6r dem. Bif. senaste Nyhetsbrevet som f\u00f6rhoppningsvis kan inspirera dig f\u00f6r arbetet. H\u00e4lsningar samt Guds V\u00e4lsignelse &nbsp; Jan Klehn, ordf\u00f6rande &nbsp; Till Nyhetsbrevet<\/p>\n","protected":false},"author":1,"featured_media":0,"parent":573,"menu_order":3,"comment_status":"closed","ping_status":"closed","template":"","meta":{"ngg_post_thumbnail":0,"footnotes":""},"class_list":["post-478","page","type-page","status-publish","hentry"],"_links":{"self":[{"href":"http:\/\/www.svensk-indiskaagape-missionen.se\/index.php\/wp-json\/wp\/v2\/pages\/478","targetHints":{"allow":["GET"]}}],"collection":[{"href":"http:\/\/www.svensk-indiskaagape-missionen.se\/index.php\/wp-json\/wp\/v2\/pages"}],"about":[{"href":"http:\/\/www.svensk-indiskaagape-missionen.se\/index.php\/wp-json\/wp\/v2\/types\/page"}],"author":[{"embeddable":true,"href":"http:\/\/www.svensk-indiskaagape-missionen.se\/index.php\/wp-json\/wp\/v2\/users\/1"}],"replies":[{"embeddable":true,"href":"http:\/\/www.svensk-indiskaagape-missionen.se\/index.php\/wp-json\/wp\/v2\/comments?post=478"}],"version-history":[{"count":2,"href":"http:\/\/www.svensk-indiskaagape-missionen.se\/index.php\/wp-json\/wp\/v2\/pages\/478\/revisions"}],"predecessor-version":[{"id":481,"href":"http:\/\/www.svensk-indiskaagape-missionen.se\/index.php\/wp-json\/wp\/v2\/pages\/478\/revisions\/481"}],"up":[{"embeddable":true,"href":"http:\/\/www.svensk-indiskaagape-missionen.se\/index.php\/wp-json\/wp\/v2\/pages\/573"}],"wp:attachment":[{"href":"http:\/\/www.svensk-indiskaagape-missionen.se\/index.php\/wp-json\/wp\/v2\/media?parent=478"}],"curies":[{"name":"wp","href":"https:\/\/api.w.org\/{rel}","templated":true}]}}