{"id":472,"date":"2021-06-23T11:45:39","date_gmt":"2021-06-23T09:45:39","guid":{"rendered":"http:\/\/www.svensk-indiskaagape-missionen.se\/?page_id=472"},"modified":"2024-03-10T14:52:18","modified_gmt":"2024-03-10T13:52:18","slug":"nyhetsbrev-juni-2021-2","status":"publish","type":"page","link":"http:\/\/www.svensk-indiskaagape-missionen.se\/index.php\/arkiv\/arkiv-2021\/nyhetsbrev-juni-2021-2\/","title":{"rendered":"Nyhetsbrev Juni 2021"},"content":{"rendered":"<div>K\u00e4ra v\u00e4nner!<\/div>\n<div>&nbsp;<\/div>\n<div>Bifogar h\u00e4r senaste nyhetsbrevet fr\u00e5n Agape Indien.<\/div>\n<div>Tack f\u00f6r allt ni gjort och g\u00f6r f\u00f6r v\u00e5rt arbete.<\/div>\n<div>Sk\u00f6t om er och ha en sk\u00f6n sommar.<\/div>\n<div>mvh<\/div>\n<div>Jan Klehn<\/div>\n<div><a href=\"http:\/\/www.svensk-indiskaagape-missionen.se\/wp-content\/uploads\/2021\/06\/Nyhetsbrev-juni-2021.pdf\" target=\"_blank\" rel=\"noopener noreferrer\">Till Nyhetsbrevet<\/a><\/div>\n","protected":false},"excerpt":{"rendered":"<p>K\u00e4ra v\u00e4nner! &nbsp; Bifogar h\u00e4r senaste nyhetsbrevet fr\u00e5n Agape Indien. Tack f\u00f6r allt ni gjort och g\u00f6r f\u00f6r v\u00e5rt arbete. Sk\u00f6t om er och ha en sk\u00f6n sommar. mvh Jan Klehn Till Nyhetsbrevet<\/p>\n","protected":false},"author":1,"featured_media":0,"parent":573,"menu_order":2,"comment_status":"closed","ping_status":"closed","template":"page-templates\/full-width.php","meta":{"ngg_post_thumbnail":0,"footnotes":""},"class_list":["post-472","page","type-page","status-publish","hentry"],"_links":{"self":[{"href":"http:\/\/www.svensk-indiskaagape-missionen.se\/index.php\/wp-json\/wp\/v2\/pages\/472","targetHints":{"allow":["GET"]}}],"collection":[{"href":"http:\/\/www.svensk-indiskaagape-missionen.se\/index.php\/wp-json\/wp\/v2\/pages"}],"about":[{"href":"http:\/\/www.svensk-indiskaagape-missionen.se\/index.php\/wp-json\/wp\/v2\/types\/page"}],"author":[{"embeddable":true,"href":"http:\/\/www.svensk-indiskaagape-missionen.se\/index.php\/wp-json\/wp\/v2\/users\/1"}],"replies":[{"embeddable":true,"href":"http:\/\/www.svensk-indiskaagape-missionen.se\/index.php\/wp-json\/wp\/v2\/comments?post=472"}],"version-history":[{"count":2,"href":"http:\/\/www.svensk-indiskaagape-missionen.se\/index.php\/wp-json\/wp\/v2\/pages\/472\/revisions"}],"predecessor-version":[{"id":474,"href":"http:\/\/www.svensk-indiskaagape-missionen.se\/index.php\/wp-json\/wp\/v2\/pages\/472\/revisions\/474"}],"up":[{"embeddable":true,"href":"http:\/\/www.svensk-indiskaagape-missionen.se\/index.php\/wp-json\/wp\/v2\/pages\/573"}],"wp:attachment":[{"href":"http:\/\/www.svensk-indiskaagape-missionen.se\/index.php\/wp-json\/wp\/v2\/media?parent=472"}],"curies":[{"name":"wp","href":"https:\/\/api.w.org\/{rel}","templated":true}]}}