{"id":453,"date":"2020-12-25T16:01:03","date_gmt":"2020-12-25T15:01:03","guid":{"rendered":"http:\/\/www.svensk-indiskaagape-missionen.se\/?page_id=453"},"modified":"2024-03-10T14:52:53","modified_gmt":"2024-03-10T13:52:53","slug":"tack-dec-2020","status":"publish","type":"page","link":"http:\/\/www.svensk-indiskaagape-missionen.se\/index.php\/arkiv\/arkiv-2020\/tack-dec-2020\/","title":{"rendered":"Tack dec 2020"},"content":{"rendered":"<div>K\u00e4ra V\u00e4nner!<\/div>\n<div>&nbsp;<\/div>\n<div>Skickar ett extra Nyhetsbrev, ett tack till alla som bidragit till insamlingen f\u00f6r filtar till n\u00e4rmare 500 beh\u00f6vande barn. Filtarna delades ut &#8211; som ni ser &#8211; precis innan jul.<\/div>\n<div>Om n\u00e5gon fortfarande vill bidra till denna satsning \u00e4r du v\u00e4lkommen. M\u00e4rk din betalning &#8221;filtar&#8221; s\u00e5 vet vi. Bankgiro och swishnummer st\u00e5r nederst p\u00e5 Nyhetsbrevet.<\/div>\n<div>&nbsp;<\/div>\n<div>mvh<\/div>\n<div>Jan Klehn<\/div>\n<div><a href=\"http:\/\/www.svensk-indiskaagape-missionen.se\/wp-content\/uploads\/2020\/12\/Tack-dec-2020-pdf.pdf\" target=\"_blank\" rel=\"noopener noreferrer\">Nyhetsbrev: Tack Dec. 2020<\/a><\/div>\n","protected":false},"excerpt":{"rendered":"<p>K\u00e4ra V\u00e4nner! &nbsp; Skickar ett extra Nyhetsbrev, ett tack till alla som bidragit till insamlingen f\u00f6r filtar till n\u00e4rmare 500 beh\u00f6vande barn. Filtarna delades ut &#8211; som ni ser &#8211; precis innan jul. Om n\u00e5gon fortfarande vill bidra till denna satsning \u00e4r du v\u00e4lkommen. M\u00e4rk din betalning &#8221;filtar&#8221; s\u00e5 vet vi. Bankgiro och swishnummer st\u00e5r &hellip; <a href=\"http:\/\/www.svensk-indiskaagape-missionen.se\/index.php\/arkiv\/arkiv-2020\/tack-dec-2020\/\" class=\"more-link\">Forts\u00e4tt l\u00e4sa <span class=\"screen-reader-text\">Tack dec 2020<\/span> <span class=\"meta-nav\">&rarr;<\/span><\/a><\/p>\n","protected":false},"author":1,"featured_media":0,"parent":431,"menu_order":5,"comment_status":"closed","ping_status":"closed","template":"","meta":{"ngg_post_thumbnail":0,"footnotes":""},"class_list":["post-453","page","type-page","status-publish","hentry"],"_links":{"self":[{"href":"http:\/\/www.svensk-indiskaagape-missionen.se\/index.php\/wp-json\/wp\/v2\/pages\/453","targetHints":{"allow":["GET"]}}],"collection":[{"href":"http:\/\/www.svensk-indiskaagape-missionen.se\/index.php\/wp-json\/wp\/v2\/pages"}],"about":[{"href":"http:\/\/www.svensk-indiskaagape-missionen.se\/index.php\/wp-json\/wp\/v2\/types\/page"}],"author":[{"embeddable":true,"href":"http:\/\/www.svensk-indiskaagape-missionen.se\/index.php\/wp-json\/wp\/v2\/users\/1"}],"replies":[{"embeddable":true,"href":"http:\/\/www.svensk-indiskaagape-missionen.se\/index.php\/wp-json\/wp\/v2\/comments?post=453"}],"version-history":[{"count":2,"href":"http:\/\/www.svensk-indiskaagape-missionen.se\/index.php\/wp-json\/wp\/v2\/pages\/453\/revisions"}],"predecessor-version":[{"id":455,"href":"http:\/\/www.svensk-indiskaagape-missionen.se\/index.php\/wp-json\/wp\/v2\/pages\/453\/revisions\/455"}],"up":[{"embeddable":true,"href":"http:\/\/www.svensk-indiskaagape-missionen.se\/index.php\/wp-json\/wp\/v2\/pages\/431"}],"wp:attachment":[{"href":"http:\/\/www.svensk-indiskaagape-missionen.se\/index.php\/wp-json\/wp\/v2\/media?parent=453"}],"curies":[{"name":"wp","href":"https:\/\/api.w.org\/{rel}","templated":true}]}}