{"id":418,"date":"2020-09-06T09:29:37","date_gmt":"2020-09-06T07:29:37","guid":{"rendered":"http:\/\/www.svensk-indiskaagape-missionen.se\/?page_id=418"},"modified":"2024-03-10T14:53:01","modified_gmt":"2024-03-10T13:53:01","slug":"nyhetsbrev-sep-2020","status":"publish","type":"page","link":"http:\/\/www.svensk-indiskaagape-missionen.se\/index.php\/arkiv\/arkiv-2020\/nyhetsbrev-sep-2020\/","title":{"rendered":"Nyhetsbrev Sep 2020"},"content":{"rendered":"<div>K\u00e4ra Agape-v\u00e4nner!<\/div>\n<div>&nbsp;<\/div>\n<div>S\u00e5 \u00e4r det tid f\u00f6r Nyhetsbrev f\u00f6r september.<\/div>\n<div>Trots all motg\u00e5ng och sv\u00e5righeter i samband med Covid-19 g\u00e5r verket fram\u00e5t i Indien. V\u00e5ra v\u00e4nner hittar nya v\u00e4gar att hj\u00e4lpa och samtidigt f\u00e5 ut budskapet. Behoven \u00e4r enorma och vi tackar Er alla f\u00f6r vad ni gjort hittills.<\/div>\n<div>Guds v\u00e4lsigna er att fortsatt st\u00f6dja arbetet.<\/div>\n<div>&nbsp;<\/div>\n<div>mvh<\/div>\n<div>Jan Klehn, ordf\u00f6rande<\/div>\n<div><a href=\"http:\/\/www.svensk-indiskaagape-missionen.se\/wp-content\/uploads\/2020\/09\/Nyhetsbrev-sept-2020.pdf\" target=\"_blank\" rel=\"noopener noreferrer\">Klicka h\u00e4r f\u00f6r att l\u00e4sa Nyhetsbrevet<\/a><\/div>\n","protected":false},"excerpt":{"rendered":"<p>K\u00e4ra Agape-v\u00e4nner! &nbsp; S\u00e5 \u00e4r det tid f\u00f6r Nyhetsbrev f\u00f6r september. Trots all motg\u00e5ng och sv\u00e5righeter i samband med Covid-19 g\u00e5r verket fram\u00e5t i Indien. V\u00e5ra v\u00e4nner hittar nya v\u00e4gar att hj\u00e4lpa och samtidigt f\u00e5 ut budskapet. Behoven \u00e4r enorma och vi tackar Er alla f\u00f6r vad ni gjort hittills. Guds v\u00e4lsigna er att fortsatt &hellip; <a href=\"http:\/\/www.svensk-indiskaagape-missionen.se\/index.php\/arkiv\/arkiv-2020\/nyhetsbrev-sep-2020\/\" class=\"more-link\">Forts\u00e4tt l\u00e4sa <span class=\"screen-reader-text\">Nyhetsbrev Sep 2020<\/span> <span class=\"meta-nav\">&rarr;<\/span><\/a><\/p>\n","protected":false},"author":1,"featured_media":0,"parent":431,"menu_order":4,"comment_status":"closed","ping_status":"closed","template":"page-templates\/full-width.php","meta":{"ngg_post_thumbnail":0,"footnotes":""},"class_list":["post-418","page","type-page","status-publish","hentry"],"_links":{"self":[{"href":"http:\/\/www.svensk-indiskaagape-missionen.se\/index.php\/wp-json\/wp\/v2\/pages\/418","targetHints":{"allow":["GET"]}}],"collection":[{"href":"http:\/\/www.svensk-indiskaagape-missionen.se\/index.php\/wp-json\/wp\/v2\/pages"}],"about":[{"href":"http:\/\/www.svensk-indiskaagape-missionen.se\/index.php\/wp-json\/wp\/v2\/types\/page"}],"author":[{"embeddable":true,"href":"http:\/\/www.svensk-indiskaagape-missionen.se\/index.php\/wp-json\/wp\/v2\/users\/1"}],"replies":[{"embeddable":true,"href":"http:\/\/www.svensk-indiskaagape-missionen.se\/index.php\/wp-json\/wp\/v2\/comments?post=418"}],"version-history":[{"count":4,"href":"http:\/\/www.svensk-indiskaagape-missionen.se\/index.php\/wp-json\/wp\/v2\/pages\/418\/revisions"}],"predecessor-version":[{"id":422,"href":"http:\/\/www.svensk-indiskaagape-missionen.se\/index.php\/wp-json\/wp\/v2\/pages\/418\/revisions\/422"}],"up":[{"embeddable":true,"href":"http:\/\/www.svensk-indiskaagape-missionen.se\/index.php\/wp-json\/wp\/v2\/pages\/431"}],"wp:attachment":[{"href":"http:\/\/www.svensk-indiskaagape-missionen.se\/index.php\/wp-json\/wp\/v2\/media?parent=418"}],"curies":[{"name":"wp","href":"https:\/\/api.w.org\/{rel}","templated":true}]}}