{"id":409,"date":"2020-06-07T09:17:51","date_gmt":"2020-06-07T07:17:51","guid":{"rendered":"http:\/\/www.svensk-indiskaagape-missionen.se\/?page_id=409"},"modified":"2024-03-10T14:53:09","modified_gmt":"2024-03-10T13:53:09","slug":"nyhetsbrev-juni-2020","status":"publish","type":"page","link":"http:\/\/www.svensk-indiskaagape-missionen.se\/index.php\/arkiv\/arkiv-2020\/nyhetsbrev-juni-2020\/","title":{"rendered":"Nyhetsbrev Juni 2020"},"content":{"rendered":"<p>K\u00e4ra Agape-v\u00e4nner, Guds frid!<br \/>\nSommaren n\u00e4rmar sig \u00e4ven i dessa Corona-tider d\u00e4r inget \u00e4r som det brukar. Trots allt<br \/>\np\u00e5g\u00e5r arbetet i Indien f\u00f6r fullt, fast p\u00e5 annat s\u00e4tt. Skolorna \u00e4r st\u00e4ngda och arbetet inriktas<br \/>\np\u00e5 att hj\u00e4lpa n\u00f6dlidande. Tidigare i \u00e5r skickade jag ett Nyhetsbrev till alla som har mejl med<br \/>\nen v\u00e4djan om extra st\u00f6d f\u00f6r arbetet. Resultatet blev p\u00e5 kort tid 27000 kronor och d\u00e4refter<br \/>\nhar ytterligare bidrag tillkommit. Situationen d\u00e4rute \u00e4r sv\u00e5r och vill ni som nu f\u00e5r detta brev<br \/>\nocks\u00e5 hj\u00e4lpa till lite extra \u00e4r vi tacksamma. M\u00e4rk i s\u00e5 fall g\u00e5van med \u201dCorona\u201d.<br \/>\nVi har inte kunnat h\u00e5lla v\u00e5rt planerade \u00e5rsm\u00f6te, men hoppas kunna kalla till ett nytt efter sommaren. Gud v\u00e4lsigna<br \/>\noch bevara Er alla.<\/p>\n<p>Varma h\u00e4lsningar Jan Klehn, ordf\u00f6rande<\/p>\n<p><a href=\"http:\/\/www.svensk-indiskaagape-missionen.se\/wp-content\/uploads\/2020\/06\/Nyhetsbrev-juni-2020-pdf.pdf\" target=\"_blank\" rel=\"noopener noreferrer\"><strong>L\u00e4s hela brevet h\u00e4r<\/strong><\/a><\/p>\n","protected":false},"excerpt":{"rendered":"<p>K\u00e4ra Agape-v\u00e4nner, Guds frid! Sommaren n\u00e4rmar sig \u00e4ven i dessa Corona-tider d\u00e4r inget \u00e4r som det brukar. Trots allt p\u00e5g\u00e5r arbetet i Indien f\u00f6r fullt, fast p\u00e5 annat s\u00e4tt. Skolorna \u00e4r st\u00e4ngda och arbetet inriktas p\u00e5 att hj\u00e4lpa n\u00f6dlidande. Tidigare i \u00e5r skickade jag ett Nyhetsbrev till alla som har mejl med en v\u00e4djan om &hellip; <a href=\"http:\/\/www.svensk-indiskaagape-missionen.se\/index.php\/arkiv\/arkiv-2020\/nyhetsbrev-juni-2020\/\" class=\"more-link\">Forts\u00e4tt l\u00e4sa <span class=\"screen-reader-text\">Nyhetsbrev Juni 2020<\/span> <span class=\"meta-nav\">&rarr;<\/span><\/a><\/p>\n","protected":false},"author":1,"featured_media":0,"parent":431,"menu_order":3,"comment_status":"closed","ping_status":"closed","template":"","meta":{"ngg_post_thumbnail":0,"footnotes":""},"class_list":["post-409","page","type-page","status-publish","hentry"],"_links":{"self":[{"href":"http:\/\/www.svensk-indiskaagape-missionen.se\/index.php\/wp-json\/wp\/v2\/pages\/409","targetHints":{"allow":["GET"]}}],"collection":[{"href":"http:\/\/www.svensk-indiskaagape-missionen.se\/index.php\/wp-json\/wp\/v2\/pages"}],"about":[{"href":"http:\/\/www.svensk-indiskaagape-missionen.se\/index.php\/wp-json\/wp\/v2\/types\/page"}],"author":[{"embeddable":true,"href":"http:\/\/www.svensk-indiskaagape-missionen.se\/index.php\/wp-json\/wp\/v2\/users\/1"}],"replies":[{"embeddable":true,"href":"http:\/\/www.svensk-indiskaagape-missionen.se\/index.php\/wp-json\/wp\/v2\/comments?post=409"}],"version-history":[{"count":3,"href":"http:\/\/www.svensk-indiskaagape-missionen.se\/index.php\/wp-json\/wp\/v2\/pages\/409\/revisions"}],"predecessor-version":[{"id":415,"href":"http:\/\/www.svensk-indiskaagape-missionen.se\/index.php\/wp-json\/wp\/v2\/pages\/409\/revisions\/415"}],"up":[{"embeddable":true,"href":"http:\/\/www.svensk-indiskaagape-missionen.se\/index.php\/wp-json\/wp\/v2\/pages\/431"}],"wp:attachment":[{"href":"http:\/\/www.svensk-indiskaagape-missionen.se\/index.php\/wp-json\/wp\/v2\/media?parent=409"}],"curies":[{"name":"wp","href":"https:\/\/api.w.org\/{rel}","templated":true}]}}