{"id":394,"date":"2020-04-08T12:03:36","date_gmt":"2020-04-08T10:03:36","guid":{"rendered":"http:\/\/www.svensk-indiskaagape-missionen.se\/?page_id=394"},"modified":"2024-03-10T14:53:18","modified_gmt":"2024-03-10T13:53:18","slug":"extra-nyhetsbrev-april-2020","status":"publish","type":"page","link":"http:\/\/www.svensk-indiskaagape-missionen.se\/index.php\/arkiv\/arkiv-2020\/extra-nyhetsbrev-april-2020\/","title":{"rendered":"Extra nyhetsbrev april 2020"},"content":{"rendered":"<div>K\u00e4ra v\u00e4nner!<\/div>\n<div>&nbsp;<\/div>\n<div>Det h\u00e4nder mycket just nu och tiden \u00e4r sv\u00e5r f\u00f6r m\u00e5nga. Det g\u00e4ller inte minst i Indien. (Se bifogade brev fr\u00e5n Vikrant)<\/div>\n<div>Kan du hj\u00e4lpa till med ett bidrag, s\u00e5 skicka detta snarast via bankgiro 735-2388 eller swish 1233381399. M\u00e4rk med &#8221;Corona&#8221;.<\/div>\n<div>&nbsp;<\/div>\n<div>Tack p\u00e5 f\u00f6rhand och Gud v\u00e4lsigna Er.<\/div>\n<div>Med v\u00e4nlig h\u00e4lsning,<\/div>\n<div>Jan Klehn<\/div>\n<div>&nbsp;<\/div>\n<h3><a href=\"http:\/\/www.svensk-indiskaagape-missionen.se\/wp-content\/uploads\/2020\/04\/Extra-nyhetsbrev-april-2020-pdf.pdf\">Visa Nyhetsbrevet<\/a><\/h3>\n","protected":false},"excerpt":{"rendered":"<p>K\u00e4ra v\u00e4nner! &nbsp; Det h\u00e4nder mycket just nu och tiden \u00e4r sv\u00e5r f\u00f6r m\u00e5nga. Det g\u00e4ller inte minst i Indien. (Se bifogade brev fr\u00e5n Vikrant) Kan du hj\u00e4lpa till med ett bidrag, s\u00e5 skicka detta snarast via bankgiro 735-2388 eller swish 1233381399. M\u00e4rk med &#8221;Corona&#8221;. &nbsp; Tack p\u00e5 f\u00f6rhand och Gud v\u00e4lsigna Er. Med v\u00e4nlig &hellip; <a href=\"http:\/\/www.svensk-indiskaagape-missionen.se\/index.php\/arkiv\/arkiv-2020\/extra-nyhetsbrev-april-2020\/\" class=\"more-link\">Forts\u00e4tt l\u00e4sa <span class=\"screen-reader-text\">Extra nyhetsbrev april 2020<\/span> <span class=\"meta-nav\">&rarr;<\/span><\/a><\/p>\n","protected":false},"author":1,"featured_media":0,"parent":431,"menu_order":2,"comment_status":"closed","ping_status":"closed","template":"","meta":{"ngg_post_thumbnail":0,"footnotes":""},"class_list":["post-394","page","type-page","status-publish","hentry"],"_links":{"self":[{"href":"http:\/\/www.svensk-indiskaagape-missionen.se\/index.php\/wp-json\/wp\/v2\/pages\/394","targetHints":{"allow":["GET"]}}],"collection":[{"href":"http:\/\/www.svensk-indiskaagape-missionen.se\/index.php\/wp-json\/wp\/v2\/pages"}],"about":[{"href":"http:\/\/www.svensk-indiskaagape-missionen.se\/index.php\/wp-json\/wp\/v2\/types\/page"}],"author":[{"embeddable":true,"href":"http:\/\/www.svensk-indiskaagape-missionen.se\/index.php\/wp-json\/wp\/v2\/users\/1"}],"replies":[{"embeddable":true,"href":"http:\/\/www.svensk-indiskaagape-missionen.se\/index.php\/wp-json\/wp\/v2\/comments?post=394"}],"version-history":[{"count":3,"href":"http:\/\/www.svensk-indiskaagape-missionen.se\/index.php\/wp-json\/wp\/v2\/pages\/394\/revisions"}],"predecessor-version":[{"id":397,"href":"http:\/\/www.svensk-indiskaagape-missionen.se\/index.php\/wp-json\/wp\/v2\/pages\/394\/revisions\/397"}],"up":[{"embeddable":true,"href":"http:\/\/www.svensk-indiskaagape-missionen.se\/index.php\/wp-json\/wp\/v2\/pages\/431"}],"wp:attachment":[{"href":"http:\/\/www.svensk-indiskaagape-missionen.se\/index.php\/wp-json\/wp\/v2\/media?parent=394"}],"curies":[{"name":"wp","href":"https:\/\/api.w.org\/{rel}","templated":true}]}}