{"id":377,"date":"2020-03-05T17:08:58","date_gmt":"2020-03-05T16:08:58","guid":{"rendered":"http:\/\/www.svensk-indiskaagape-missionen.se\/?page_id=377"},"modified":"2024-03-10T14:53:25","modified_gmt":"2024-03-10T13:53:25","slug":"nyhetsbrev-mars-2020","status":"publish","type":"page","link":"http:\/\/www.svensk-indiskaagape-missionen.se\/index.php\/arkiv\/arkiv-2020\/nyhetsbrev-mars-2020\/","title":{"rendered":"Nyhetsbrev Mars 2020"},"content":{"rendered":"<div>K\u00e4ra Agapev\u00e4nner!<\/div>\n<div>&nbsp;<\/div>\n<div>S\u00e5 var det tid f\u00f6r \u00e4nnu ett Nyhetsbrev fr\u00e5n v\u00e5ra v\u00e4nner i Indien, d\u00e4r arbetet p\u00e5g\u00e5r och utvecklas f\u00f6r fullt.<\/div>\n<div>Vikrant har mycket intressant att ber\u00e4tta.<\/div>\n<div>Jag vill ocks\u00e5 understryka att vi h\u00e4r i Sverige snart h\u00e5ller \u00c5rsm\u00f6te d\u00e4r du \u00e4r v\u00e4lkommen. I nyhetsbrevet kan du l\u00e4sa mer om det. Gl\u00f6m inte att anm\u00e4la dig om du \u00f6nskar lunch.<\/div>\n<div>Tack f\u00f6r allt ni g\u00f6r f\u00f6r arbetet i Indien. Gud v\u00e4lsigna er alla.<\/div>\n<div>H\u00e4lsningar fr\u00e5n styrelsen genom<\/div>\n<div>Jan Klehn, Ordf\u00f6rande<\/div>\n<div>&nbsp;<\/div>\n<div><a href=\"http:\/\/www.svensk-indiskaagape-missionen.se\/wp-content\/uploads\/2020\/03\/Nyhetsbrev-mars-2020.pdf\" target=\"_blank\" rel=\"noopener noreferrer\">Till Nyhetsbrevet<\/a><\/div>\n","protected":false},"excerpt":{"rendered":"<p>K\u00e4ra Agapev\u00e4nner! &nbsp; S\u00e5 var det tid f\u00f6r \u00e4nnu ett Nyhetsbrev fr\u00e5n v\u00e5ra v\u00e4nner i Indien, d\u00e4r arbetet p\u00e5g\u00e5r och utvecklas f\u00f6r fullt. Vikrant har mycket intressant att ber\u00e4tta. Jag vill ocks\u00e5 understryka att vi h\u00e4r i Sverige snart h\u00e5ller \u00c5rsm\u00f6te d\u00e4r du \u00e4r v\u00e4lkommen. I nyhetsbrevet kan du l\u00e4sa mer om det. Gl\u00f6m inte &hellip; <a href=\"http:\/\/www.svensk-indiskaagape-missionen.se\/index.php\/arkiv\/arkiv-2020\/nyhetsbrev-mars-2020\/\" class=\"more-link\">Forts\u00e4tt l\u00e4sa <span class=\"screen-reader-text\">Nyhetsbrev Mars 2020<\/span> <span class=\"meta-nav\">&rarr;<\/span><\/a><\/p>\n","protected":false},"author":1,"featured_media":0,"parent":431,"menu_order":1,"comment_status":"closed","ping_status":"closed","template":"page-templates\/full-width.php","meta":{"ngg_post_thumbnail":0,"footnotes":""},"class_list":["post-377","page","type-page","status-publish","hentry"],"_links":{"self":[{"href":"http:\/\/www.svensk-indiskaagape-missionen.se\/index.php\/wp-json\/wp\/v2\/pages\/377","targetHints":{"allow":["GET"]}}],"collection":[{"href":"http:\/\/www.svensk-indiskaagape-missionen.se\/index.php\/wp-json\/wp\/v2\/pages"}],"about":[{"href":"http:\/\/www.svensk-indiskaagape-missionen.se\/index.php\/wp-json\/wp\/v2\/types\/page"}],"author":[{"embeddable":true,"href":"http:\/\/www.svensk-indiskaagape-missionen.se\/index.php\/wp-json\/wp\/v2\/users\/1"}],"replies":[{"embeddable":true,"href":"http:\/\/www.svensk-indiskaagape-missionen.se\/index.php\/wp-json\/wp\/v2\/comments?post=377"}],"version-history":[{"count":4,"href":"http:\/\/www.svensk-indiskaagape-missionen.se\/index.php\/wp-json\/wp\/v2\/pages\/377\/revisions"}],"predecessor-version":[{"id":381,"href":"http:\/\/www.svensk-indiskaagape-missionen.se\/index.php\/wp-json\/wp\/v2\/pages\/377\/revisions\/381"}],"up":[{"embeddable":true,"href":"http:\/\/www.svensk-indiskaagape-missionen.se\/index.php\/wp-json\/wp\/v2\/pages\/431"}],"wp:attachment":[{"href":"http:\/\/www.svensk-indiskaagape-missionen.se\/index.php\/wp-json\/wp\/v2\/media?parent=377"}],"curies":[{"name":"wp","href":"https:\/\/api.w.org\/{rel}","templated":true}]}}