{"id":367,"date":"2019-11-25T19:11:52","date_gmt":"2019-11-25T18:11:52","guid":{"rendered":"http:\/\/www.svensk-indiskaagape-missionen.se\/?page_id=367"},"modified":"2020-09-06T11:08:34","modified_gmt":"2020-09-06T09:08:34","slug":"nyhetsbrev-nov-2019","status":"publish","type":"page","link":"http:\/\/www.svensk-indiskaagape-missionen.se\/index.php\/arkiv\/arkiv-2019\/nyhetsbrev-nov-2019\/","title":{"rendered":"Nyhetsbrev Nov 2019"},"content":{"rendered":"<div>K\u00e4ra Agape-v\u00e4nner!<\/div>\n<div>Nu n\u00e4rmar sig december och d\u00e4rmed julen. H\u00e4r kommer Nyhetsbrev f\u00f6r just den tiden. Hoppas det kan bli till v\u00e4lsignelse.&nbsp;<\/div>\n<div>Med brevet finns \u00e4ven en inbjudan att delta i en resa n\u00e4sta \u00e5r till Indien d\u00e5 arbetet firar 40 \u00e5r. Resan blir under oktober, men som du ser, \u00e4r det inte klart med exakt tid. Anm\u00e4l ditt intresse \u00e4nd\u00e5, s\u00e5 f\u00e5r du n\u00e4rmare information i god tid.<\/div>\n<div>Med tanke p\u00e5 julen s\u00e5 har styrelsen f\u00f6rs\u00f6kt samla ihop cirka 40 000 SEK som beh\u00f6vs extra till julg\u00e5vor \u00e5t 450 fattiga barn i Bareth samt deras mammor. Vi har f\u00e5tt l\u00f6fte om 20 000SEK och har beslutat skicka ut hela summan.&nbsp;<\/div>\n<div>Vill du ge en extra g\u00e5va till detta s\u00e5 kan du m\u00e4rka din betalning med &#8221;Julg\u00e5va Bareth&#8221;.<\/div>\n<div>Tack f\u00f6r allt du gjort hittills, m\u00e5 Gud v\u00e4lsigna dig.<\/div>\n<div>Med v\u00e4nlig h\u00e4lsning,<\/div>\n<div>Jan Klehn, ordf\u00f6rande<\/div>\n<h4><strong><a href=\"http:\/\/www.svensk-indiskaagape-missionen.se\/wp-content\/uploads\/2019\/11\/Indienresa-2020-pdf.pdf\" target=\"_blank\" rel=\"noopener noreferrer\">Indienresa 2020 pdf<\/a><\/strong><\/h4>\n<h4><strong><a href=\"http:\/\/www.svensk-indiskaagape-missionen.se\/wp-content\/uploads\/2019\/11\/Nyhetsbrev-191125-pdf.pdf\" target=\"_blank\" rel=\"noopener noreferrer\">Nyhetsbrev 191125 pdf<\/a><\/strong><\/h4>\n","protected":false},"excerpt":{"rendered":"<p>K\u00e4ra Agape-v\u00e4nner! Nu n\u00e4rmar sig december och d\u00e4rmed julen. H\u00e4r kommer Nyhetsbrev f\u00f6r just den tiden. Hoppas det kan bli till v\u00e4lsignelse.&nbsp; Med brevet finns \u00e4ven en inbjudan att delta i en resa n\u00e4sta \u00e5r till Indien d\u00e5 arbetet firar 40 \u00e5r. Resan blir under oktober, men som du ser, \u00e4r det inte klart med &hellip; <a href=\"http:\/\/www.svensk-indiskaagape-missionen.se\/index.php\/arkiv\/arkiv-2019\/nyhetsbrev-nov-2019\/\" class=\"more-link\">Forts\u00e4tt l\u00e4sa <span class=\"screen-reader-text\">Nyhetsbrev Nov 2019<\/span> <span class=\"meta-nav\">&rarr;<\/span><\/a><\/p>\n","protected":false},"author":1,"featured_media":0,"parent":433,"menu_order":0,"comment_status":"closed","ping_status":"closed","template":"","meta":{"ngg_post_thumbnail":0,"footnotes":""},"class_list":["post-367","page","type-page","status-publish","hentry"],"_links":{"self":[{"href":"http:\/\/www.svensk-indiskaagape-missionen.se\/index.php\/wp-json\/wp\/v2\/pages\/367","targetHints":{"allow":["GET"]}}],"collection":[{"href":"http:\/\/www.svensk-indiskaagape-missionen.se\/index.php\/wp-json\/wp\/v2\/pages"}],"about":[{"href":"http:\/\/www.svensk-indiskaagape-missionen.se\/index.php\/wp-json\/wp\/v2\/types\/page"}],"author":[{"embeddable":true,"href":"http:\/\/www.svensk-indiskaagape-missionen.se\/index.php\/wp-json\/wp\/v2\/users\/1"}],"replies":[{"embeddable":true,"href":"http:\/\/www.svensk-indiskaagape-missionen.se\/index.php\/wp-json\/wp\/v2\/comments?post=367"}],"version-history":[{"count":2,"href":"http:\/\/www.svensk-indiskaagape-missionen.se\/index.php\/wp-json\/wp\/v2\/pages\/367\/revisions"}],"predecessor-version":[{"id":371,"href":"http:\/\/www.svensk-indiskaagape-missionen.se\/index.php\/wp-json\/wp\/v2\/pages\/367\/revisions\/371"}],"up":[{"embeddable":true,"href":"http:\/\/www.svensk-indiskaagape-missionen.se\/index.php\/wp-json\/wp\/v2\/pages\/433"}],"wp:attachment":[{"href":"http:\/\/www.svensk-indiskaagape-missionen.se\/index.php\/wp-json\/wp\/v2\/media?parent=367"}],"curies":[{"name":"wp","href":"https:\/\/api.w.org\/{rel}","templated":true}]}}