{"id":36,"date":"2015-11-12T14:27:12","date_gmt":"2015-11-12T13:27:12","guid":{"rendered":"http:\/\/www.svensk-indiskaagape-missionen.se\/?page_id=36"},"modified":"2021-05-30T20:51:31","modified_gmt":"2021-05-30T18:51:31","slug":"kontakta-oss","status":"publish","type":"page","link":"http:\/\/www.svensk-indiskaagape-missionen.se\/index.php\/kontakta-oss\/","title":{"rendered":"Kontakta oss"},"content":{"rendered":"<p><span style=\"font-size: 18pt;\"><b>Ordf\u00f6rande:<\/b>&nbsp;Jan Klehn<\/span><\/p>\n<p>Adress:<\/p>\n<p>L\u00f6vgatan 5<br \/>\n264 36 Klippan<br \/>\nTel: 0701732665<\/p>\n<p>E-post:&nbsp;jan.klehn@live.se<\/p>\n<hr>\n<p>&nbsp;<\/p>\n<p><span style=\"font-size: 18pt;\"><b>Kass\u00f6r:<\/b> Ann-Marie Carlzon<\/span><\/p>\n<p>Adress:<\/p>\n<p>Bj\u00f6rs\u00e4ters-Qvarntorp 1<br \/>\n542 95 Mariestad<\/p>\n<p>E-post: carlzon@outlook.com<\/p>\n<hr>\n<p>&nbsp;<\/p>\n<p align=\"left\"><b>Agape, indien<\/b><br \/>\n<span style=\"font-size: 18pt;\"><strong>Director:<\/strong> Vikrant Bhandari<\/span><br \/>\nE-post:&nbsp;agapeindia@gmail.com<\/p>\n<p align=\"left\">&nbsp;<\/p>\n","protected":false},"excerpt":{"rendered":"<p>Ordf\u00f6rande:&nbsp;Jan Klehn Adress: L\u00f6vgatan 5 264 36 Klippan Tel: 0701732665 E-post:&nbsp;jan.klehn@live.se &nbsp; Kass\u00f6r: Ann-Marie Carlzon Adress: Bj\u00f6rs\u00e4ters-Qvarntorp 1 542 95 Mariestad E-post: carlzon@outlook.com &nbsp; Agape, indien Director: Vikrant Bhandari E-post:&nbsp;agapeindia@gmail.com &nbsp;<\/p>\n","protected":false},"author":1,"featured_media":0,"parent":0,"menu_order":6,"comment_status":"closed","ping_status":"closed","template":"","meta":{"ngg_post_thumbnail":0,"footnotes":""},"class_list":["post-36","page","type-page","status-publish","hentry"],"_links":{"self":[{"href":"http:\/\/www.svensk-indiskaagape-missionen.se\/index.php\/wp-json\/wp\/v2\/pages\/36","targetHints":{"allow":["GET"]}}],"collection":[{"href":"http:\/\/www.svensk-indiskaagape-missionen.se\/index.php\/wp-json\/wp\/v2\/pages"}],"about":[{"href":"http:\/\/www.svensk-indiskaagape-missionen.se\/index.php\/wp-json\/wp\/v2\/types\/page"}],"author":[{"embeddable":true,"href":"http:\/\/www.svensk-indiskaagape-missionen.se\/index.php\/wp-json\/wp\/v2\/users\/1"}],"replies":[{"embeddable":true,"href":"http:\/\/www.svensk-indiskaagape-missionen.se\/index.php\/wp-json\/wp\/v2\/comments?post=36"}],"version-history":[{"count":8,"href":"http:\/\/www.svensk-indiskaagape-missionen.se\/index.php\/wp-json\/wp\/v2\/pages\/36\/revisions"}],"predecessor-version":[{"id":469,"href":"http:\/\/www.svensk-indiskaagape-missionen.se\/index.php\/wp-json\/wp\/v2\/pages\/36\/revisions\/469"}],"wp:attachment":[{"href":"http:\/\/www.svensk-indiskaagape-missionen.se\/index.php\/wp-json\/wp\/v2\/media?parent=36"}],"curies":[{"name":"wp","href":"https:\/\/api.w.org\/{rel}","templated":true}]}}