{"id":32,"date":"2015-11-12T14:18:28","date_gmt":"2015-11-12T13:18:28","guid":{"rendered":"http:\/\/www.svensk-indiskaagape-missionen.se\/?page_id=32"},"modified":"2025-08-06T19:24:44","modified_gmt":"2025-08-06T17:24:44","slug":"nyheter","status":"publish","type":"page","link":"http:\/\/www.svensk-indiskaagape-missionen.se\/index.php\/nyheter\/","title":{"rendered":"Nyheter"},"content":{"rendered":"<p><span style=\"color: #000000;\">&#8211;&nbsp; NYHETSBREV VIA E-POST &#8211; N\u00e5gra av v\u00e5ra underst\u00f6djare har valt att f\u00e5 v\u00e5rt nyhetsbrev via e-post. Om ni vill ha nyhetsbrev via e-post och hj\u00e4lpa oss dra ned portokostnaderna h\u00f6r av er till &nbsp;<span style=\"color: #ff6600;\">jan.klehn@live.se<\/span><\/span><\/p>\n<p>&#8211; Om ni \u00e4r intresserade av nyhetsbrev kan ni h\u00f6ra av er till v\u00e5r ordf\u00f6rande<span style=\"color: #000000;\">&nbsp;f\u00f6r att f\u00e5 det hemskickat till er via brev.<\/span><\/p>\n<p><span style=\"color: #000000;\">&#8211; Om ni \u00f6nskar att l\u00e4gga n\u00e5gra broschyrer p\u00e5 kyrkans bokbord eller dela ut till v\u00e4nner och bekanta skickar vi g\u00e4rna foldern till Er. H\u00f6r av er till v\u00e5r ordf\u00f6rande&nbsp;<\/span><\/p>\n<p><span style=\"font-size: 18pt;\"><b>Ordf\u00f6rande:<\/b>&nbsp;Jan Klehn<\/span><\/p>\n<p>L\u00f6vgatan 5<br \/>\n26436 Klippan<br \/>\nTel: 0701732665<\/p>\n<p>E-post:&nbsp;jan.klehn@live.se<\/p>\n","protected":false},"excerpt":{"rendered":"<p>&#8211;&nbsp; NYHETSBREV VIA E-POST &#8211; N\u00e5gra av v\u00e5ra underst\u00f6djare har valt att f\u00e5 v\u00e5rt nyhetsbrev via e-post. Om ni vill ha nyhetsbrev via e-post och hj\u00e4lpa oss dra ned portokostnaderna h\u00f6r av er till &nbsp;jan.klehn@live.se &#8211; Om ni \u00e4r intresserade av nyhetsbrev kan ni h\u00f6ra av er till v\u00e5r ordf\u00f6rande&nbsp;f\u00f6r att f\u00e5 det hemskickat till &hellip; <a href=\"http:\/\/www.svensk-indiskaagape-missionen.se\/index.php\/nyheter\/\" class=\"more-link\">Forts\u00e4tt l\u00e4sa <span class=\"screen-reader-text\">Nyheter<\/span> <span class=\"meta-nav\">&rarr;<\/span><\/a><\/p>\n","protected":false},"author":1,"featured_media":0,"parent":0,"menu_order":1,"comment_status":"closed","ping_status":"closed","template":"","meta":{"ngg_post_thumbnail":0,"footnotes":""},"class_list":["post-32","page","type-page","status-publish","hentry"],"_links":{"self":[{"href":"http:\/\/www.svensk-indiskaagape-missionen.se\/index.php\/wp-json\/wp\/v2\/pages\/32","targetHints":{"allow":["GET"]}}],"collection":[{"href":"http:\/\/www.svensk-indiskaagape-missionen.se\/index.php\/wp-json\/wp\/v2\/pages"}],"about":[{"href":"http:\/\/www.svensk-indiskaagape-missionen.se\/index.php\/wp-json\/wp\/v2\/types\/page"}],"author":[{"embeddable":true,"href":"http:\/\/www.svensk-indiskaagape-missionen.se\/index.php\/wp-json\/wp\/v2\/users\/1"}],"replies":[{"embeddable":true,"href":"http:\/\/www.svensk-indiskaagape-missionen.se\/index.php\/wp-json\/wp\/v2\/comments?post=32"}],"version-history":[{"count":6,"href":"http:\/\/www.svensk-indiskaagape-missionen.se\/index.php\/wp-json\/wp\/v2\/pages\/32\/revisions"}],"predecessor-version":[{"id":613,"href":"http:\/\/www.svensk-indiskaagape-missionen.se\/index.php\/wp-json\/wp\/v2\/pages\/32\/revisions\/613"}],"wp:attachment":[{"href":"http:\/\/www.svensk-indiskaagape-missionen.se\/index.php\/wp-json\/wp\/v2\/media?parent=32"}],"curies":[{"name":"wp","href":"https:\/\/api.w.org\/{rel}","templated":true}]}}