{"id":30,"date":"2015-11-12T14:16:05","date_gmt":"2015-11-12T13:16:05","guid":{"rendered":"http:\/\/www.svensk-indiskaagape-missionen.se\/?page_id=30"},"modified":"2016-04-26T20:46:24","modified_gmt":"2016-04-26T18:46:24","slug":"evangelisation","status":"publish","type":"page","link":"http:\/\/www.svensk-indiskaagape-missionen.se\/index.php\/evangelisation\/","title":{"rendered":"Evangelisation"},"content":{"rendered":"<h2>EVANGELISATION<\/h2>\n<h3>Evangelister<\/h3>\n<p>De utf\u00f6r ett h\u00e4ngivet pionj\u00e4rarbete ibland under hot och f\u00f6rf\u00f6ljelse. agape \u00f6kar st\u00e4ndigt sin evangelist- och pastorsskara. De flesta arbetar runt omkring i de on\u00e5dda omr\u00e5dena i norra Indien med b\u00e5de kyrkplantering och evangelisation. Det finns \u00e4ven evangelister p\u00e5 andra platser i landet. Det har startats omkring 40 f\u00f6rsamlingar sedan Agapes start.<br \/>\nP\u00e5 m\u00e5nga platser finns idag evangelister, m\u00f6ten, spridning av kristen litteratur, l\u00e4s- rum med mera. M\u00e5nga m\u00e4nniskor har kommit till tro genom Agapes evangelisation och evangelister. M\u00e4nniskor som har blivit fr\u00e4lsta s\u00f6ker sig till omkringliggande bibelskolor f\u00f6r att sedan vittna om Jesus f\u00f6r sitt eget folk.<\/p>\n<hr \/>\n<p>&nbsp;<\/p>\n<h3>Det h\u00e4r kan du hj\u00e4lpa till med<\/h3>\n<p>Agape har nu gjort det m\u00f6jligt f\u00f6r privatpersoner samt kyrkor att st\u00f6dja evangelister i b\u00e5de b\u00f6n och underh\u00e5ll och Agape vill uppmuntra er till denna m\u00f6jlighet.<\/p>\n<p>I oktober 2015 firades 25 \u00e5rs jubileum f\u00f6r Agape Mission School. D\u00e5 invigdes \u00e4ven en ny hall samt fyra nya klassrum. P\u00e5 bilden Agapes svenska ordf\u00f6rande Thomas Fredholm med fru Gunilla<\/p>\n<p><a href=\"http:\/\/www.svensk-indiskaagape-missionen.se\/wp-content\/uploads\/2015\/11\/Bild3.png\" rel=\"attachment wp-att-88\"><img loading=\"lazy\" decoding=\"async\" class=\"size-medium wp-image-88 aligncenter\" src=\"http:\/\/www.svensk-indiskaagape-missionen.se\/wp-content\/uploads\/2015\/11\/Bild3-300x199.png\" alt=\"Bild3\" width=\"300\" height=\"199\" srcset=\"http:\/\/www.svensk-indiskaagape-missionen.se\/wp-content\/uploads\/2015\/11\/Bild3-300x199.png 300w, http:\/\/www.svensk-indiskaagape-missionen.se\/wp-content\/uploads\/2015\/11\/Bild3-768x510.png 768w, http:\/\/www.svensk-indiskaagape-missionen.se\/wp-content\/uploads\/2015\/11\/Bild3.png 971w\" sizes=\"auto, (max-width: 300px) 100vw, 300px\" \/><\/a><\/p>\n<h1>SVENSK-INDISKA AGAPE-MISSIONEN<\/h1>\n<p>Den svenska st\u00f6dorganisationen har varit officiellt verksam sedan 1985 d\u00e5 den bildades av framlidne pastor Hilding Fagerberg. Agape best\u00e5r av enskilda f\u00f6rebedjare och bidragsgivare runt om i Sverige. Den svenska styrelsen har som m\u00e5ls\u00e4ttning att st\u00f6dja indiska Agape med allt t\u00e4nkbart andligt, moraliskt, praktiskt och ekonomiskt st\u00f6d.<\/p>\n<p>Din g\u00e5va g\u00e5r oavkortat till arbetet i Indien. V\u00e5ra administrativa kostnader h\u00e5lls p\u00e5 minimal niv\u00e5 och alla i den svenska styrelsen arbetar ideellt.<br \/>\n<strong>SVENSK-INDISKA AGAPE-MISSIONEN<\/strong><\/p>\n","protected":false},"excerpt":{"rendered":"<p>EVANGELISATION Evangelister De utf\u00f6r ett h\u00e4ngivet pionj\u00e4rarbete ibland under hot och f\u00f6rf\u00f6ljelse. agape \u00f6kar st\u00e4ndigt sin evangelist- och pastorsskara. De flesta arbetar runt omkring i de on\u00e5dda omr\u00e5dena i norra Indien med b\u00e5de kyrkplantering och evangelisation. Det finns \u00e4ven evangelister p\u00e5 andra platser i landet. Det har startats omkring 40 f\u00f6rsamlingar sedan Agapes start. P\u00e5 &hellip; <a href=\"http:\/\/www.svensk-indiskaagape-missionen.se\/index.php\/evangelisation\/\" class=\"more-link\">Forts\u00e4tt l\u00e4sa <span class=\"screen-reader-text\">Evangelisation<\/span> <span class=\"meta-nav\">&rarr;<\/span><\/a><\/p>\n","protected":false},"author":1,"featured_media":0,"parent":0,"menu_order":2,"comment_status":"closed","ping_status":"closed","template":"","meta":{"ngg_post_thumbnail":0,"footnotes":""},"class_list":["post-30","page","type-page","status-publish","hentry"],"_links":{"self":[{"href":"http:\/\/www.svensk-indiskaagape-missionen.se\/index.php\/wp-json\/wp\/v2\/pages\/30","targetHints":{"allow":["GET"]}}],"collection":[{"href":"http:\/\/www.svensk-indiskaagape-missionen.se\/index.php\/wp-json\/wp\/v2\/pages"}],"about":[{"href":"http:\/\/www.svensk-indiskaagape-missionen.se\/index.php\/wp-json\/wp\/v2\/types\/page"}],"author":[{"embeddable":true,"href":"http:\/\/www.svensk-indiskaagape-missionen.se\/index.php\/wp-json\/wp\/v2\/users\/1"}],"replies":[{"embeddable":true,"href":"http:\/\/www.svensk-indiskaagape-missionen.se\/index.php\/wp-json\/wp\/v2\/comments?post=30"}],"version-history":[{"count":4,"href":"http:\/\/www.svensk-indiskaagape-missionen.se\/index.php\/wp-json\/wp\/v2\/pages\/30\/revisions"}],"predecessor-version":[{"id":90,"href":"http:\/\/www.svensk-indiskaagape-missionen.se\/index.php\/wp-json\/wp\/v2\/pages\/30\/revisions\/90"}],"wp:attachment":[{"href":"http:\/\/www.svensk-indiskaagape-missionen.se\/index.php\/wp-json\/wp\/v2\/media?parent=30"}],"curies":[{"name":"wp","href":"https:\/\/api.w.org\/{rel}","templated":true}]}}