{"id":281,"date":"2019-08-31T09:48:53","date_gmt":"2019-08-31T07:48:53","guid":{"rendered":"http:\/\/www.svensk-indiskaagape-missionen.se\/?page_id=281"},"modified":"2020-09-06T11:08:44","modified_gmt":"2020-09-06T09:08:44","slug":"nyhetsbrev-sep-2019","status":"publish","type":"page","link":"http:\/\/www.svensk-indiskaagape-missionen.se\/index.php\/arkiv\/arkiv-2019\/nyhetsbrev-sep-2019\/","title":{"rendered":"Nyhetsbrev sep 2019"},"content":{"rendered":"<div>K\u00e4ra Agape-v\u00e4nner!<\/div>\n<div>S\u00e5 var det dags f\u00f6r ett nytt brev fr\u00e5n v\u00e5ra v\u00e4nner i Indien.<\/div>\n<div>Som ni ser av brevet kommer de till Sverige inom n\u00e5gra dagar.<\/div>\n<div>Passa p\u00e5 att bes\u00f6ka ett tillf\u00e4lle n\u00e4ra platsen d\u00e4r du bor.<\/div>\n<div>Tack f\u00f6r allt ert st\u00f6d. Det beh\u00f6vs.<\/div>\n<div>Med v\u00e4nlig h\u00e4lsning,<\/div>\n<div>Jan Klehn, ordf.<\/div>\n<div>&nbsp;<\/div>\n<div><a href=\"http:\/\/www.svensk-indiskaagape-missionen.se\/wp-content\/uploads\/2019\/08\/Nyhetsbrev-sept-2019-pdf-2.pdf\" target=\"_blank\" rel=\"noopener noreferrer\"><strong>L\u00e4nk till Nyhetsbrevet<\/strong><\/a><\/div>\n","protected":false},"excerpt":{"rendered":"<p>K\u00e4ra Agape-v\u00e4nner! S\u00e5 var det dags f\u00f6r ett nytt brev fr\u00e5n v\u00e5ra v\u00e4nner i Indien. Som ni ser av brevet kommer de till Sverige inom n\u00e5gra dagar. Passa p\u00e5 att bes\u00f6ka ett tillf\u00e4lle n\u00e4ra platsen d\u00e4r du bor. Tack f\u00f6r allt ert st\u00f6d. Det beh\u00f6vs. Med v\u00e4nlig h\u00e4lsning, Jan Klehn, ordf. &nbsp; L\u00e4nk till Nyhetsbrevet<\/p>\n","protected":false},"author":1,"featured_media":0,"parent":433,"menu_order":0,"comment_status":"closed","ping_status":"closed","template":"page-templates\/full-width.php","meta":{"ngg_post_thumbnail":0,"footnotes":""},"class_list":["post-281","page","type-page","status-publish","hentry"],"_links":{"self":[{"href":"http:\/\/www.svensk-indiskaagape-missionen.se\/index.php\/wp-json\/wp\/v2\/pages\/281","targetHints":{"allow":["GET"]}}],"collection":[{"href":"http:\/\/www.svensk-indiskaagape-missionen.se\/index.php\/wp-json\/wp\/v2\/pages"}],"about":[{"href":"http:\/\/www.svensk-indiskaagape-missionen.se\/index.php\/wp-json\/wp\/v2\/types\/page"}],"author":[{"embeddable":true,"href":"http:\/\/www.svensk-indiskaagape-missionen.se\/index.php\/wp-json\/wp\/v2\/users\/1"}],"replies":[{"embeddable":true,"href":"http:\/\/www.svensk-indiskaagape-missionen.se\/index.php\/wp-json\/wp\/v2\/comments?post=281"}],"version-history":[{"count":5,"href":"http:\/\/www.svensk-indiskaagape-missionen.se\/index.php\/wp-json\/wp\/v2\/pages\/281\/revisions"}],"predecessor-version":[{"id":287,"href":"http:\/\/www.svensk-indiskaagape-missionen.se\/index.php\/wp-json\/wp\/v2\/pages\/281\/revisions\/287"}],"up":[{"embeddable":true,"href":"http:\/\/www.svensk-indiskaagape-missionen.se\/index.php\/wp-json\/wp\/v2\/pages\/433"}],"wp:attachment":[{"href":"http:\/\/www.svensk-indiskaagape-missionen.se\/index.php\/wp-json\/wp\/v2\/media?parent=281"}],"curies":[{"name":"wp","href":"https:\/\/api.w.org\/{rel}","templated":true}]}}