{"id":238,"date":"2019-03-15T17:08:01","date_gmt":"2019-03-15T16:08:01","guid":{"rendered":"http:\/\/www.svensk-indiskaagape-missionen.se\/?page_id=238"},"modified":"2020-09-06T11:08:54","modified_gmt":"2020-09-06T09:08:54","slug":"nyhetsbrev-mars-2019","status":"publish","type":"page","link":"http:\/\/www.svensk-indiskaagape-missionen.se\/index.php\/arkiv\/arkiv-2019\/nyhetsbrev-mars-2019\/","title":{"rendered":"Nyhetsbrev-mars 2019"},"content":{"rendered":"<div>K\u00e4ra V\u00e4nner f\u00f6r AGAPE missionen, Indien!<\/div>\n<div>S\u00e5 \u00e4r tid f\u00f6r \u00e4nnu ett Nyhetsbrev som vi hoppas ska bli till uppmuntran.<\/div>\n<div>Vill ocks\u00e5 p\u00e5minna om v\u00e5rt \u00e5rsm\u00f6te den 31\/3-19 i Pingstkyrkan, Sandhem.<\/div>\n<div>M\u00f6tet b\u00f6rjan med gudstj\u00e4nst kl 10.30 och f\u00f6rhandlingsdelen kl 13.30. D\u00e4remellan serveras lunch i kyrkan f\u00f6r alla som anm\u00e4ler sig.<\/div>\n<div>Adressen st\u00e5r i b\u00f6rjan av Nyhetsbrevet. V\u00e4lkomna<\/div>\n<div>f\u00f6r styrelsen<\/div>\n<div>Jan Klehn<\/div>\n<div><a href=\"http:\/\/www.svensk-indiskaagape-missionen.se\/wp-content\/uploads\/2019\/03\/Nyhetsbrev-Mars-2019-pdf.pdf\">L\u00e4nk till Nyhetsbrevet<\/a><\/div>\n","protected":false},"excerpt":{"rendered":"<p>K\u00e4ra V\u00e4nner f\u00f6r AGAPE missionen, Indien! S\u00e5 \u00e4r tid f\u00f6r \u00e4nnu ett Nyhetsbrev som vi hoppas ska bli till uppmuntran. Vill ocks\u00e5 p\u00e5minna om v\u00e5rt \u00e5rsm\u00f6te den 31\/3-19 i Pingstkyrkan, Sandhem. M\u00f6tet b\u00f6rjan med gudstj\u00e4nst kl 10.30 och f\u00f6rhandlingsdelen kl 13.30. D\u00e4remellan serveras lunch i kyrkan f\u00f6r alla som anm\u00e4ler sig. Adressen st\u00e5r i b\u00f6rjan &hellip; <a href=\"http:\/\/www.svensk-indiskaagape-missionen.se\/index.php\/arkiv\/arkiv-2019\/nyhetsbrev-mars-2019\/\" class=\"more-link\">Forts\u00e4tt l\u00e4sa <span class=\"screen-reader-text\">Nyhetsbrev-mars 2019<\/span> <span class=\"meta-nav\">&rarr;<\/span><\/a><\/p>\n","protected":false},"author":1,"featured_media":0,"parent":433,"menu_order":0,"comment_status":"closed","ping_status":"closed","template":"page-templates\/full-width.php","meta":{"ngg_post_thumbnail":0,"footnotes":""},"class_list":["post-238","page","type-page","status-publish","hentry"],"_links":{"self":[{"href":"http:\/\/www.svensk-indiskaagape-missionen.se\/index.php\/wp-json\/wp\/v2\/pages\/238","targetHints":{"allow":["GET"]}}],"collection":[{"href":"http:\/\/www.svensk-indiskaagape-missionen.se\/index.php\/wp-json\/wp\/v2\/pages"}],"about":[{"href":"http:\/\/www.svensk-indiskaagape-missionen.se\/index.php\/wp-json\/wp\/v2\/types\/page"}],"author":[{"embeddable":true,"href":"http:\/\/www.svensk-indiskaagape-missionen.se\/index.php\/wp-json\/wp\/v2\/users\/1"}],"replies":[{"embeddable":true,"href":"http:\/\/www.svensk-indiskaagape-missionen.se\/index.php\/wp-json\/wp\/v2\/comments?post=238"}],"version-history":[{"count":6,"href":"http:\/\/www.svensk-indiskaagape-missionen.se\/index.php\/wp-json\/wp\/v2\/pages\/238\/revisions"}],"predecessor-version":[{"id":246,"href":"http:\/\/www.svensk-indiskaagape-missionen.se\/index.php\/wp-json\/wp\/v2\/pages\/238\/revisions\/246"}],"up":[{"embeddable":true,"href":"http:\/\/www.svensk-indiskaagape-missionen.se\/index.php\/wp-json\/wp\/v2\/pages\/433"}],"wp:attachment":[{"href":"http:\/\/www.svensk-indiskaagape-missionen.se\/index.php\/wp-json\/wp\/v2\/media?parent=238"}],"curies":[{"name":"wp","href":"https:\/\/api.w.org\/{rel}","templated":true}]}}