{"id":227,"date":"2018-12-09T16:31:05","date_gmt":"2018-12-09T15:31:05","guid":{"rendered":"http:\/\/www.svensk-indiskaagape-missionen.se\/?page_id=227"},"modified":"2020-09-06T10:26:54","modified_gmt":"2020-09-06T08:26:54","slug":"nyhetsbrev-julen-2018","status":"publish","type":"page","link":"http:\/\/www.svensk-indiskaagape-missionen.se\/index.php\/arkiv\/arkiv-2018\/nyhetsbrev-julen-2018\/","title":{"rendered":"Nyhetsbrev-julen-2018"},"content":{"rendered":"<div>K\u00e4ra Agape-v\u00e4nner!<\/div>\n<div>&nbsp;<\/div>\n<div>Ett nytt Nyhetsbrev fr\u00e5n Indien finns bifogat denna l\u00e4nk.<\/div>\n<div>Hoppas ni ska finna det intressant.<\/div>\n<div>Vill \u00f6nska Er alla en God Jul och Ett V\u00e4lsignat Nytt \u00c5r 2019.<\/div>\n<div>Tack f\u00f6r allt st\u00f6d kring arbetet i Indien b\u00e5de i omtanke och offer.<\/div>\n<div><strong>Gud v\u00e4lsigna Er<\/strong>.<\/div>\n<div>H\u00e4lsningar fr\u00e5n styrelsen genom Jan Klehn, ordf\u00f6rande<\/div>\n<div>&nbsp;<\/div>\n<div><a href=\"http:\/\/www.svensk-indiskaagape-missionen.se\/wp-content\/uploads\/2018\/12\/Nyhetsbrev-julen2018.pdf\" target=\"_blank\" rel=\"noopener noreferrer\">Nyhetsbrev-julen2018<\/a><\/div>\n","protected":false},"excerpt":{"rendered":"<p>K\u00e4ra Agape-v\u00e4nner! &nbsp; Ett nytt Nyhetsbrev fr\u00e5n Indien finns bifogat denna l\u00e4nk. Hoppas ni ska finna det intressant. Vill \u00f6nska Er alla en God Jul och Ett V\u00e4lsignat Nytt \u00c5r 2019. Tack f\u00f6r allt st\u00f6d kring arbetet i Indien b\u00e5de i omtanke och offer. Gud v\u00e4lsigna Er. H\u00e4lsningar fr\u00e5n styrelsen genom Jan Klehn, ordf\u00f6rande &nbsp; &hellip; <a href=\"http:\/\/www.svensk-indiskaagape-missionen.se\/index.php\/arkiv\/arkiv-2018\/nyhetsbrev-julen-2018\/\" class=\"more-link\">Forts\u00e4tt l\u00e4sa <span class=\"screen-reader-text\">Nyhetsbrev-julen-2018<\/span> <span class=\"meta-nav\">&rarr;<\/span><\/a><\/p>\n","protected":false},"author":1,"featured_media":0,"parent":435,"menu_order":0,"comment_status":"closed","ping_status":"closed","template":"","meta":{"ngg_post_thumbnail":0,"footnotes":""},"class_list":["post-227","page","type-page","status-publish","hentry"],"_links":{"self":[{"href":"http:\/\/www.svensk-indiskaagape-missionen.se\/index.php\/wp-json\/wp\/v2\/pages\/227","targetHints":{"allow":["GET"]}}],"collection":[{"href":"http:\/\/www.svensk-indiskaagape-missionen.se\/index.php\/wp-json\/wp\/v2\/pages"}],"about":[{"href":"http:\/\/www.svensk-indiskaagape-missionen.se\/index.php\/wp-json\/wp\/v2\/types\/page"}],"author":[{"embeddable":true,"href":"http:\/\/www.svensk-indiskaagape-missionen.se\/index.php\/wp-json\/wp\/v2\/users\/1"}],"replies":[{"embeddable":true,"href":"http:\/\/www.svensk-indiskaagape-missionen.se\/index.php\/wp-json\/wp\/v2\/comments?post=227"}],"version-history":[{"count":5,"href":"http:\/\/www.svensk-indiskaagape-missionen.se\/index.php\/wp-json\/wp\/v2\/pages\/227\/revisions"}],"predecessor-version":[{"id":429,"href":"http:\/\/www.svensk-indiskaagape-missionen.se\/index.php\/wp-json\/wp\/v2\/pages\/227\/revisions\/429"}],"up":[{"embeddable":true,"href":"http:\/\/www.svensk-indiskaagape-missionen.se\/index.php\/wp-json\/wp\/v2\/pages\/435"}],"wp:attachment":[{"href":"http:\/\/www.svensk-indiskaagape-missionen.se\/index.php\/wp-json\/wp\/v2\/media?parent=227"}],"curies":[{"name":"wp","href":"https:\/\/api.w.org\/{rel}","templated":true}]}}