{"id":219,"date":"2018-09-10T21:29:31","date_gmt":"2018-09-10T19:29:31","guid":{"rendered":"http:\/\/www.svensk-indiskaagape-missionen.se\/?page_id=219"},"modified":"2020-09-06T10:26:19","modified_gmt":"2020-09-06T08:26:19","slug":"nyhetsbrev-sep-2018","status":"publish","type":"page","link":"http:\/\/www.svensk-indiskaagape-missionen.se\/index.php\/arkiv\/arkiv-2018\/nyhetsbrev-sep-2018\/","title":{"rendered":"Nyhetsbrev sep 2018"},"content":{"rendered":"<p>K\u00e4ra Agape-v\u00e4nner!<\/p>\n<p id=\"geom_inter_1536330707674_11_7\">Nu \u00e4r det tid f\u00f6r \u00e4nnu ett Nyhetsbrev fr\u00e5n Indien.<\/p>\n<p>Arbetet fortg\u00e5r och utvecklas. Vi forts\u00e4tter att be f\u00f6r detta.<\/p>\n<p>Vill bara tala om att nu kan du \u00e4ven finna Agape p\u00e5 Facebook.<\/p>\n<p>Du s\u00f6ker bara p\u00e5 &#8221;Svensk-Indiska Agapemissionen&#8221;.<\/p>\n<p>Det finns ytterligare en ideell organisation som bara heter Agape.<\/p>\n<p>Tack f\u00f6r ditt st\u00f6d i f\u00f6rb\u00f6n och offer.<\/p>\n<p>Med v\u00e4nlig h\u00e4lsning,<\/p>\n<p>Jan Klehn, ordf.<\/p>\n<p><strong>L\u00e4s <a href=\"http:\/\/www.svensk-indiskaagape-missionen.se\/wp-content\/uploads\/2018\/09\/Nyhetsbrev-sept-2018-pdf.pdf\">Nyhetsbrev sept 2018 pdf<\/a><\/strong><\/p>\n","protected":false},"excerpt":{"rendered":"<p>K\u00e4ra Agape-v\u00e4nner! Nu \u00e4r det tid f\u00f6r \u00e4nnu ett Nyhetsbrev fr\u00e5n Indien. Arbetet fortg\u00e5r och utvecklas. Vi forts\u00e4tter att be f\u00f6r detta. Vill bara tala om att nu kan du \u00e4ven finna Agape p\u00e5 Facebook. Du s\u00f6ker bara p\u00e5 &#8221;Svensk-Indiska Agapemissionen&#8221;. Det finns ytterligare en ideell organisation som bara heter Agape. Tack f\u00f6r ditt st\u00f6d &hellip; <a href=\"http:\/\/www.svensk-indiskaagape-missionen.se\/index.php\/arkiv\/arkiv-2018\/nyhetsbrev-sep-2018\/\" class=\"more-link\">Forts\u00e4tt l\u00e4sa <span class=\"screen-reader-text\">Nyhetsbrev sep 2018<\/span> <span class=\"meta-nav\">&rarr;<\/span><\/a><\/p>\n","protected":false},"author":1,"featured_media":0,"parent":435,"menu_order":0,"comment_status":"closed","ping_status":"closed","template":"","meta":{"ngg_post_thumbnail":0,"footnotes":""},"class_list":["post-219","page","type-page","status-publish","hentry"],"_links":{"self":[{"href":"http:\/\/www.svensk-indiskaagape-missionen.se\/index.php\/wp-json\/wp\/v2\/pages\/219","targetHints":{"allow":["GET"]}}],"collection":[{"href":"http:\/\/www.svensk-indiskaagape-missionen.se\/index.php\/wp-json\/wp\/v2\/pages"}],"about":[{"href":"http:\/\/www.svensk-indiskaagape-missionen.se\/index.php\/wp-json\/wp\/v2\/types\/page"}],"author":[{"embeddable":true,"href":"http:\/\/www.svensk-indiskaagape-missionen.se\/index.php\/wp-json\/wp\/v2\/users\/1"}],"replies":[{"embeddable":true,"href":"http:\/\/www.svensk-indiskaagape-missionen.se\/index.php\/wp-json\/wp\/v2\/comments?post=219"}],"version-history":[{"count":3,"href":"http:\/\/www.svensk-indiskaagape-missionen.se\/index.php\/wp-json\/wp\/v2\/pages\/219\/revisions"}],"predecessor-version":[{"id":222,"href":"http:\/\/www.svensk-indiskaagape-missionen.se\/index.php\/wp-json\/wp\/v2\/pages\/219\/revisions\/222"}],"up":[{"embeddable":true,"href":"http:\/\/www.svensk-indiskaagape-missionen.se\/index.php\/wp-json\/wp\/v2\/pages\/435"}],"wp:attachment":[{"href":"http:\/\/www.svensk-indiskaagape-missionen.se\/index.php\/wp-json\/wp\/v2\/media?parent=219"}],"curies":[{"name":"wp","href":"https:\/\/api.w.org\/{rel}","templated":true}]}}