{"id":211,"date":"2018-06-05T07:56:40","date_gmt":"2018-06-05T05:56:40","guid":{"rendered":"http:\/\/www.svensk-indiskaagape-missionen.se\/?page_id=211"},"modified":"2020-09-06T11:06:44","modified_gmt":"2020-09-06T09:06:44","slug":"nyhetsbrev-juni-2018","status":"publish","type":"page","link":"http:\/\/www.svensk-indiskaagape-missionen.se\/index.php\/arkiv\/arkiv-2018\/nyhetsbrev-juni-2018\/","title":{"rendered":"Nyhetsbrev Juni 2018"},"content":{"rendered":"<p>Glad sommar alla Agape-v\u00e4nner!<\/p>\n<p>Nu \u00e4r det dags f\u00f6r ett nytt, intressant <a href=\"http:\/\/www.svensk-indiskaagape-missionen.se\/wp-content\/uploads\/2018\/06\/Nyhetsbrev-juni-2018.pdf\">Nyhetsbrev<\/a> fr\u00e5n v\u00e5r nye direktor Vikrant Bhandari. Han har \u00e4ven skickat med lite nya foton. Tyv\u00e4rr m\u00e5ste jag g\u00f6ra dem r\u00e4tt sm\u00e5 f\u00f6r att f\u00e5 rum med all text. Hoppas ni kan se \u00e4nd\u00e5. Det g\u00e5r ju att f\u00f6rstora i datorn ocks\u00e5.<\/p>\n<p>Ha en riktigt sk\u00f6n sommar &#8211; och gl\u00f6m inte det viktiga arbetet i Indien.<\/p>\n<p>Varma h\u00e4lsningar<\/p>\n<p>Jan Klehn, ordf\u00f6rande Svensk-Indiska Agape-missionen<\/p>\n<p><strong><a href=\"http:\/\/www.svensk-indiskaagape-missionen.se\/wp-content\/uploads\/2018\/06\/Nyhetsbrev-juni-2018.pdf\">L\u00e4s brevet<\/a><\/strong><\/p>\n","protected":false},"excerpt":{"rendered":"<p>Glad sommar alla Agape-v\u00e4nner! Nu \u00e4r det dags f\u00f6r ett nytt, intressant Nyhetsbrev fr\u00e5n v\u00e5r nye direktor Vikrant Bhandari. Han har \u00e4ven skickat med lite nya foton. Tyv\u00e4rr m\u00e5ste jag g\u00f6ra dem r\u00e4tt sm\u00e5 f\u00f6r att f\u00e5 rum med all text. Hoppas ni kan se \u00e4nd\u00e5. Det g\u00e5r ju att f\u00f6rstora i datorn ocks\u00e5. Ha &hellip; <a href=\"http:\/\/www.svensk-indiskaagape-missionen.se\/index.php\/arkiv\/arkiv-2018\/nyhetsbrev-juni-2018\/\" class=\"more-link\">Forts\u00e4tt l\u00e4sa <span class=\"screen-reader-text\">Nyhetsbrev Juni 2018<\/span> <span class=\"meta-nav\">&rarr;<\/span><\/a><\/p>\n","protected":false},"author":1,"featured_media":0,"parent":435,"menu_order":0,"comment_status":"closed","ping_status":"closed","template":"page-templates\/full-width.php","meta":{"ngg_post_thumbnail":0,"footnotes":""},"class_list":["post-211","page","type-page","status-publish","hentry"],"_links":{"self":[{"href":"http:\/\/www.svensk-indiskaagape-missionen.se\/index.php\/wp-json\/wp\/v2\/pages\/211","targetHints":{"allow":["GET"]}}],"collection":[{"href":"http:\/\/www.svensk-indiskaagape-missionen.se\/index.php\/wp-json\/wp\/v2\/pages"}],"about":[{"href":"http:\/\/www.svensk-indiskaagape-missionen.se\/index.php\/wp-json\/wp\/v2\/types\/page"}],"author":[{"embeddable":true,"href":"http:\/\/www.svensk-indiskaagape-missionen.se\/index.php\/wp-json\/wp\/v2\/users\/1"}],"replies":[{"embeddable":true,"href":"http:\/\/www.svensk-indiskaagape-missionen.se\/index.php\/wp-json\/wp\/v2\/comments?post=211"}],"version-history":[{"count":2,"href":"http:\/\/www.svensk-indiskaagape-missionen.se\/index.php\/wp-json\/wp\/v2\/pages\/211\/revisions"}],"predecessor-version":[{"id":214,"href":"http:\/\/www.svensk-indiskaagape-missionen.se\/index.php\/wp-json\/wp\/v2\/pages\/211\/revisions\/214"}],"up":[{"embeddable":true,"href":"http:\/\/www.svensk-indiskaagape-missionen.se\/index.php\/wp-json\/wp\/v2\/pages\/435"}],"wp:attachment":[{"href":"http:\/\/www.svensk-indiskaagape-missionen.se\/index.php\/wp-json\/wp\/v2\/media?parent=211"}],"curies":[{"name":"wp","href":"https:\/\/api.w.org\/{rel}","templated":true}]}}