{"id":200,"date":"2018-04-17T16:25:08","date_gmt":"2018-04-17T14:25:08","guid":{"rendered":"http:\/\/www.svensk-indiskaagape-missionen.se\/?page_id=200"},"modified":"2020-09-06T11:06:08","modified_gmt":"2020-09-06T09:06:08","slug":"extra-nyhetsbrev-april-2018","status":"publish","type":"page","link":"http:\/\/www.svensk-indiskaagape-missionen.se\/index.php\/arkiv\/arkiv-2018\/extra-nyhetsbrev-april-2018\/","title":{"rendered":"Extra Nyhetsbrev April 2018"},"content":{"rendered":"<p>V\u00e4nner!<\/p>\n<p>H\u00e4r f\u00e5r ni lite f\u00e4rsk information fr\u00e5n v\u00e5rt \u00e5rsm\u00f6te i Agape.<\/p>\n<p>Med v\u00e4nlig h\u00e4lsning,<\/p>\n<p>Jan Klehn<\/p>\n<p><a href=\"http:\/\/www.svensk-indiskaagape-missionen.se\/wp-content\/uploads\/2018\/04\/Extra-nyhetsbrev-2018.pdf\">Nyhetsbrevet som pdf<\/a><\/p>\n","protected":false},"excerpt":{"rendered":"<p>V\u00e4nner! H\u00e4r f\u00e5r ni lite f\u00e4rsk information fr\u00e5n v\u00e5rt \u00e5rsm\u00f6te i Agape. Med v\u00e4nlig h\u00e4lsning, Jan Klehn Nyhetsbrevet som pdf<\/p>\n","protected":false},"author":1,"featured_media":0,"parent":435,"menu_order":0,"comment_status":"closed","ping_status":"closed","template":"page-templates\/full-width.php","meta":{"ngg_post_thumbnail":0,"footnotes":""},"class_list":["post-200","page","type-page","status-publish","hentry"],"_links":{"self":[{"href":"http:\/\/www.svensk-indiskaagape-missionen.se\/index.php\/wp-json\/wp\/v2\/pages\/200","targetHints":{"allow":["GET"]}}],"collection":[{"href":"http:\/\/www.svensk-indiskaagape-missionen.se\/index.php\/wp-json\/wp\/v2\/pages"}],"about":[{"href":"http:\/\/www.svensk-indiskaagape-missionen.se\/index.php\/wp-json\/wp\/v2\/types\/page"}],"author":[{"embeddable":true,"href":"http:\/\/www.svensk-indiskaagape-missionen.se\/index.php\/wp-json\/wp\/v2\/users\/1"}],"replies":[{"embeddable":true,"href":"http:\/\/www.svensk-indiskaagape-missionen.se\/index.php\/wp-json\/wp\/v2\/comments?post=200"}],"version-history":[{"count":1,"href":"http:\/\/www.svensk-indiskaagape-missionen.se\/index.php\/wp-json\/wp\/v2\/pages\/200\/revisions"}],"predecessor-version":[{"id":201,"href":"http:\/\/www.svensk-indiskaagape-missionen.se\/index.php\/wp-json\/wp\/v2\/pages\/200\/revisions\/201"}],"up":[{"embeddable":true,"href":"http:\/\/www.svensk-indiskaagape-missionen.se\/index.php\/wp-json\/wp\/v2\/pages\/435"}],"wp:attachment":[{"href":"http:\/\/www.svensk-indiskaagape-missionen.se\/index.php\/wp-json\/wp\/v2\/media?parent=200"}],"curies":[{"name":"wp","href":"https:\/\/api.w.org\/{rel}","templated":true}]}}