{"id":190,"date":"2018-03-13T21:41:46","date_gmt":"2018-03-13T20:41:46","guid":{"rendered":"http:\/\/www.svensk-indiskaagape-missionen.se\/?page_id=190"},"modified":"2020-09-06T10:25:22","modified_gmt":"2020-09-06T08:25:22","slug":"nyhetsbrev","status":"publish","type":"page","link":"http:\/\/www.svensk-indiskaagape-missionen.se\/index.php\/arkiv\/arkiv-2018\/nyhetsbrev\/","title":{"rendered":"Nyhetsbrev Mars 2018"},"content":{"rendered":"<p>K\u00e4ra Agape-v\u00e4nner!<\/p>\n<p>S\u00e5 \u00e4r det dags f\u00f6r \u00e4nnu ett Nyhetsbrev fr\u00e5n Agape-arbetet, som numera leds av Vikrant Bhandari.<\/p>\n<p>Vi p\u00e5minner ocks\u00e5 om att det h\u00e5lls \u00e5rsm\u00f6te i april d\u00e5 ni alla \u00e4r v\u00e4lkomna till Lung\u00e5s.<\/p>\n<p>Tack f\u00f6r ert st\u00f6d i f\u00f6rb\u00f6n och g\u00e5vor.<\/p>\n<p>F\u00f6r styrelsen<\/p>\n<p>Jan Klehn<\/p>\n<p><a href=\"http:\/\/www.svensk-indiskaagape-missionen.se\/wp-content\/uploads\/2018\/03\/Nyhetsbrev-mars-2018-pdf.pdf\">Nyhetsbrev mars 2018 pdf<\/a><\/p>\n","protected":false},"excerpt":{"rendered":"<p>K\u00e4ra Agape-v\u00e4nner! S\u00e5 \u00e4r det dags f\u00f6r \u00e4nnu ett Nyhetsbrev fr\u00e5n Agape-arbetet, som numera leds av Vikrant Bhandari. Vi p\u00e5minner ocks\u00e5 om att det h\u00e5lls \u00e5rsm\u00f6te i april d\u00e5 ni alla \u00e4r v\u00e4lkomna till Lung\u00e5s. Tack f\u00f6r ert st\u00f6d i f\u00f6rb\u00f6n och g\u00e5vor. F\u00f6r styrelsen Jan Klehn Nyhetsbrev mars 2018 pdf<\/p>\n","protected":false},"author":1,"featured_media":0,"parent":435,"menu_order":0,"comment_status":"closed","ping_status":"closed","template":"","meta":{"ngg_post_thumbnail":0,"footnotes":""},"class_list":["post-190","page","type-page","status-publish","hentry"],"_links":{"self":[{"href":"http:\/\/www.svensk-indiskaagape-missionen.se\/index.php\/wp-json\/wp\/v2\/pages\/190","targetHints":{"allow":["GET"]}}],"collection":[{"href":"http:\/\/www.svensk-indiskaagape-missionen.se\/index.php\/wp-json\/wp\/v2\/pages"}],"about":[{"href":"http:\/\/www.svensk-indiskaagape-missionen.se\/index.php\/wp-json\/wp\/v2\/types\/page"}],"author":[{"embeddable":true,"href":"http:\/\/www.svensk-indiskaagape-missionen.se\/index.php\/wp-json\/wp\/v2\/users\/1"}],"replies":[{"embeddable":true,"href":"http:\/\/www.svensk-indiskaagape-missionen.se\/index.php\/wp-json\/wp\/v2\/comments?post=190"}],"version-history":[{"count":3,"href":"http:\/\/www.svensk-indiskaagape-missionen.se\/index.php\/wp-json\/wp\/v2\/pages\/190\/revisions"}],"predecessor-version":[{"id":193,"href":"http:\/\/www.svensk-indiskaagape-missionen.se\/index.php\/wp-json\/wp\/v2\/pages\/190\/revisions\/193"}],"up":[{"embeddable":true,"href":"http:\/\/www.svensk-indiskaagape-missionen.se\/index.php\/wp-json\/wp\/v2\/pages\/435"}],"wp:attachment":[{"href":"http:\/\/www.svensk-indiskaagape-missionen.se\/index.php\/wp-json\/wp\/v2\/media?parent=190"}],"curies":[{"name":"wp","href":"https:\/\/api.w.org\/{rel}","templated":true}]}}