{"id":180,"date":"2017-12-01T18:10:39","date_gmt":"2017-12-01T17:10:39","guid":{"rendered":"http:\/\/www.svensk-indiskaagape-missionen.se\/?page_id=180"},"modified":"2020-09-06T11:05:41","modified_gmt":"2020-09-06T09:05:41","slug":"nyhetsbrev-julen-2017","status":"publish","type":"page","link":"http:\/\/www.svensk-indiskaagape-missionen.se\/index.php\/arkiv\/arkiv-2017\/nyhetsbrev-julen-2017\/","title":{"rendered":"Nyhetsbrev Julen 2017"},"content":{"rendered":"<p><span style=\"font-size: 12.0pt; color: black;\">K\u00e4ra Agapev\u00e4nner!<\/span><\/p>\n<p><span style=\"font-size: 12.0pt; color: black;\">Ni \u00f6nskas en God Jul och Ett Gott Nytt \u00e5r. Tack f\u00f6r ert st\u00f6d under \u00e5ret som snart \u00e4r till \u00e4nda. H\u00e4r f\u00f6ljer Nyhetsbrevet f\u00f6r december. Hoppas det ska vara till v\u00e4lsignelse att l\u00e4sa hur arbetet g\u00e5r fram\u00e5t i Indien.<\/span><\/p>\n<p><span style=\"font-size: 12.0pt; color: black;\">Med v\u00e4nlig h\u00e4lsning,<\/span><\/p>\n<p><span style=\"font-size: 12.0pt; color: black;\">Jan Klehn<\/span><\/p>\n<p><a href=\"http:\/\/www.svensk-indiskaagape-missionen.se\/wp-content\/uploads\/2017\/12\/Nyhetsbrev-Jul-2017-pdf.pdf\">L\u00e4nk till Nyhetsbrevet<\/a><\/p>\n","protected":false},"excerpt":{"rendered":"<p>K\u00e4ra Agapev\u00e4nner! Ni \u00f6nskas en God Jul och Ett Gott Nytt \u00e5r. Tack f\u00f6r ert st\u00f6d under \u00e5ret som snart \u00e4r till \u00e4nda. H\u00e4r f\u00f6ljer Nyhetsbrevet f\u00f6r december. Hoppas det ska vara till v\u00e4lsignelse att l\u00e4sa hur arbetet g\u00e5r fram\u00e5t i Indien. Med v\u00e4nlig h\u00e4lsning, Jan Klehn L\u00e4nk till Nyhetsbrevet<\/p>\n","protected":false},"author":1,"featured_media":0,"parent":437,"menu_order":0,"comment_status":"closed","ping_status":"closed","template":"","meta":{"ngg_post_thumbnail":0,"footnotes":""},"class_list":["post-180","page","type-page","status-publish","hentry"],"_links":{"self":[{"href":"http:\/\/www.svensk-indiskaagape-missionen.se\/index.php\/wp-json\/wp\/v2\/pages\/180","targetHints":{"allow":["GET"]}}],"collection":[{"href":"http:\/\/www.svensk-indiskaagape-missionen.se\/index.php\/wp-json\/wp\/v2\/pages"}],"about":[{"href":"http:\/\/www.svensk-indiskaagape-missionen.se\/index.php\/wp-json\/wp\/v2\/types\/page"}],"author":[{"embeddable":true,"href":"http:\/\/www.svensk-indiskaagape-missionen.se\/index.php\/wp-json\/wp\/v2\/users\/1"}],"replies":[{"embeddable":true,"href":"http:\/\/www.svensk-indiskaagape-missionen.se\/index.php\/wp-json\/wp\/v2\/comments?post=180"}],"version-history":[{"count":2,"href":"http:\/\/www.svensk-indiskaagape-missionen.se\/index.php\/wp-json\/wp\/v2\/pages\/180\/revisions"}],"predecessor-version":[{"id":182,"href":"http:\/\/www.svensk-indiskaagape-missionen.se\/index.php\/wp-json\/wp\/v2\/pages\/180\/revisions\/182"}],"up":[{"embeddable":true,"href":"http:\/\/www.svensk-indiskaagape-missionen.se\/index.php\/wp-json\/wp\/v2\/pages\/437"}],"wp:attachment":[{"href":"http:\/\/www.svensk-indiskaagape-missionen.se\/index.php\/wp-json\/wp\/v2\/media?parent=180"}],"curies":[{"name":"wp","href":"https:\/\/api.w.org\/{rel}","templated":true}]}}