{"id":17,"date":"2015-11-12T14:02:06","date_gmt":"2015-11-12T13:02:06","guid":{"rendered":"http:\/\/www.svensk-indiskaagape-missionen.se\/?page_id=17"},"modified":"2020-02-26T17:18:11","modified_gmt":"2020-02-26T16:18:11","slug":"vara-skolor","status":"publish","type":"page","link":"http:\/\/www.svensk-indiskaagape-missionen.se\/index.php\/vara-skolor\/","title":{"rendered":"V\u00e5ra skolor"},"content":{"rendered":"<p><a href=\"http:\/\/www.svensk-indiskaagape-missionen.se\/wp-content\/uploads\/2015\/11\/Bild4.png\"><img loading=\"lazy\" decoding=\"async\" class=\"alignnone size-large wp-image-92\" src=\"http:\/\/www.svensk-indiskaagape-missionen.se\/wp-content\/uploads\/2015\/11\/Bild4-1024x649.png\" alt=\"Bild4\" width=\"474\" height=\"300\" srcset=\"http:\/\/www.svensk-indiskaagape-missionen.se\/wp-content\/uploads\/2015\/11\/Bild4-1024x649.png 1024w, http:\/\/www.svensk-indiskaagape-missionen.se\/wp-content\/uploads\/2015\/11\/Bild4-300x190.png 300w, http:\/\/www.svensk-indiskaagape-missionen.se\/wp-content\/uploads\/2015\/11\/Bild4-768x487.png 768w, http:\/\/www.svensk-indiskaagape-missionen.se\/wp-content\/uploads\/2015\/11\/Bild4.png 1697w\" sizes=\"auto, (max-width: 474px) 100vw, 474px\" \/><\/a><\/p>\n<h2><strong>P<\/strong><strong>rem Pathshala &#8211; K\u00e4rleksskolan<\/strong><\/h2>\n<p>Prem Pathshala \u00e4r Agape:s f\u00f6rsta skola. Den startades 1983 och har i dag \u00f6ver 400 elever i \u00e5rskurserna 1-8. Eleverna \u00e4r till st\u00f6rsta delen fr\u00e5n fattiga familjer som oftast inte \u00e4ger n\u00e5gon mark. Undervisningen och materialet \u00e4r helt gratis. Skolan \u00e4r enda m\u00f6jligheten till undervisning f\u00f6r dessa barn. Den \u00e4r godk\u00e4nd av staten och har av de lokala myndigheterna under flera \u00e5r f\u00e5tt utm\u00e4rkelser f\u00f6r sina fina resultat. Barnen f\u00e5r f\u00f6rutom skolundervisning \u00e4ven l\u00e4ra sig om Jesu k\u00e4rlek genom daglig bibell\u00e4sning, s\u00e5ng och b\u00f6n. Skolan utvecklas mer och mer och Agape:s m\u00e5l \u00e4r att kunna hj\u00e4lpa fler fattiga barn i omr\u00e5det att kunna f\u00e5 gratis undervisning p\u00e5 Prem Pathshala.<\/p>\n<hr>\n<p><a href=\"http:\/\/www.svensk-indiskaagape-missionen.se\/wp-content\/uploads\/2015\/11\/Bild5.png\"><img loading=\"lazy\" decoding=\"async\" class=\"alignnone size-large wp-image-93\" src=\"http:\/\/www.svensk-indiskaagape-missionen.se\/wp-content\/uploads\/2015\/11\/Bild5-1024x680.png\" alt=\"Bild5\" width=\"474\" height=\"315\" srcset=\"http:\/\/www.svensk-indiskaagape-missionen.se\/wp-content\/uploads\/2015\/11\/Bild5-1024x680.png 1024w, http:\/\/www.svensk-indiskaagape-missionen.se\/wp-content\/uploads\/2015\/11\/Bild5-300x199.png 300w, http:\/\/www.svensk-indiskaagape-missionen.se\/wp-content\/uploads\/2015\/11\/Bild5-768x510.png 768w, http:\/\/www.svensk-indiskaagape-missionen.se\/wp-content\/uploads\/2015\/11\/Bild5.png 1708w\" sizes=\"auto, (max-width: 474px) 100vw, 474px\" \/><\/a><\/p>\n<p>N\u00e5gra av de \u00e4ldsta eleverna p\u00e5 skolan<\/p>\n<h3>Agape Mission School<\/h3>\n<p>P\u00e5 s\u00f6ndagarna anv\u00e4nds agape Mission Schools lokaler till att fira gudstj\u00e4nst och som en m\u00f6tesplats f\u00f6r ett 30-tal kristna. Genom dessa skolor n\u00e5r agape inte bara barnen i omr\u00e5det utan \u00e4ven deras familjer. B\u00e5da skolorna \u00e4r viktiga f\u00f6r att utbilda barnen i omr\u00e5det och de utg\u00f6r \u00e4ven en viktig funktion i att n\u00e5 ut med evangeliet. Skolorna kan liknas vid en kanal som n\u00e5r ut med Jesu k\u00e4rlek till b\u00e5de barnen och deras familjer.<br \/>\nAgape Mission School startades 1990 och har f\u00f6r n\u00e4rvarande \u00f6ver 750 elever i klasserna 1-12. Skolan \u00e4r nu ansluten till \u201dThe Indian Conucil for Secondary Education\u201d och \u00e4ven p\u00e5 denna skola utm\u00e4rker sig eleverna med mycket bra betyg vid de centrala proven. Eleverna f\u00e5r betala en viss avgift per termin vilket g\u00f6r att barnen kommer fr\u00e5n familjer som har det b\u00e4ttre st\u00e4llt \u00e4n hos de som g\u00e5r p\u00e5 Prem Pathshala.<\/p>\n<p>Agapes tredje och senaste skola i Bareth startades i maj 2011 och har 167 elever<\/p>\n<h3>Senaste skolan i Bareth<\/h3>\n<p>Agape Bids Centre i Bareth startades 2011.<\/p>\n<p>Fr\u00e5n b\u00f6rjan kom endast n\u00e5gra f\u00e5 barn. Fem \u00e5r senare finns n\u00e4rmare 170 elever p\u00e5 skolan. De kommer fr\u00e5n fem sm\u00e5 byar i det h\u00f6gs bel\u00e4gna omr\u00e5det i Himalaya i och kring Bareth. Eleverna f\u00e5r gratis undervisning, samt v\u00e4gledning, skolmaterial och ett m\u00e5l mat varje dag.<\/p>\n<p><a href=\"http:\/\/www.svensk-indiskaagape-missionen.se\/wp-content\/uploads\/2015\/11\/Bild6.png\"><img loading=\"lazy\" decoding=\"async\" class=\"size-large wp-image-94 aligncenter\" src=\"http:\/\/www.svensk-indiskaagape-missionen.se\/wp-content\/uploads\/2015\/11\/Bild6-1024x680.png\" alt=\"Bild6\" width=\"474\" height=\"315\" srcset=\"http:\/\/www.svensk-indiskaagape-missionen.se\/wp-content\/uploads\/2015\/11\/Bild6-1024x680.png 1024w, http:\/\/www.svensk-indiskaagape-missionen.se\/wp-content\/uploads\/2015\/11\/Bild6-300x199.png 300w, http:\/\/www.svensk-indiskaagape-missionen.se\/wp-content\/uploads\/2015\/11\/Bild6-768x510.png 768w, http:\/\/www.svensk-indiskaagape-missionen.se\/wp-content\/uploads\/2015\/11\/Bild6.png 1705w\" sizes=\"auto, (max-width: 474px) 100vw, 474px\" \/><\/a><\/p>\n<p style=\"text-align: left;\"><a href=\"http:\/\/www.svensk-indiskaagape-missionen.se\/wp-content\/uploads\/2015\/11\/Bild7.png\"><img loading=\"lazy\" decoding=\"async\" class=\"size-medium wp-image-95 alignright\" src=\"http:\/\/www.svensk-indiskaagape-missionen.se\/wp-content\/uploads\/2015\/11\/Bild7-300x199.png\" alt=\"Bild7\" width=\"300\" height=\"199\" srcset=\"http:\/\/www.svensk-indiskaagape-missionen.se\/wp-content\/uploads\/2015\/11\/Bild7-300x199.png 300w, http:\/\/www.svensk-indiskaagape-missionen.se\/wp-content\/uploads\/2015\/11\/Bild7.png 717w\" sizes=\"auto, (max-width: 300px) 100vw, 300px\" \/><\/a><br \/>\nEleverna i Bareth f\u00e5r ett m\u00e5l mat varje dag. H\u00e4r v\u00e4ntar n\u00e5gra p\u00e5 sin tur medan Vachan S Bhandari fotograferar alla eleverna som samlats p\u00e5 gr\u00e4set&nbsp; utanf\u00f6r skolan.<\/p>\n<hr>\n<p>Enligt grundaren Vachan S Bhandari startades samtliga skolor i syfte att ge kvalitativ utbildning \u00e5t fattiga barn med Jesu k\u00e4rlek som grund.<\/p>\n<p>Visionen f\u00f6r framtiden \u00e4r att alla skolorna ska n\u00e5 h\u00f6gsta standard upp till 12:e klass.<\/p>\n<p>N\u00e4r detta skrivs (2016) uppfyller ingen av skolorna det kravet, men s\u00e5 \u00e4r m\u00e5ls\u00e4ttningen.<\/p>\n<p>&#8211; Vi \u00f6nskar att se att alla v\u00e5ra elever inom alla omr\u00e5den i livet kan visa k\u00e4rleken fr\u00e5n Kristus genom sina liv. Min vision \u00e4r ocks\u00e5 att starta fler s\u00e5dana skolor om det \u00e4r m\u00f6jligt f\u00f6r mig, s\u00e4ger Vachan S Bhandari.<\/p>\n<hr>\n<h3>Detta kan du hj\u00e4lpa till med<\/h3>\n<p>Det sker stora satsningar p\u00e5 b\u00e5da skolorna f\u00f6r att uppfylla statens krav. F\u00f6r att bibeh\u00e5lla och utveckla Agapes skolor beh\u00f6vs investeringar i b\u00e5de byggnader och skolmaterial. Var g\u00e4rna med och f\u00f6rb\u00e4ttra framtiden f\u00f6r barnen i Rishikesh och Bareth.<\/p>\n<p>&nbsp;<\/p>\n","protected":false},"excerpt":{"rendered":"<p>Prem Pathshala &#8211; K\u00e4rleksskolan Prem Pathshala \u00e4r Agape:s f\u00f6rsta skola. Den startades 1983 och har i dag \u00f6ver 400 elever i \u00e5rskurserna 1-8. Eleverna \u00e4r till st\u00f6rsta delen fr\u00e5n fattiga familjer som oftast inte \u00e4ger n\u00e5gon mark. Undervisningen och materialet \u00e4r helt gratis. Skolan \u00e4r enda m\u00f6jligheten till undervisning f\u00f6r dessa barn. Den \u00e4r godk\u00e4nd &hellip; <a href=\"http:\/\/www.svensk-indiskaagape-missionen.se\/index.php\/vara-skolor\/\" class=\"more-link\">Forts\u00e4tt l\u00e4sa <span class=\"screen-reader-text\">V\u00e5ra skolor<\/span> <span class=\"meta-nav\">&rarr;<\/span><\/a><\/p>\n","protected":false},"author":1,"featured_media":0,"parent":0,"menu_order":4,"comment_status":"closed","ping_status":"closed","template":"","meta":{"ngg_post_thumbnail":0,"footnotes":""},"class_list":["post-17","page","type-page","status-publish","hentry"],"_links":{"self":[{"href":"http:\/\/www.svensk-indiskaagape-missionen.se\/index.php\/wp-json\/wp\/v2\/pages\/17","targetHints":{"allow":["GET"]}}],"collection":[{"href":"http:\/\/www.svensk-indiskaagape-missionen.se\/index.php\/wp-json\/wp\/v2\/pages"}],"about":[{"href":"http:\/\/www.svensk-indiskaagape-missionen.se\/index.php\/wp-json\/wp\/v2\/types\/page"}],"author":[{"embeddable":true,"href":"http:\/\/www.svensk-indiskaagape-missionen.se\/index.php\/wp-json\/wp\/v2\/users\/1"}],"replies":[{"embeddable":true,"href":"http:\/\/www.svensk-indiskaagape-missionen.se\/index.php\/wp-json\/wp\/v2\/comments?post=17"}],"version-history":[{"count":10,"href":"http:\/\/www.svensk-indiskaagape-missionen.se\/index.php\/wp-json\/wp\/v2\/pages\/17\/revisions"}],"predecessor-version":[{"id":374,"href":"http:\/\/www.svensk-indiskaagape-missionen.se\/index.php\/wp-json\/wp\/v2\/pages\/17\/revisions\/374"}],"wp:attachment":[{"href":"http:\/\/www.svensk-indiskaagape-missionen.se\/index.php\/wp-json\/wp\/v2\/media?parent=17"}],"curies":[{"name":"wp","href":"https:\/\/api.w.org\/{rel}","templated":true}]}}