{"id":150,"date":"2017-03-10T18:06:17","date_gmt":"2017-03-10T17:06:17","guid":{"rendered":"http:\/\/www.svensk-indiskaagape-missionen.se\/?page_id=150"},"modified":"2020-09-06T10:25:08","modified_gmt":"2020-09-06T08:25:08","slug":"nyhetsbrev-mars-2017","status":"publish","type":"page","link":"http:\/\/www.svensk-indiskaagape-missionen.se\/index.php\/arkiv\/arkiv-2017\/nyhetsbrev-mars-2017\/","title":{"rendered":"Nyhetsbrev Mars 2017"},"content":{"rendered":"<p>K\u00e4ra Agape-v\u00e4nner!<\/p>\n<p>Det har g\u00e5tt en tid sedan senaste Nyhetsbrevet fr\u00e5n arbetet i Indien.Nu \u00e4r det dags igen. Vi kan ocks\u00e5 se tillbaka p\u00e5 ett fint \u00e5r med b\u00e4ttre insamlingsresultat \u00e4n 2015. Detta beror till stor del p\u00e5 Vachan Singh Bhandaris bes\u00f6k h\u00e4r i Sverige som gav ett mycket fint resultat.<\/p>\n<p>Arbetet fortg\u00e5r och utvecklas. Vi hoppas ni vill forts\u00e4tta att be f\u00f6r detta.<\/p>\n<p>H\u00e4lsningar fr\u00e5n styrelsen genom &nbsp;Jan Klehn<\/p>\n<p>Klicka p\u00e5 l\u00e4nken nedan f\u00f6r att l\u00e4sa nyhetsbrevet!<\/p>\n<p><a href=\"http:\/\/www.svensk-indiskaagape-missionen.se\/wp-content\/uploads\/2017\/03\/Nyhetsbrev-170307.pdf\">Nyhetsbrev 170307<\/a><\/p>\n","protected":false},"excerpt":{"rendered":"<p>K\u00e4ra Agape-v\u00e4nner! Det har g\u00e5tt en tid sedan senaste Nyhetsbrevet fr\u00e5n arbetet i Indien.Nu \u00e4r det dags igen. Vi kan ocks\u00e5 se tillbaka p\u00e5 ett fint \u00e5r med b\u00e4ttre insamlingsresultat \u00e4n 2015. Detta beror till stor del p\u00e5 Vachan Singh Bhandaris bes\u00f6k h\u00e4r i Sverige som gav ett mycket fint resultat. Arbetet fortg\u00e5r och utvecklas. &hellip; <a href=\"http:\/\/www.svensk-indiskaagape-missionen.se\/index.php\/arkiv\/arkiv-2017\/nyhetsbrev-mars-2017\/\" class=\"more-link\">Forts\u00e4tt l\u00e4sa <span class=\"screen-reader-text\">Nyhetsbrev Mars 2017<\/span> <span class=\"meta-nav\">&rarr;<\/span><\/a><\/p>\n","protected":false},"author":1,"featured_media":0,"parent":437,"menu_order":0,"comment_status":"closed","ping_status":"closed","template":"page-templates\/full-width.php","meta":{"ngg_post_thumbnail":0,"footnotes":""},"class_list":["post-150","page","type-page","status-publish","hentry"],"_links":{"self":[{"href":"http:\/\/www.svensk-indiskaagape-missionen.se\/index.php\/wp-json\/wp\/v2\/pages\/150","targetHints":{"allow":["GET"]}}],"collection":[{"href":"http:\/\/www.svensk-indiskaagape-missionen.se\/index.php\/wp-json\/wp\/v2\/pages"}],"about":[{"href":"http:\/\/www.svensk-indiskaagape-missionen.se\/index.php\/wp-json\/wp\/v2\/types\/page"}],"author":[{"embeddable":true,"href":"http:\/\/www.svensk-indiskaagape-missionen.se\/index.php\/wp-json\/wp\/v2\/users\/1"}],"replies":[{"embeddable":true,"href":"http:\/\/www.svensk-indiskaagape-missionen.se\/index.php\/wp-json\/wp\/v2\/comments?post=150"}],"version-history":[{"count":1,"href":"http:\/\/www.svensk-indiskaagape-missionen.se\/index.php\/wp-json\/wp\/v2\/pages\/150\/revisions"}],"predecessor-version":[{"id":151,"href":"http:\/\/www.svensk-indiskaagape-missionen.se\/index.php\/wp-json\/wp\/v2\/pages\/150\/revisions\/151"}],"up":[{"embeddable":true,"href":"http:\/\/www.svensk-indiskaagape-missionen.se\/index.php\/wp-json\/wp\/v2\/pages\/437"}],"wp:attachment":[{"href":"http:\/\/www.svensk-indiskaagape-missionen.se\/index.php\/wp-json\/wp\/v2\/media?parent=150"}],"curies":[{"name":"wp","href":"https:\/\/api.w.org\/{rel}","templated":true}]}}