{"id":138,"date":"2016-12-02T18:16:58","date_gmt":"2016-12-02T17:16:58","guid":{"rendered":"http:\/\/www.svensk-indiskaagape-missionen.se\/?page_id=138"},"modified":"2020-09-06T11:05:56","modified_gmt":"2020-09-06T09:05:56","slug":"nyhetsbrev-dec-2016","status":"publish","type":"page","link":"http:\/\/www.svensk-indiskaagape-missionen.se\/index.php\/arkiv\/arkiv-2016\/nyhetsbrev-dec-2016\/","title":{"rendered":"Nyhetsbrev dec.2016"},"content":{"rendered":"<p>Klicka p\u00e5 l\u00e4nken nedan f\u00f6r att se nyhetsbrevet i original som pdf.<\/p>\n<p><a href=\"http:\/\/www.svensk-indiskaagape-missionen.se\/wp-content\/uploads\/2016\/12\/Nyhetsbrev-dec-2016.pdf\" target=\"_blank\" rel=\"noopener noreferrer\">nyhetsbrev-dec-2016<\/a><\/p>\n<p>H\u00e4lsning fr\u00e5n svenska Agapestyrelsen<br \/>\nEtt h\u00e4ndelserikt \u00e5r f\u00f6r Agape n\u00e4rmar sig sitt slut. Bland annat har vi haft ett mycket intressant bes\u00f6k av direktor Vachan S Bhandari med<br \/>\nfru Firoza i drygt 25 f\u00f6rsamlingar under h\u00f6sten. Vi vill \u00e4n en g\u00e5ng tacka alla som tagit emot v\u00e4nnerna och f\u00f6r de rika offer som samlats<br \/>\nin under deras turn\u00e9.<br \/>\nVi vill ocks\u00e5 tacka alla k\u00e4ra v\u00e4nner som troget st\u00e5r med oss i offer och f\u00f6rb\u00f6ner. Forts\u00e4tt att be. Sist vill vi \u00f6nska er en<br \/>\nGOD JUL och ETT<br \/>\nGOTT NYTT \u00c5R 2017.<\/p>\n<p><strong>Julen 2016<\/strong><br \/>\nK\u00e4ra bedjande v\u00e4nner!<br \/>\nTack f\u00f6r era f\u00f6rb\u00f6ner och st\u00f6d mitt i pr\u00f6vningar och utmaningar.<br \/>\nDet beh\u00f6vs f\u00f6r att vi ska orka forts\u00e4tta vidare och fullf\u00f6lja den Guds kallelse vi f\u00e5tt.<br \/>\nTack alla ni som st\u00e5r vid v\u00e5r sida i allt.<br \/>\nMitt i de utmaningar vi m\u00f6ter i dessa sv\u00e5ra tider, ger oss Herren n\u00e5d och visdom att g\u00e5 vidare i hans tj\u00e4nst.<br \/>\nV\u00e5r vision st\u00e5r fast att dela Jesu k\u00e4rlek i ord och g\u00e4rning, vittnesb\u00f6rd och handling.<br \/>\nNyligen for Vikrant (Babu) p\u00e5 en motorcykelexpedition i Himalaya tillsammans med ett team.<br \/>\nM\u00e5let var att dela Jesu k\u00e4rlek med olika folk i det h\u00f6ga Himalaya.<br \/>\n<strong>Skolorna<\/strong><br \/>\narbetar vidare f\u00f6r att b\u00e4ra ut vittnesb\u00f6rdet om Jesu k\u00e4rlek genom utbildning bland de<br \/>\nfattiga och beh\u00f6vande. Skolorna har hela tiden varit till stor v\u00e4lsignelse f\u00f6r s\u00e5v\u00e4l barnen<br \/>\nsom deras f\u00f6r\u00e4ldrar.<br \/>\nMen i dessa dagar har vi ocks\u00e5 m\u00f6tt allvarliga utmaningar som ligger l\u00e5ng bortom v\u00e5r<br \/>\nfantasi. Vi v\u00e4djar d\u00e4rf\u00f6r till er om f\u00f6rb\u00f6n s\u00e5 att en l\u00f6sning kan n\u00e5s. St\u00e4ndigt m\u00f6ter vi<br \/>\nutmaningen att ha kvalificerade kristna l\u00e4rare p\u00e5 v\u00e5ra skolor. Be att Herren ger oss de r\u00e4tta<br \/>\nl\u00e4rarna.<\/p>\n<p><strong>Fru Neelu Sharma<\/strong> har utn\u00e4mnts till rektor f\u00f6r Prem Patshala.<br \/>\nEn del f\u00f6rbittring och opposition mot beslutet har f\u00f6rekommit fr\u00e5n en h\u00f6gre hinduisk l\u00e4rare som sj\u00e4lv vill ha uppdraget.<br \/>\nVi har dock tydligt sagt att det r\u00f6r sig om en kristen skola och enbart en kristen rektor ska leda den.<br \/>\nVi har d\u00e4rf\u00f6r en del problem med den l\u00e4raren.<br \/>\nFru Ramini Bhandari forts\u00e4tter som rektor f\u00f6r Agape Mission School. Be f\u00f6r rektorerna.<\/p>\n<p><strong>H\u00e4lsov\u00e5rd och handel<\/strong><br \/>\nNu satsar vi ocks\u00e5 p\u00e5 att tr\u00e4na n\u00e5gra av v\u00e5ra medarbetare att utf\u00f6ra allm\u00e4n h\u00e4lsov\u00e5rd.<br \/>\nJust nu genomg\u00e5r fyra personer utbildning i grundl\u00e4ggande h\u00e4lsov\u00e5rd. Det \u00e4r en k\u00e4nd<br \/>\nkristen medicinskt h\u00f6gskola och sjukhus i Vellore i s\u00f6dra Indien som svarar f\u00f6r utbildningen.<br \/>\nV\u00e5ra fyra medarbetare kommer efter utbildningen att vara utrustade att tj\u00e4na i dessa<br \/>\nuppgifter d\u00e4r de nu verkar. De v\u00e4lkomnas ocks\u00e5 bland befolkningen eftersom de betj\u00e4nar dem.<br \/>\nDessutom riktar vi v\u00e5r uppm\u00e4rksamhet p\u00e5 att tr\u00e4na andra av v\u00e5ra medarbetares<br \/>\nf\u00e4rdigheter inom handel, som kan hj\u00e4lpa dem att bli ekonomiskt stabila och kunna forts\u00e4tta<br \/>\nevangelisera utan ekonomiska problem.<\/p>\n<p><strong>Framg\u00e5ng<\/strong><br \/>\nGenom Herrens n\u00e5d ser vi ett m\u00e4ktigt f\u00f6rvandlande arbete i m\u00e5nga delar av v\u00e5rt land d\u00e4r v\u00e5ra<br \/>\nmedarbetare verkar. Nyligen fick vi se 27 familjer i en by som sysslat med st\u00f6lder blev f\u00f6rvandlade av Jesus.<br \/>\nPastor Anoop Samuel har bes\u00f6kt dem och l\u00e4rt dem att respektera andras liv och egendom och visat dem<br \/>\nhur de med egna h\u00e4nder kan tj\u00e4na sitt uppeh\u00e4lle.<br \/>\nNu har alla dessa familjer b\u00f6rjat tro p\u00e5 Jesus som fr\u00e4lsare och herre.<br \/>\nMed sina h\u00e4nders verk \u00e4rar de Herren i ande och sanning. Be f\u00f6r dessa m\u00e4nniskor som bor i byn Melaghat.<br \/>\nBe ocks\u00e5 att den v\u00e5g av f\u00f6rf\u00f6ljelse som nu sprids \u00f6ver allt inte ska avskr\u00e4cka oss fr\u00e5n att<br \/>\ndela Jesu k\u00e4rleksbudskap med andra. Era f\u00f6rb\u00f6ner beh\u00f6vs som skydd och s\u00e4kerhet f\u00f6r<br \/>\nv\u00e5ra medarbetare och deras familjer som hela tiden lever under hot mot liv och egendom.<br \/>\nBe f\u00f6r Kurdan Lal och hans familj som genom v\u00e5ra medarbetare h\u00f6rt om Jesus som helbr\u00e4gdag\u00f6rare och fr\u00e4lsare.<br \/>\nHan har diabetes och dottern polio. N\u00e4r de h\u00f6rde om Jesu kraft, f\u00f6rlitade de sig p\u00e5 honom och ber\u00f6rdes av hans k\u00e4rlek.<br \/>\nKundal Lal k\u00e4nner sig b\u00e4ttre nu och dottern litar ocks\u00e5 p\u00e5 att Jesus ska f\u00f6rvandla hennes liv.<\/p>\n<p>&nbsp;<\/p>\n<p><strong>K\u00f6ket i Bareth<\/strong><br \/>\nEra f\u00f6rb\u00f6ner beh\u00f6vs ocks\u00e5 f\u00f6r ett nytt k\u00f6k i Bareth att laga m\u00e5ltider i.<br \/>\nDet finns ett k\u00f6k utomhus med ett tak \u00f6ver.<br \/>\nMen vi ska p\u00e5b\u00f6rja byggnationen av ett nytt k\u00f6k s\u00e5 snart vi samlat tillr\u00e4ckligt med medel.<\/p>\n<p>&nbsp;<\/p>\n<p><strong>Ledarskapet<\/strong><br \/>\nI mitten av oktober genomf\u00f6rdes en Agape Retreat och ett ledarskapsseminarium d\u00e4r<br \/>\nHerren m\u00f6tte sitt folk p\u00e5 ett nytt s\u00e4tt. Tacka Gud f\u00f6r vad han gjorde bland de mer \u00e4n 60 deltagarna.<br \/>\nFr\u00e5n b\u00f6rjan av november kasserades 500 och 1000 sedlar och dessa kan inte anv\u00e4ndas l\u00e4ngre.<br \/>\nDet har lett till en brist p\u00e5 kontanter som har p\u00e5verkat gemene man. Alla har vi lite<br \/>\nont om kontanter f\u00f6r dagligt bruk, vilket s\u00e4rskilt drabbat v\u00e5ra medarbetare ute p\u00e5 landet.<br \/>\nVi hoppas att detta snart ska l\u00f6sas.<br \/>\nBe f\u00f6r v\u00e5rt ledarskap inom Agape som beh\u00f6ver detta mer \u00e4n n\u00e5gonsin med tanke p\u00e5 alla<br \/>\nutmaningar de st\u00e4lls inf\u00f6r. Be f\u00f6r deras andliga och<br \/>\npsykiska h\u00e4lsa s\u00e5 att de kan leda sitt folk i r\u00e4tt riktning som Herren vill.<br \/>\n<strong>Tack f\u00f6r er k\u00e4rlek, f\u00f6rb\u00f6ner, uppmuntran och st\u00f6d p\u00e5 allt<\/strong><br \/>\n<strong>s\u00e4tt, alltid.<\/strong><br \/>\n<strong>Era v\u00e4nner i Kristus Vachan och Firoza<\/strong><\/p>\n","protected":false},"excerpt":{"rendered":"<p>Klicka p\u00e5 l\u00e4nken nedan f\u00f6r att se nyhetsbrevet i original som pdf. nyhetsbrev-dec-2016 H\u00e4lsning fr\u00e5n svenska Agapestyrelsen Ett h\u00e4ndelserikt \u00e5r f\u00f6r Agape n\u00e4rmar sig sitt slut. Bland annat har vi haft ett mycket intressant bes\u00f6k av direktor Vachan S Bhandari med fru Firoza i drygt 25 f\u00f6rsamlingar under h\u00f6sten. Vi vill \u00e4n en g\u00e5ng tacka &hellip; <a href=\"http:\/\/www.svensk-indiskaagape-missionen.se\/index.php\/arkiv\/arkiv-2016\/nyhetsbrev-dec-2016\/\" class=\"more-link\">Forts\u00e4tt l\u00e4sa <span class=\"screen-reader-text\">Nyhetsbrev dec.2016<\/span> <span class=\"meta-nav\">&rarr;<\/span><\/a><\/p>\n","protected":false},"author":1,"featured_media":0,"parent":439,"menu_order":0,"comment_status":"closed","ping_status":"closed","template":"page-templates\/full-width.php","meta":{"ngg_post_thumbnail":0,"footnotes":""},"class_list":["post-138","page","type-page","status-publish","hentry"],"_links":{"self":[{"href":"http:\/\/www.svensk-indiskaagape-missionen.se\/index.php\/wp-json\/wp\/v2\/pages\/138","targetHints":{"allow":["GET"]}}],"collection":[{"href":"http:\/\/www.svensk-indiskaagape-missionen.se\/index.php\/wp-json\/wp\/v2\/pages"}],"about":[{"href":"http:\/\/www.svensk-indiskaagape-missionen.se\/index.php\/wp-json\/wp\/v2\/types\/page"}],"author":[{"embeddable":true,"href":"http:\/\/www.svensk-indiskaagape-missionen.se\/index.php\/wp-json\/wp\/v2\/users\/1"}],"replies":[{"embeddable":true,"href":"http:\/\/www.svensk-indiskaagape-missionen.se\/index.php\/wp-json\/wp\/v2\/comments?post=138"}],"version-history":[{"count":6,"href":"http:\/\/www.svensk-indiskaagape-missionen.se\/index.php\/wp-json\/wp\/v2\/pages\/138\/revisions"}],"predecessor-version":[{"id":428,"href":"http:\/\/www.svensk-indiskaagape-missionen.se\/index.php\/wp-json\/wp\/v2\/pages\/138\/revisions\/428"}],"up":[{"embeddable":true,"href":"http:\/\/www.svensk-indiskaagape-missionen.se\/index.php\/wp-json\/wp\/v2\/pages\/439"}],"wp:attachment":[{"href":"http:\/\/www.svensk-indiskaagape-missionen.se\/index.php\/wp-json\/wp\/v2\/media?parent=138"}],"curies":[{"name":"wp","href":"https:\/\/api.w.org\/{rel}","templated":true}]}}