{"id":13,"date":"2015-11-12T13:58:34","date_gmt":"2015-11-12T12:58:34","guid":{"rendered":"http:\/\/www.svensk-indiskaagape-missionen.se\/?page_id=13"},"modified":"2016-06-05T20:24:55","modified_gmt":"2016-06-05T18:24:55","slug":"vart-arbete","status":"publish","type":"page","link":"http:\/\/www.svensk-indiskaagape-missionen.se\/index.php\/vart-arbete\/","title":{"rendered":"V\u00e5rt arbete"},"content":{"rendered":"<p>AGAPE har f\u00f6r n\u00e4rvarande\u00a0omkring 85 medarbetare som \u00e4r verksamma som pastorer, evangelister, l\u00e4rare och socialarbetare p\u00e5 ett flertal platser i norra Indien men \u00e4ven p\u00e5 andra platser runt omkring i Indien.<\/p>\n<p>Norra Indien \u00e4r ett mycket starkt religi\u00f6st hinduiskt omr\u00e5de och i Uttaranchal finns det endast cirka 0.5 % kristna. I staden Rishikesh, en av hinduismens heligaste platser, \u00e4r det enligt lag f\u00f6rbjudet att ha en kristen kyrka. Allt detta g\u00f6r att arbetet ofta \u00e4r h\u00e5rt och betungande. MEN -GUDS VERK G\u00c5R FRAM\u00c5T! Bland annat tack vare m\u00e5nga h\u00e4ngivna medarbetare och alla v\u00e4nner i b\u00e5de Sverige och i andra l\u00e4nder som ber och offrar f\u00f6r arbetet bland Gahrwals folk.<\/p>\n<p>Med hj\u00e4lp av v\u00e5r verksamhet bedriver vi \u00e4ven\u00a0olika sorters socialt arbete. De evangelister som finns utplacerade \u00e4gnar stora delar av sin tid till att hj\u00e4lpa m\u00e4nniskor med de behov som finns. Det finns olika typer av aktiviteter som hj\u00e4lper till att syssels\u00e4tta m\u00e4nniskor, exempelvis sycenter och l\u00e4srum.\u00a0Vi\u00a0s\u00e4nder \u00e4ven l\u00e4kare och levererar medicin till byar som har l\u00e5ngt till n\u00e5gon form av sjukv\u00e5rd. Det finns \u00e4ven planer p\u00e5 att starta upp en klinik i Vachans hemby, Bareth, som \u00e4r i starkt behov av sjukv\u00e5rd.<\/p>\n<p><b>L\u00c4GESKARTA \u00d6VER AGAPES ARBETE I INDIEN<\/b><\/p>\n<p>Agape bedriver arbete i sju olika delstater i Indien och Andamanerna, n\u00e5gra finns<br \/>\nutm\u00e4rkta p\u00e5 kartan nedan. Huvudarbetet finns norr om New Delhi:<\/p>\n<p><strong>Dehra Dun: <\/strong>Huvudkontor, familjen Bhandaris hem, bokshop och tr\u00e4ningscenter.<\/p>\n<p><strong>Rishekesh:<\/strong> Skolorna Prem Pathsala, Bareth, agape Mission School, evangelisation och sycenter.<\/p>\n<p><a href=\"http:\/\/www.svensk-indiskaagape-missionen.se\/wp-content\/uploads\/2015\/11\/karta.jpg\"><img loading=\"lazy\" decoding=\"async\" class=\"alignnone size-medium wp-image-25\" src=\"http:\/\/www.svensk-indiskaagape-missionen.se\/wp-content\/uploads\/2015\/11\/karta-288x300.jpg\" alt=\"karta\" width=\"288\" height=\"300\" srcset=\"http:\/\/www.svensk-indiskaagape-missionen.se\/wp-content\/uploads\/2015\/11\/karta-288x300.jpg 288w, http:\/\/www.svensk-indiskaagape-missionen.se\/wp-content\/uploads\/2015\/11\/karta.jpg 423w\" sizes=\"auto, (max-width: 288px) 100vw, 288px\" \/><\/a><\/p>\n<p style=\"text-align: left;\">VAR MED OCH ST\u00d6D V\u00c5R VERKSAMHET<\/p>\n<p style=\"text-align: left;\">Alla v\u00e5ra bidragsgivare f\u00e5r\u00a0v\u00e5rt nyhetsbrev d\u00e4r vi ger information om vad som h\u00e4nder i Indien. Nyhetsbrevet utkommer 4-5 g\u00e5nger\/r.<\/p>\n<p style=\"text-align: left;\">N\u00e5gra av v\u00e5ra underst\u00f6djare har valt att f\u00e5 v\u00e5rt nyhetsbrev via e-post. Om ni vill ha nyhetsbrev via brev eller e-post och hj\u00e4lpa oss dra ned portokostnaderna h\u00f6r av er till Thomas eller Jan.<\/p>\n<p style=\"text-align: left;\"><span style=\"color: #ff6600;\">thomas.fredholm@hotmail.com<\/span><\/p>\n<p style=\"text-align: left;\"><span style=\"color: #ff6600;\">jan.klehn@live.se<\/span><\/p>\n<p>Plusgiro: <b>65 57 97-9<\/b>\u00a0\u00a0\u00a0 Bankgiro: <b>735-2388<\/b><\/p>\n<p><b>Tack f\u00f6r\u00a0Din g\u00e5va!<\/b><br \/>\nDin g\u00e5va g\u00e5r oavkortat till arbetet i Indien. V\u00e5ra administrativa kostnader h\u00e5lls nere p\u00e5 minimal niv\u00e5 och alla i den svenska styrelsen arbetar ideellt.<\/p>\n","protected":false},"excerpt":{"rendered":"<p>AGAPE har f\u00f6r n\u00e4rvarande\u00a0omkring 85 medarbetare som \u00e4r verksamma som pastorer, evangelister, l\u00e4rare och socialarbetare p\u00e5 ett flertal platser i norra Indien men \u00e4ven p\u00e5 andra platser runt omkring i Indien. Norra Indien \u00e4r ett mycket starkt religi\u00f6st hinduiskt omr\u00e5de och i Uttaranchal finns det endast cirka 0.5 % kristna. I staden Rishikesh, en av &hellip; <a href=\"http:\/\/www.svensk-indiskaagape-missionen.se\/index.php\/vart-arbete\/\" class=\"more-link\">Forts\u00e4tt l\u00e4sa <span class=\"screen-reader-text\">V\u00e5rt arbete<\/span> <span class=\"meta-nav\">&rarr;<\/span><\/a><\/p>\n","protected":false},"author":1,"featured_media":0,"parent":0,"menu_order":3,"comment_status":"closed","ping_status":"closed","template":"","meta":{"ngg_post_thumbnail":0,"footnotes":""},"class_list":["post-13","page","type-page","status-publish","hentry"],"_links":{"self":[{"href":"http:\/\/www.svensk-indiskaagape-missionen.se\/index.php\/wp-json\/wp\/v2\/pages\/13","targetHints":{"allow":["GET"]}}],"collection":[{"href":"http:\/\/www.svensk-indiskaagape-missionen.se\/index.php\/wp-json\/wp\/v2\/pages"}],"about":[{"href":"http:\/\/www.svensk-indiskaagape-missionen.se\/index.php\/wp-json\/wp\/v2\/types\/page"}],"author":[{"embeddable":true,"href":"http:\/\/www.svensk-indiskaagape-missionen.se\/index.php\/wp-json\/wp\/v2\/users\/1"}],"replies":[{"embeddable":true,"href":"http:\/\/www.svensk-indiskaagape-missionen.se\/index.php\/wp-json\/wp\/v2\/comments?post=13"}],"version-history":[{"count":8,"href":"http:\/\/www.svensk-indiskaagape-missionen.se\/index.php\/wp-json\/wp\/v2\/pages\/13\/revisions"}],"predecessor-version":[{"id":119,"href":"http:\/\/www.svensk-indiskaagape-missionen.se\/index.php\/wp-json\/wp\/v2\/pages\/13\/revisions\/119"}],"wp:attachment":[{"href":"http:\/\/www.svensk-indiskaagape-missionen.se\/index.php\/wp-json\/wp\/v2\/media?parent=13"}],"curies":[{"name":"wp","href":"https:\/\/api.w.org\/{rel}","templated":true}]}}