{"id":121,"date":"2016-08-19T08:49:46","date_gmt":"2016-08-19T06:49:46","guid":{"rendered":"http:\/\/www.svensk-indiskaagape-missionen.se\/?page_id=121"},"modified":"2020-09-06T10:26:40","modified_gmt":"2020-09-06T08:26:40","slug":"nyhetsbrev-aug-2016","status":"publish","type":"page","link":"http:\/\/www.svensk-indiskaagape-missionen.se\/index.php\/arkiv\/arkiv-2016\/nyhetsbrev-aug-2016\/","title":{"rendered":"Nyhetsbrev-Aug.2016"},"content":{"rendered":"<p><span style=\"font-size: 20px;\"><strong>K\u00e4ra underst\u00f6djare!<a href=\"http:\/\/www.svensk-indiskaagape-missionen.se\/wp-content\/uploads\/2015\/11\/logo.jpg\"><img loading=\"lazy\" decoding=\"async\" class=\"size-full wp-image-24 alignleft\" src=\"http:\/\/www.svensk-indiskaagape-missionen.se\/wp-content\/uploads\/2015\/11\/logo.jpg\" alt=\"logo\" width=\"218\" height=\"221\" \/><\/a><\/strong><\/span><br \/>\nMed det h\u00e4r Nyhetsbrevet vill styrelsen f\u00f6r Svensk-Indiska<br \/>\nAgapemissionen tacka alla enskilda underst\u00f6djare samt<br \/>\nf\u00f6rsamlingar och grupper som st\u00e5r bakom arbetet.<br \/>\nI slutet av augusti v\u00e4ntas Vachan S Bhandari tillsammans med<br \/>\nsin hustru, Firoza, bes\u00f6ka Sverige under omkring en m\u00e5nad. De<br \/>\nbes\u00f6ker v\u00e4nner, underst\u00f6djare och f\u00f6rsamlingar i stora delar av s\u00f6dra Sverige med b\u00f6rjan\u00a0den 27 augusti i Hishult. Sista m\u00f6tet blir i Kortedala den 25 september. De kommer \u00e4ven\u00a0att delta i styrelsem\u00f6te den 26 september innan de \u00e5terv\u00e4nder till Indien.<br \/>\nHela programmet ser ut enligt f\u00f6ljande:<\/p>\n<p><strong>Vecka 35<\/strong><br \/>\nL\u00f6rdag 27\/8 kl 18.00 Tr\u00e5nget, Saron, Hishult<br \/>\nS\u00f6ndag kl 10.00 \u00c4lmhults Missionskyrka<br \/>\nkl 18.00 Pingstkyrkan, S\u00f6sdala<\/p>\n<p><strong>Vecka 36<\/strong><br \/>\nUnder vecka 36 bes\u00f6k p\u00e5 Erikshj\u00e4lpen<br \/>\nTorsdag 1\/9 kl 19.00 Pingstkyrkan, Marieholm<br \/>\nL\u00f6rdag 3\/9 kl 19.00 Filadelfia, Skillingaryd<br \/>\nS\u00f6ndag 4\/9 kl 10.00 Missionskyrkan, Hillerstorp<br \/>\nkl 17.00 Allianskyrkan, Furusj\u00f6, med S\u00e5ngarbr\u00f6derna<\/p>\n<p><strong>Vecka 37<\/strong><br \/>\nTorsdag 8\/9 kl 19.00 Missionskyrkan, Bockara<br \/>\nL\u00f6rdag 10\/9 kl 18.00 Filadelfia, Ljung-Annelund<br \/>\nS\u00f6ndag 11\/9 kl 10.00 Missionskyrkan, Vrigstad<br \/>\nkl 18.00 Gamla Hj\u00e4lmseryd<\/p>\n<p><strong>Vecka 38<\/strong><br \/>\nTisdag 11\/9 kl 19.00 Pingstkyrkan, Sandhem<br \/>\nOnsdag 12\/9 kl 19.00 Filadelfia, Dalum<br \/>\nTorsdag 15\/9 kl 19.00 Korskyrkan, \u00c5sarp<br \/>\nFredag 16\/9 kl 19.00 Betania, Anten<br \/>\nL\u00f6rdag 17\/9 kl 18.00 Ringsbacken<br \/>\nS\u00f6ndag 18\/9 kl 10.30 Pingstkyrkan, Lugn\u00e5s<br \/>\nkl 18.00 Filadelfia, Forshem<\/p>\n<p><strong>Vecka 39<\/strong><br \/>\nTisdag 20\/9 kl 11.00 Lidk\u00f6ping, grupp<br \/>\nkl 19.00 Filadelfia, \u00c4lgar\u00e5s<br \/>\nOnsdag 21\/9 kl 18.00 Mariestad (styrelsen)<br \/>\nTorsdag 22\/9 kl 19.00 Allianskyrkan, Falk\u00f6ping<br \/>\nFredag 23\/9 kl18.00 Salem, Larv (Indienkv\u00e4ll)<br \/>\nL\u00f6rdag 24\/9 kl 19.00 Trang\u00e4rdets Missionshus<br \/>\nS\u00f6ndag 25\/9 kl 11.00 Kortedala B\u00f6necenter<\/p>\n<p><strong>Vecka 40<\/strong><br \/>\nM\u00e5ndag 26\/9 kl 12.00 Agapestyrelsen, Tr\u00e4det<br \/>\nTisdag 27\/9 Hemresa fr\u00e5n Landvetter<\/p>\n<p>Vi uppmanar alla intresserade att bes\u00f6ka n\u00e5gon eller n\u00e5gra av samlingarna i din n\u00e4rhet. Vi\u00a0hoppas ocks\u00e5 p\u00e5 ert fortsatta st\u00f6d i b\u00f6n och offer.<\/p>\n<p><strong>Varma h\u00e4lsningar fr\u00e5n Styrelsen f\u00f6r Svensk-Indiska Agapemissionen<\/strong><\/p>\n<p><span style=\"font-size: 20px;\"><strong>AGAPE NYHETSBREV AUGUSTI 2016<\/strong><\/span><\/p>\n<p><span style=\"font-size: 20px;\"><strong><a href=\"http:\/\/www.svensk-indiskaagape-missionen.se\/wp-content\/uploads\/2016\/08\/Vachan.jpg\"><img loading=\"lazy\" decoding=\"async\" class=\" wp-image-122 alignleft\" src=\"http:\/\/www.svensk-indiskaagape-missionen.se\/wp-content\/uploads\/2016\/08\/Vachan.jpg\" alt=\"Vachan\" width=\"292\" height=\"219\" srcset=\"http:\/\/www.svensk-indiskaagape-missionen.se\/wp-content\/uploads\/2016\/08\/Vachan.jpg 710w, http:\/\/www.svensk-indiskaagape-missionen.se\/wp-content\/uploads\/2016\/08\/Vachan-300x225.jpg 300w\" sizes=\"auto, (max-width: 292px) 100vw, 292px\" \/><\/a>Nytt bes\u00f6k med\u00a0stora f\u00f6rv\u00e4ntningar<\/strong><\/span><br \/>\nVachan och Firoza ber\u00e4ttar\u00a0att de f\u00f6rv\u00e4ntar sig en hel\u00a0del av bes\u00f6ket i Sverige den\u00a0h\u00e4r g\u00e5ngen.<\/p>\n<p>Det \u00e4r ocks\u00e5\u00a0omkring tio \u00e5r sedan Firoza\u00a0varit med p\u00e5 en resa till\u00a0Sverige.<br \/>\nF\u00f6rst och fr\u00e4mst ser de fram\u00a0emot att tr\u00e4ffa och bes\u00f6ka\u00a0gamla v\u00e4nner samt ha en\u00a0meningsfull gemenskap\u00a0med dem.<br \/>\nMen de hoppas ocks\u00e5 f\u00e5\u00a0nya v\u00e4nner som de kan\u00a0skapa hj\u00e4rtliga relationer till i syfte att st\u00f6dja det p\u00e5g\u00e5ende arbetet med Agape i Indien.<\/p>\n<p><span style=\"font-size: 20px;\"><strong>Ha roligt<\/strong><\/span><br \/>\n\u201dVi \u00f6nskar ocks\u00e5 bes\u00f6ka platser och f\u00f6rsamlingar vi tidigare bes\u00f6kt f\u00f6r att dela med oss\u00a0om arbetet och f\u00f6rhoppningsvis f\u00e5 \u00e4nnu mera st\u00f6d och f\u00f6rb\u00f6ner f\u00f6r Agape Indien\u201d,\u00a0f\u00f6rklarar Vachan.<br \/>\nDessutom vill de, om m\u00f6jligt, bes\u00f6ka nya platser, f\u00f6rsamlingar eller grupper de aldrig m\u00f6tt\u00a0tidigare och g\u00f6ra dem uppm\u00e4rksamma p\u00e5 arbetet med AGAPE och d\u00e4rmed \u00f6ka st\u00f6det och\u00a0f\u00f6rb\u00f6nerna ytterligare.<br \/>\n\u201dSlutligen hoppas vi p\u00e5 att f\u00e5 ha roligt i gemenskapen med v\u00e5ra br\u00f6der och systrar i tron\u00a0samt njuta av sk\u00f6nheten i naturen och g\u00e4stfriheten i Sverige\u201d, s\u00e4ger Vachan.<br \/>\n<span style=\"font-size: 20px;\"><strong>Nya projekt<\/strong><\/span><br \/>\nDet h\u00e4r Nyhetsbrevet inneh\u00e5ller inga rapporter om arbetet med AGAPE i Indien. Ist\u00e4llet\u00a0t\u00e4nker Vachan och Firoza dela med sig av detta personligen under bes\u00f6ket. De kommer\u00a0d\u00e5 att ber\u00e4tta om de olika projekten och behoven.<br \/>\n\u201dVi vill \u00e4ven ber\u00e4tta om planerna p\u00e5 ett nytt center till Guds \u00e4ra dit m\u00e4nniskor kan komma\u00a0och finna vila f\u00f6r b\u00e5de sj\u00e4l och kropp. \u00c4ven ett nytt center f\u00f6r beh\u00f6vande barn och deras\u00a0utbildning \u00e4r n\u00e5got vi vill informera om, framh\u00e5ller Vachan.<br \/>\nI samlingarna kommer ocks\u00e5 Firoza att under n\u00e5gra minuter ber\u00e4tta om sin egen h\u00e4lsa\u00a0samt all hj\u00e4lp hon f\u00e5tt fr\u00e5n Herren tack vare alla f\u00f6rb\u00f6ner under det senaste \u00e5ret.<\/p>\n<p>www.svensk-indiskaagape-missionen.se<br \/>\nPlusgiro: 655797-9,<br \/>\nBankgiro: 735-2388<\/p>\n","protected":false},"excerpt":{"rendered":"<p>K\u00e4ra underst\u00f6djare! Med det h\u00e4r Nyhetsbrevet vill styrelsen f\u00f6r Svensk-Indiska Agapemissionen tacka alla enskilda underst\u00f6djare samt f\u00f6rsamlingar och grupper som st\u00e5r bakom arbetet. I slutet av augusti v\u00e4ntas Vachan S Bhandari tillsammans med sin hustru, Firoza, bes\u00f6ka Sverige under omkring en m\u00e5nad. De bes\u00f6ker v\u00e4nner, underst\u00f6djare och f\u00f6rsamlingar i stora delar av s\u00f6dra Sverige med &hellip; <a href=\"http:\/\/www.svensk-indiskaagape-missionen.se\/index.php\/arkiv\/arkiv-2016\/nyhetsbrev-aug-2016\/\" class=\"more-link\">Forts\u00e4tt l\u00e4sa <span class=\"screen-reader-text\">Nyhetsbrev-Aug.2016<\/span> <span class=\"meta-nav\">&rarr;<\/span><\/a><\/p>\n","protected":false},"author":1,"featured_media":0,"parent":439,"menu_order":0,"comment_status":"closed","ping_status":"closed","template":"page-templates\/full-width.php","meta":{"ngg_post_thumbnail":0,"footnotes":""},"class_list":["post-121","page","type-page","status-publish","hentry"],"_links":{"self":[{"href":"http:\/\/www.svensk-indiskaagape-missionen.se\/index.php\/wp-json\/wp\/v2\/pages\/121","targetHints":{"allow":["GET"]}}],"collection":[{"href":"http:\/\/www.svensk-indiskaagape-missionen.se\/index.php\/wp-json\/wp\/v2\/pages"}],"about":[{"href":"http:\/\/www.svensk-indiskaagape-missionen.se\/index.php\/wp-json\/wp\/v2\/types\/page"}],"author":[{"embeddable":true,"href":"http:\/\/www.svensk-indiskaagape-missionen.se\/index.php\/wp-json\/wp\/v2\/users\/1"}],"replies":[{"embeddable":true,"href":"http:\/\/www.svensk-indiskaagape-missionen.se\/index.php\/wp-json\/wp\/v2\/comments?post=121"}],"version-history":[{"count":2,"href":"http:\/\/www.svensk-indiskaagape-missionen.se\/index.php\/wp-json\/wp\/v2\/pages\/121\/revisions"}],"predecessor-version":[{"id":126,"href":"http:\/\/www.svensk-indiskaagape-missionen.se\/index.php\/wp-json\/wp\/v2\/pages\/121\/revisions\/126"}],"up":[{"embeddable":true,"href":"http:\/\/www.svensk-indiskaagape-missionen.se\/index.php\/wp-json\/wp\/v2\/pages\/439"}],"wp:attachment":[{"href":"http:\/\/www.svensk-indiskaagape-missionen.se\/index.php\/wp-json\/wp\/v2\/media?parent=121"}],"curies":[{"name":"wp","href":"https:\/\/api.w.org\/{rel}","templated":true}]}}