{"id":105,"date":"2016-05-14T12:07:33","date_gmt":"2016-05-14T10:07:33","guid":{"rendered":"http:\/\/www.svensk-indiskaagape-missionen.se\/?page_id=105"},"modified":"2020-09-06T10:23:49","modified_gmt":"2020-09-06T08:23:49","slug":"nyhetsbrev-maj-2016","status":"publish","type":"page","link":"http:\/\/www.svensk-indiskaagape-missionen.se\/index.php\/arkiv\/arkiv-2016\/nyhetsbrev-maj-2016\/","title":{"rendered":"Nyhetsbrev maj 2016"},"content":{"rendered":"<p>AGAPE NYHETSBREV MAJ 2016<\/p>\n<p>H\u00e4lsning fr\u00e5n \u00c5rsm\u00f6tet i Vrigstad!<br \/>\nSvensk-Indiska Agapemissionen h\u00f6ll \u00e5rsm\u00f6te i Vrigstad den 24 april<br \/>\n2016 och s\u00e4nder h\u00e4r en h\u00e4lsning till alla underst\u00f6djare. Arbetet fortg\u00e5r<br \/>\noch utvecklas p\u00e5 ett mycket fint s\u00e4tt. Vi vill ocks\u00e5 tacka alla som p\u00e5<br \/>\nolika s\u00e4tt st\u00f6djer arbetet i Indien. Samtidigt vill vi p\u00e5minna om att<br \/>\nVachan S Bhandari med fru Firoza \u00e4r inbjudna till Sverige och v\u00e4ntas<br \/>\nkomma i slutet av augusti. Vi bokar just nu f\u00f6r fullt m\u00f6ten p\u00e5 olika h\u00e5ll under bes\u00f6ket som vi ser<br \/>\nfram emot. Kanske blir det ett bes\u00f6k i just den f\u00f6rsamling du tillh\u00f6r?<br \/>\nMed detta vill vi \u00f6nska alla allt gott samt Guds rika v\u00e4lsignelse. Behoven \u00e4r fortsatt stora och vi \u00e4r<br \/>\nd\u00e4rf\u00f6r tacksamma f\u00f6r Ditt st\u00f6d.<br \/>\nVarma h\u00e4lsningar Styrelsen<\/p>\n<p>K\u00e4ra v\u00e4nner till Agape-Indien!<br \/>\nH\u00e4lsningar i Jesu namn fr\u00e5n Agape-Indien Familjen.<br \/>\nVi har bett att familjer ska bli \u00e5teruppr\u00e4ttade f\u00f6r Guds verk och vi k\u00e4nner att Herren manar familjer<br \/>\natt s\u00f6ka hans ansikte f\u00f6r detta syfte. Jag ser i min ande att familjegrunden nu \u00e5teruppbyggs i Jesu<br \/>\nnamn.<br \/>\nH\u00e4r i AGAPE-Indien familjen upplever vi ocks\u00e5 att Herren uppbygger oss genom Den helige Ande.<br \/>\nTrots alla sv\u00e5righeter och problem, ser vi Hans verk i och genom oss. Alla \u00e4ra till Gud fadern<br \/>\ngenom hans son Jesus!<br \/>\n<strong>H\u00e4r f\u00f6ljer n\u00e5gra kortfattade nyheter fr\u00e5n olika AGAPE projekt.<\/strong><\/p>\n<p><strong>AGAPE Mission school<\/strong><br \/>\nI mars var 38 elever klara f\u00f6r sin \u201dAll India\u201d examen. Vi prisar Herren som l\u00e5tit oss utbilda dem\u00a0under de 11-12 \u00e5r de varit hos oss. Deras resultat v\u00e4ntas klara i dagarna och vi hoppas p\u00e5 det\u00a0b\u00e4sta.<br \/>\nDen nya terminen b\u00f6rjade 4 april. Omkring 40 nya antogs till olika klasser, de flesta dock i f\u00f6rskola\u00a0och dagis.<br \/>\nS\u00e5v\u00e4l Agape Mission School och Prem Pathshala st\u00e4nger f\u00f6r semester fr\u00e5n tredje veckan i maj till\u00a0f\u00f6rsta veckan i juli.<br \/>\nN\u00e5gra av v\u00e5ra fina l\u00e4rare har l\u00e4mnat oss av familjesk\u00e4l eller f\u00f6r b\u00e4ttre m\u00f6jligheter. D\u00e4rf\u00f6r beh\u00f6ver\u00a0vi nu n\u00e5gra goda kristna l\u00e4rare.<br \/>\n<strong>Prem Pathshala<\/strong><br \/>\nUnder mars m\u00e5nad var det \u00e4ven examen f\u00f6r elever i Prem Pathshala och den nya terminen\u00a0b\u00f6rjade samma tid d\u00e4r. N\u00e5gra nya elever har ocks\u00e5 tillkommit. V\u00e5ra planer att starta en Engelsk\u00a0medium utbildning p\u00e5 den skolan g\u00e5r vidare. Vi ber att detta ska bli m\u00f6jligt s\u00e5 snart som m\u00f6jligt f\u00f6r\u00a0dessa beh\u00f6vande under priviligierade barn.<br \/>\nAgapes program f\u00f6r barnomsorg\u00a0Brinnande b\u00f6ner beh\u00f6vs f\u00f6r detta program som tillgodoser behoven hos 280 barn varje dag.<br \/>\nGenom barnen n\u00e5s familjerna ocks\u00e5 med Kristi k\u00e4rlek.<br \/>\n<strong>Skolan i Bareth<\/strong><br \/>\nArbetet i Bareth forts\u00e4tter och g\u00f6r intryck p\u00e5 hela samh\u00e4llet. Inom kort ska vi ha ett sommarl\u00e4ger\u00a0f\u00f6r barn och unga i byn.<br \/>\nEn del reparationer och underh\u00e5ll p\u00e5g\u00e5r p\u00e5 centret. Men p\u00e5 grund av bristande ekonomi avvaktar\u00a0vi med det planerade nya k\u00f6ket d\u00e4r.<\/p>\n<p><strong>F\u00e4ltarbete<\/strong><br \/>\nI slutet av mars och b\u00f6rjan av april genomf\u00f6rdes snabba bes\u00f6k p\u00e5 flera platser. Bland annat\u00a0bes\u00f6ktes Banbassa, Bhood, Maholiya, Faizullaganj, Mailani, Ranjeetpur och Majhla.<br \/>\nEvangelium sprids och samh\u00e4llens behov av f\u00f6r\u00e4ndring genom utvecklande projekt m\u00e4rktes i flera\u00a0grupper. Vi kommer d\u00e4rf\u00f6r snart att starta utvecklingscentra p\u00e5 dessa platser.<br \/>\nF\u00f6r att det ska lyckas genomf\u00f6rdes tr\u00e4ningsseminarier f\u00f6r 12 utvalda medarbetare i slutet av april\u00a0m\u00e5nad i hallen p\u00e5 Prem Pathshala i Rishikesh. Om Gud vill kommer vi snart att starta dessa<br \/>\ncentra. Det beh\u00f6vs medel f\u00f6r varje plats och vi r\u00e4knar med att Gud och hans heliga ska f\u00f6rse oss.<br \/>\nBe f\u00f6r detta arbete. Tack.<br \/>\n<strong>Nyheter fr\u00e5n familjen Bhandari<\/strong><br \/>\nEn kortare sjukdomsattack har h\u00e4rjat inom familjen. Vikrant blev inlagd f\u00f6r problem med sin mage\u00a0och har f\u00e5tt behandling under fyra veckor. Vidush gick igenom en del allvarlig sm\u00e4rta i v\u00e4nstra sida<br \/>\nav br\u00f6stet. \u00c4ven han fick \u00e5ka till sjukhuset och behandlades f\u00f6r muskelbristningar.<br \/>\nFiroza drabbades av sm\u00e4rta i sitt v\u00e4nstra \u00f6ra som kr\u00e4vde sjukhusv\u00e5rd. \u00c4ven jag fick min besk\u00e4rda del\u00a0av buksm\u00e4rtor och blev inlagd. Jag kunde varken \u00e4ta eller dricka.<br \/>\nVi tror, ut\u00f6ver sataniska attacker, s\u00e5 var dessa h\u00e4lsoproblem en l\u00e4rdom f\u00f6r oss att komma n\u00e4rmare\u00a0den Store L\u00e4karen, v\u00e5r helare Gud!<br \/>\n<strong>Gudstj\u00e4nstgemenskap<\/strong><br \/>\nGemenskapen i Dehra Dun, Rishikesh och andra platser forts\u00e4tter och \u00e4r en k\u00e4lla till v\u00e4lsignelse\u00a0f\u00f6r alla som delar gemenskapen med oss. De v\u00e4xer till i kunskapen om Guds Ord genom hans\u00a0n\u00e5d. De troende forts\u00e4tter att ta emot fysiskt helande och andliga v\u00e4lsignelser.<br \/>\n<em><strong>Tack s\u00e5 mycket f\u00f6r era f\u00f6rb\u00f6ner!<\/strong><\/em><br \/>\n<strong>Skogsbr\u00e4nder<\/strong><br \/>\nV\u00e4ldiga skogsbr\u00e4der h\u00e4rjar staten Uttarakhand, min hemstat, de senaste veckorna (under april\/maj) och vi ber om innerliga f\u00f6rb\u00f6ner. 60 procent av Uttarakhand utg\u00f6rs av skog och 40 procent av<br \/>\nskogen p\u00e5verkas av br\u00e4nderna.<br \/>\nArm\u00e9n, flygvapnet, Styrkan f\u00f6r nationella katastrofer, Delstatsregeringen och skogsarbetare &#8211; ett\u00a0starkt team p\u00e5 runt 6000 man arbetar f\u00f6r att sl\u00e4cka br\u00e4nderna. De lyckas till viss del men\u00a0br\u00e4nderna har p\u00e5verkat omkring 1500 byar n\u00e4ra skogen liksom vilda djur, turismen och statens\u00a0ekonomi.<br \/>\nSju d\u00f6dsoffer har rapporterats hittills och \u00e5tskilliga har skadats. R\u00f6k och smog t\u00e4cker stora delar av\u00a0staten. Vi beh\u00f6ver regn som kan d\u00e4mpa br\u00e4nderna. Ta med min stat i era f\u00f6rb\u00f6ner.<br \/>\nTack.<br \/>\nTack \u00e4n en g\u00e5ng f\u00f6r Er k\u00e4rleksfulla uppmuntran, fortsatta b\u00f6ner och gener\u00f6sa st\u00f6d.<br \/>\n<strong>Gud v\u00e4lsigna Er alla.<\/strong><br \/>\n<strong>Er broder i Jesus Kristus<\/strong><br \/>\n<strong>Vachan<\/strong><\/p>\n","protected":false},"excerpt":{"rendered":"<p>AGAPE NYHETSBREV MAJ 2016 H\u00e4lsning fr\u00e5n \u00c5rsm\u00f6tet i Vrigstad! Svensk-Indiska Agapemissionen h\u00f6ll \u00e5rsm\u00f6te i Vrigstad den 24 april 2016 och s\u00e4nder h\u00e4r en h\u00e4lsning till alla underst\u00f6djare. Arbetet fortg\u00e5r och utvecklas p\u00e5 ett mycket fint s\u00e4tt. Vi vill ocks\u00e5 tacka alla som p\u00e5 olika s\u00e4tt st\u00f6djer arbetet i Indien. Samtidigt vill vi p\u00e5minna om att &hellip; <a href=\"http:\/\/www.svensk-indiskaagape-missionen.se\/index.php\/arkiv\/arkiv-2016\/nyhetsbrev-maj-2016\/\" class=\"more-link\">Forts\u00e4tt l\u00e4sa <span class=\"screen-reader-text\">Nyhetsbrev maj 2016<\/span> <span class=\"meta-nav\">&rarr;<\/span><\/a><\/p>\n","protected":false},"author":1,"featured_media":0,"parent":439,"menu_order":0,"comment_status":"closed","ping_status":"closed","template":"","meta":{"ngg_post_thumbnail":0,"footnotes":""},"class_list":["post-105","page","type-page","status-publish","hentry"],"_links":{"self":[{"href":"http:\/\/www.svensk-indiskaagape-missionen.se\/index.php\/wp-json\/wp\/v2\/pages\/105","targetHints":{"allow":["GET"]}}],"collection":[{"href":"http:\/\/www.svensk-indiskaagape-missionen.se\/index.php\/wp-json\/wp\/v2\/pages"}],"about":[{"href":"http:\/\/www.svensk-indiskaagape-missionen.se\/index.php\/wp-json\/wp\/v2\/types\/page"}],"author":[{"embeddable":true,"href":"http:\/\/www.svensk-indiskaagape-missionen.se\/index.php\/wp-json\/wp\/v2\/users\/1"}],"replies":[{"embeddable":true,"href":"http:\/\/www.svensk-indiskaagape-missionen.se\/index.php\/wp-json\/wp\/v2\/comments?post=105"}],"version-history":[{"count":3,"href":"http:\/\/www.svensk-indiskaagape-missionen.se\/index.php\/wp-json\/wp\/v2\/pages\/105\/revisions"}],"predecessor-version":[{"id":111,"href":"http:\/\/www.svensk-indiskaagape-missionen.se\/index.php\/wp-json\/wp\/v2\/pages\/105\/revisions\/111"}],"up":[{"embeddable":true,"href":"http:\/\/www.svensk-indiskaagape-missionen.se\/index.php\/wp-json\/wp\/v2\/pages\/439"}],"wp:attachment":[{"href":"http:\/\/www.svensk-indiskaagape-missionen.se\/index.php\/wp-json\/wp\/v2\/media?parent=105"}],"curies":[{"name":"wp","href":"https:\/\/api.w.org\/{rel}","templated":true}]}}