{"id":100,"date":"2016-05-01T11:41:49","date_gmt":"2016-05-01T09:41:49","guid":{"rendered":"http:\/\/www.svensk-indiskaagape-missionen.se\/?page_id=100"},"modified":"2017-11-23T21:19:21","modified_gmt":"2017-11-23T20:19:21","slug":"socialt-arbete","status":"publish","type":"page","link":"http:\/\/www.svensk-indiskaagape-missionen.se\/index.php\/socialt-arbete\/","title":{"rendered":"Socialt arbete"},"content":{"rendered":"<h3>Hj\u00e4lp d\u00e4r behoven finns<\/h3>\n<p>&nbsp;<\/p>\n<p><a href=\"http:\/\/www.svensk-indiskaagape-missionen.se\/wp-content\/uploads\/2016\/05\/Bild8.png\"><img loading=\"lazy\" decoding=\"async\" class=\"alignnone size-large wp-image-101\" src=\"http:\/\/www.svensk-indiskaagape-missionen.se\/wp-content\/uploads\/2016\/05\/Bild8-1024x680.png\" alt=\"Bild8\" width=\"474\" height=\"315\" srcset=\"http:\/\/www.svensk-indiskaagape-missionen.se\/wp-content\/uploads\/2016\/05\/Bild8-1024x680.png 1024w, http:\/\/www.svensk-indiskaagape-missionen.se\/wp-content\/uploads\/2016\/05\/Bild8-300x199.png 300w, http:\/\/www.svensk-indiskaagape-missionen.se\/wp-content\/uploads\/2016\/05\/Bild8-768x510.png 768w, http:\/\/www.svensk-indiskaagape-missionen.se\/wp-content\/uploads\/2016\/05\/Bild8.png 1704w\" sizes=\"auto, (max-width: 474px) 100vw, 474px\" \/><\/a><\/p>\n<p>En fattig kvinna i Rishikesh v\u00e4djar om hj\u00e4lp.<\/p>\n<p>Det h\u00e4r kan du hj\u00e4lpa till med<br \/>\nAgape bedriver olika sorters socialt arbete. De medarbetare som finns utplacerade \u00e4gnar stora delar av sin tid till att hj\u00e4lpa m\u00e4nniskor med de behov som finns. Olika typer av aktiviteter finns som hj\u00e4lper till att syssels\u00e4tta m\u00e4nniskor, exempelvis sycenter och l\u00e4srum. \u201dPearl Fellowship\u201d &#8211; P\u00e4rlans Gemenskap \u00e4r ett&nbsp; arbete som syftar till att uppr\u00e4tta och hj\u00e4lpa kvinnor i det indiska samh\u00e4llet. Arbetet leds av Saroja Bhandari och kvinnorna samlas p\u00e5 l\u00f6rdagar f\u00f6r att dela gemenskap, studera bibeln samt att be. \u00c4ven de beh\u00f6vande tas om hand. Agape s\u00e4nder \u00e4ven l\u00e4kare och levererar medicin till byar som har l\u00e5ngt till n\u00e5gon form av sjukv\u00e5rd.<\/p>\n<p>Var med och st\u00f6d Agape i de planer som finns f\u00f6r sjukv\u00e5rdssatsningar och andra sociala insatser f\u00f6r de fattiga i norra Indien.<\/p>\n","protected":false},"excerpt":{"rendered":"<p>Hj\u00e4lp d\u00e4r behoven finns &nbsp; En fattig kvinna i Rishikesh v\u00e4djar om hj\u00e4lp. Det h\u00e4r kan du hj\u00e4lpa till med Agape bedriver olika sorters socialt arbete. De medarbetare som finns utplacerade \u00e4gnar stora delar av sin tid till att hj\u00e4lpa m\u00e4nniskor med de behov som finns. Olika typer av aktiviteter finns som hj\u00e4lper till att &hellip; <a href=\"http:\/\/www.svensk-indiskaagape-missionen.se\/index.php\/socialt-arbete\/\" class=\"more-link\">Forts\u00e4tt l\u00e4sa <span class=\"screen-reader-text\">Socialt arbete<\/span> <span class=\"meta-nav\">&rarr;<\/span><\/a><\/p>\n","protected":false},"author":1,"featured_media":0,"parent":0,"menu_order":5,"comment_status":"closed","ping_status":"closed","template":"","meta":{"ngg_post_thumbnail":0,"footnotes":""},"class_list":["post-100","page","type-page","status-publish","hentry"],"_links":{"self":[{"href":"http:\/\/www.svensk-indiskaagape-missionen.se\/index.php\/wp-json\/wp\/v2\/pages\/100","targetHints":{"allow":["GET"]}}],"collection":[{"href":"http:\/\/www.svensk-indiskaagape-missionen.se\/index.php\/wp-json\/wp\/v2\/pages"}],"about":[{"href":"http:\/\/www.svensk-indiskaagape-missionen.se\/index.php\/wp-json\/wp\/v2\/types\/page"}],"author":[{"embeddable":true,"href":"http:\/\/www.svensk-indiskaagape-missionen.se\/index.php\/wp-json\/wp\/v2\/users\/1"}],"replies":[{"embeddable":true,"href":"http:\/\/www.svensk-indiskaagape-missionen.se\/index.php\/wp-json\/wp\/v2\/comments?post=100"}],"version-history":[{"count":2,"href":"http:\/\/www.svensk-indiskaagape-missionen.se\/index.php\/wp-json\/wp\/v2\/pages\/100\/revisions"}],"predecessor-version":[{"id":177,"href":"http:\/\/www.svensk-indiskaagape-missionen.se\/index.php\/wp-json\/wp\/v2\/pages\/100\/revisions\/177"}],"wp:attachment":[{"href":"http:\/\/www.svensk-indiskaagape-missionen.se\/index.php\/wp-json\/wp\/v2\/media?parent=100"}],"curies":[{"name":"wp","href":"https:\/\/api.w.org\/{rel}","templated":true}]}}